{"id":237813,"date":"2025-03-05T12:53:52","date_gmt":"2025-03-05T12:53:52","guid":{"rendered":"https:\/\/carnevalesanremo.it\/?page_id=237813"},"modified":"2026-02-16T10:36:52","modified_gmt":"2026-02-16T10:36:52","slug":"sanremo-blumenfestival","status":"publish","type":"page","link":"https:\/\/carnevalesanremo.it\/de\/sanremo-blumenfestival\/","title":{"rendered":"Sanremo Blumenfestival 2026"},"content":{"rendered":"<p>[et_pb_section fb_built=&#8220;1&#8243; fullwidth=&#8220;on&#8220; _builder_version=&#8220;4.17.4&#8243; _module_preset=&#8220;default&#8220; locked=&#8220;off&#8220; global_colors_info=&#8220;{}&#8220;][et_pb_fullwidth_slider _builder_version=&#8220;4.22.0&#8243; _module_preset=&#8220;default&#8220; global_colors_info=&#8220;{}&#8220;][et_pb_slide heading=&#8220;Sanremo Blumenfestival 2025&#8243; _builder_version=&#8220;4.22.0&#8243; _module_preset=&#8220;default&#8220; background_image=&#8220;https:\/\/carnevalesanremo.it\/wp-content\/uploads\/2025\/03\/fiori.jpg&#8220; background_enable_image=&#8220;on&#8220; global_colors_info=&#8220;{}&#8220; sticky_transition=&#8220;on&#8220;][\/et_pb_slide][\/et_pb_fullwidth_slider][\/et_pb_section][et_pb_section fb_built=&#8220;1&#8243; _builder_version=&#8220;4.16&#8243; locked=&#8220;off&#8220; global_colors_info=&#8220;{}&#8220;][et_pb_row _builder_version=&#8220;4.16&#8243; background_size=&#8220;initial&#8220; background_position=&#8220;top_left&#8220; background_repeat=&#8220;repeat&#8220; global_colors_info=&#8220;{}&#8220;][et_pb_column type=&#8220;4_4&#8243; _builder_version=&#8220;4.16&#8243; custom_padding=&#8220;|||&#8220; global_colors_info=&#8220;{}&#8220; custom_padding__hover=&#8220;|||&#8220;][et_pb_text _builder_version=&#8220;4.22.0&#8243; background_size=&#8220;initial&#8220; background_position=&#8220;top_left&#8220; background_repeat=&#8220;repeat&#8220; hover_enabled=&#8220;0&#8243; global_colors_info=&#8220;{}&#8220; sticky_enabled=&#8220;0&#8243;]<\/p>\n<h2 data-pm-slice=\"1 1 []\">Das komplette Programm des am meisten erwarteten Blumenereignisses des Jahres<\/h2>\n<p data-pm-slice=\"1 1 []\">Das Sanremo Blumenfestival kehrt vom 13. bis 16. M\u00e4rz 2025 mit einem umfangreichen Programm aus Veranstaltungen, Ausstellungen und Shows zur\u00fcck, die der Blumenwelt gewidmet sind. Eine einzigartige Gelegenheit, in die Sch\u00f6nheit der Natur einzutauchen, mit k\u00fcnstlerischen Installationen, Ausstellungen, Konzerten und der traditionellen Parade der Blumenwagen.<\/p>\n<h3>Programm<\/h3>\n<p data-pm-slice=\"1 1 []\"><strong>Mittwoch, 25. M\u00e4rz<\/strong><\/p>\n<ul>\n<li><strong data-start=\"5565\" data-end=\"5578\">17:00 Uhr<\/strong> \u2013 Er\u00f6ffnung der Fotoausstellung \u201eMetaflora \u2013 Die Blume und das Absurde\u201c in der Galleria Arte della Pigna (bis 19. April ge\u00f6ffnet).<\/li>\n<\/ul>\n<p data-pm-slice=\"1 1 []\"><strong>Donnerstag, 26. M\u00e4rz<\/strong><\/p>\n<ul>\n<li><strong data-start=\"5743\" data-end=\"5756\">09:00 Uhr<\/strong> \u2013 Er\u00f6ffnung der Ausstellung \u201eVon den \u00c4gyptern bis Sanremo: Blumen und D\u00fcfte in der Geschichte\u201c im Forte di Santa Tecla (Eintritt kostenpflichtig).<\/li>\n<li><strong data-start=\"5906\" data-end=\"5919\">09:00 Uhr<\/strong> \u2013 Er\u00f6ffnung des \u201eHauses der Blumen\u201c im Stadtmuseum.<\/li>\n<li><strong data-start=\"5974\" data-end=\"5993\">09:00\u201318:00 Uhr<\/strong> \u2013 Ausstellung \u201eMetaflora\u201c.<\/li>\n<li><strong data-start=\"6023\" data-end=\"6036\">10:00 Uhr<\/strong> \u2013 Offizielle Er\u00f6ffnung des Blumenfestivals, Piazza Borea d\u2019Olmo.<\/li>\n<li><strong data-start=\"6104\" data-end=\"6117\">10:00 Uhr<\/strong> \u2013 Gef\u00fchrte Besichtigung der historischen Brunnen (Start Piazza Nota).<\/li>\n<li><strong data-start=\"6190\" data-end=\"6209\">10:00\u201312:00 Uhr<\/strong> \u2013 Workshop f\u00fcr florale Kunst.<\/li>\n<li><strong data-start=\"6242\" data-end=\"6255\">14:00 Uhr<\/strong> \u2013 Gef\u00fchrte Besichtigung.<\/li>\n<li><strong data-start=\"6283\" data-end=\"6302\">14:30\u201316:30 Uhr<\/strong> \u2013 Workshop zum Flechten von Palmbl\u00e4ttern (\u201eparmureli\u201c).<\/li>\n<li><strong data-start=\"6361\" data-end=\"6380\">16:30\u201317:30 Uhr<\/strong> \u2013 Vortrag \u00fcber mediterrane Palmen.<\/li>\n<li><strong data-start=\"6418\" data-end=\"6431\">17:00 Uhr<\/strong> \u2013 Filmvorf\u00fchrung \u201eCartas de Calvino\u201c.<\/li>\n<\/ul>\n<p data-pm-slice=\"1 1 []\"><strong>Freitag, 27. M\u00e4rz<\/strong><\/p>\n<ul>\n<li><strong data-start=\"6500\" data-end=\"6516\">Ab 08:00 Uhr<\/strong> \u2013 Beginn der Installation der Infiorata von Spello, Piazza Nota.<\/li>\n<li><strong data-start=\"6584\" data-end=\"6603\">09:00\u201319:00 Uhr<\/strong> \u2013 \u00d6ffnung der Ausstellungen.<\/li>\n<li><strong data-start=\"6635\" data-end=\"6648\">10:00 Uhr<\/strong> \u2013 Gef\u00fchrte Besichtigung der historischen Brunnen.<\/li>\n<li><strong data-start=\"6701\" data-end=\"6720\">10:00\u201312:00 Uhr<\/strong> \u2013 Workshop f\u00fcr florale Kunst.<\/li>\n<li><strong data-start=\"6753\" data-end=\"6766\">14:00 Uhr<\/strong> \u2013 Gef\u00fchrte Besichtigung.<\/li>\n<li><strong data-start=\"6794\" data-end=\"6807\">14:30 Uhr<\/strong> \u2013 Internationale Konferenz Union Fleurs \u201eDie Blume der Zukunft\u201c.<\/li>\n<li><strong data-start=\"6875\" data-end=\"6894\">14:30\u201316:30 Uhr<\/strong> \u2013 Palmflecht-Workshop.<\/li>\n<li><strong data-start=\"6920\" data-end=\"6933\">16:30 Uhr<\/strong> \u2013 Vortrag \u00fcber den Mythos von Kapit\u00e4n Bresca.<\/li>\n<li><strong data-start=\"6982\" data-end=\"6995\">16:30 Uhr<\/strong> \u2013 Er\u00f6ffnung der Infiorata von Spello.<\/li>\n<li><strong data-start=\"7036\" data-end=\"7049\">17:00 Uhr<\/strong> \u2013 Filmvorf\u00fchrung \u201eIbridazioni\u201c.<\/li>\n<li><strong data-start=\"7084\" data-end=\"7097\">18:00 Uhr<\/strong> \u2013 Konzert des Sinfonieorchesters von Sanremo im Operntheater des Casinos.<\/li>\n<\/ul>\n<p><strong>Samstag, 28. M\u00e4rz<\/strong><\/p>\n<ul>\n<li><strong data-start=\"7202\" data-end=\"7221\">09:00\u201319:00 Uhr<\/strong> \u2013 Freie Besichtigungen der Ausstellungen und Installationen.<\/li>\n<li><strong data-start=\"7285\" data-end=\"7298\">10:00 Uhr<\/strong> \u2013 Gef\u00fchrte Besichtigung der G\u00e4rten der Villa Ormond.<\/li>\n<li><strong data-start=\"7354\" data-end=\"7373\">10:00\u201312:00 Uhr<\/strong> \u2013 Workshop f\u00fcr florale Kunst.<\/li>\n<li><strong data-start=\"7406\" data-end=\"7419\">11:00 Uhr<\/strong> \u2013 Konzert mit geistlichen Ges\u00e4ngen im Monumentalfriedhof La Foce.<\/li>\n<li><strong data-start=\"7488\" data-end=\"7501\">14:00 Uhr<\/strong> \u2013 Gef\u00fchrte Besichtigung der historischen Brunnen.<\/li>\n<li><strong data-start=\"7554\" data-end=\"7573\">14:30\u201316:30 Uhr<\/strong> \u2013 Palmflecht-Workshop.<\/li>\n<li><strong data-start=\"7599\" data-end=\"7618\">16:30\u201319:30 Uhr<\/strong> \u2013 Parade historischer Automobile (Mailand\u2013Sanremo).<\/li>\n<li><strong data-start=\"7673\" data-end=\"7686\">16:30 Uhr<\/strong> \u2013 Vortrag \u201ePharaonen und Blumen\u201c.<\/li>\n<li><strong data-start=\"7723\" data-end=\"7736\">17:00 Uhr<\/strong> \u2013 Musikalische Auff\u00fchrung \u201ePollici verdi\u201c.<\/li>\n<li><strong data-start=\"7782\" data-end=\"7795\">21:00 Uhr<\/strong> \u2013 Theaterauff\u00fchrung \u201eE se domani\u2026\u201c im Teatro Ariston (Eintritt kostenpflichtig).<\/li>\n<\/ul>\n<p><strong>Sonntag, 29. M\u00e4rz<\/strong><\/p>\n<ul>\n<li><strong data-start=\"7907\" data-end=\"7935\">Vormittag und Nachmittag<\/strong> \u2013 Blumen- und Bauernmarkt in den Giardini Vittorio Veneto.<\/li>\n<li><strong data-start=\"7997\" data-end=\"8016\">09:00\u201319:00 Uhr<\/strong> \u2013 Ausstellungen und Installationen ge\u00f6ffnet.<\/li>\n<\/ul>\n<p>Ein unverzichtbares Ereignis f\u00fcr Naturliebhaber, Blumen-Design-Enthusiasten und Bewunderer der ligurischen Kultur!<\/p>\n<p>[\/et_pb_text][\/et_pb_column][\/et_pb_row][\/et_pb_section]<\/p>\n","protected":false},"excerpt":{"rendered":"<p>Das komplette Programm des am meisten erwarteten Blumenereignisses des Jahres Das Sanremo Blumenfestival kehrt vom 13. bis 16. M\u00e4rz 2025 mit einem umfangreichen Programm aus Veranstaltungen, Ausstellungen und Shows zur\u00fcck, die der Blumenwelt gewidmet sind. Eine einzigartige Gelegenheit, in die Sch\u00f6nheit der Natur einzutauchen, mit k\u00fcnstlerischen Installationen, Ausstellungen, Konzerten und der traditionellen Parade der Blumenwagen. [&hellip;]<\/p>\n","protected":false},"author":11,"featured_media":0,"parent":0,"menu_order":0,"comment_status":"closed","ping_status":"closed","template":"","meta":{"_et_pb_use_builder":"on","_et_pb_old_content":"<p>[et_pb_section fb_built=\"1\" fullwidth=\"on\" _builder_version=\"4.17.4\" _module_preset=\"default\" locked=\"off\" global_colors_info=\"{}\"][et_pb_fullwidth_slider _builder_version=\"4.22.0\" _module_preset=\"default\" hover_enabled=\"0\" global_colors_info=\"{}\" sticky_enabled=\"0\"][et_pb_slide heading=\"Festival dei Fiori di Sanremo 2025\" _builder_version=\"4.22.0\" _module_preset=\"default\" background_image=\"https:\/\/carnevalesanremo.it\/wp-content\/uploads\/2025\/03\/fiori.jpg\" background_enable_image=\"on\" hover_enabled=\"0\" global_colors_info=\"{}\" sticky_transition=\"on\" alt=\"fiori\" title_text=\"fiori\" sticky_enabled=\"0\"][\/et_pb_slide][\/et_pb_fullwidth_slider][\/et_pb_section][et_pb_section fb_built=\"1\" _builder_version=\"4.16\" locked=\"off\" global_colors_info=\"{}\"][et_pb_row _builder_version=\"4.16\" background_size=\"initial\" background_position=\"top_left\" background_repeat=\"repeat\" global_colors_info=\"{}\"][et_pb_column type=\"4_4\" _builder_version=\"4.16\" custom_padding=\"|||\" global_colors_info=\"{}\" custom_padding__hover=\"|||\"][et_pb_text _builder_version=\"4.22.0\" background_size=\"initial\" background_position=\"top_left\" background_repeat=\"repeat\" hover_enabled=\"0\" global_colors_info=\"{}\" sticky_enabled=\"0\"]<\/p><h2 data-pm-slice=\"1 1 []\">Il programma completo dell'evento floreale pi\u00f9 atteso dell'anno<\/h2><p data-pm-slice=\"1 1 []\">Il Festival dei Fiori di Sanremo torna dal 13 al 16 marzo 2025 con un ricco programma di eventi, esposizioni e spettacoli dedicati al mondo floreale. Un'occasione unica per immergersi nella bellezza della natura tra installazioni artistiche, mostre, concerti e la tradizionale sfilata dei carri fioriti.<\/p><h3>Programma<\/h3><p><strong>Gioved\u00ec 13 marzo<\/strong><\/p><ul data-spread=\"false\"><li><strong>Ore 10:00<\/strong> - Apertura del Percorso Floreale \"I fiori delle Regine\" e delle esposizioni presso il Forte di Santa Tecla<\/li><li><strong>Ore 10:30<\/strong> - Inaugurazione della mostra fotografica su Mario Calvino al CREA (su invito)<\/li><li><strong>Ore 11:00<\/strong> - Convegno su Mario Calvino (aperto al pubblico)<\/li><li><strong>Ore 14:00<\/strong> - Apertura al pubblico della mostra su Mario Calvino<\/li><li><strong>Ore 18:00<\/strong> - Riapertura delle esposizioni floreali presso il Forte di Santa Tecla<\/li><\/ul><p><strong>Venerd\u00ec 14 marzo<\/strong><\/p><ul data-spread=\"false\"><li><strong>Ore 10:00<\/strong> - Apertura delle esposizioni floreali e della Mostra delle nuove variet\u00e0 \"La Casa del Fiore\"<\/li><li><strong>Ore 14:30<\/strong> - Workshop del fiore: \"Dal passato al futuro, la floricoltura sanremese e l'eredit\u00e0 di Mario Calvino\" presso il Casin\u00f2 di Sanremo<\/li><li><strong>Ore 18:00<\/strong> - Concerto dell'Orchestra Sinfonica al Teatro del Casin\u00f2<\/li><\/ul><p><strong>Sabato 15 marzo<\/strong><\/p><ul data-spread=\"false\"><li><strong>Ore 15:00<\/strong> - Premiazione del Concorso \"Vetrine in Fiore\"<\/li><li><strong>Ore 16:30<\/strong> - Parata di Bande musicali e Gruppi folkloristici per le vie cittadine<\/li><li><strong>Ore 20:00<\/strong> - Gran Gal\u00e0 dei Fiori presso il Casin\u00f2 di Sanremo<\/li><li><strong>Ore 21:00<\/strong> - Concerto di Massimo Ranieri al Teatro Ariston<\/li><\/ul><p><strong>Domenica 16 marzo<\/strong><\/p><ul data-spread=\"false\"><li><strong>Ore 09:00<\/strong> - Mercatino di fiori, piante e prodotti agroalimentari a Pian di Nave<\/li><li><strong>Ore 10:30<\/strong> - Storica sfilata dei carri fioriti \"Sanremo in Fiore\"<\/li><li><strong>Ore 18:00<\/strong> - Concerto di chiusura con Olden Live - \"La Fretta e La Pazienza Tour\" al Club Tenco<\/li><\/ul><p>Un evento imperdibile per gli amanti della natura, del design floreale e della cultura ligure!<\/p><p>[\/et_pb_text][\/et_pb_column][\/et_pb_row][\/et_pb_section]<\/p>","_et_gb_content_width":"","footnotes":""},"yoast_head":"<!-- This site is optimized with the Yoast SEO plugin v21.9.1 - https:\/\/yoast.com\/wordpress\/plugins\/seo\/ -->\n<title>Sanremo Blumenfestival 2026 | SANREMO CORSO FIORITO 2026<\/title>\n<meta name=\"description\" content=\"Sanremo Blumenfestival 2025, vom 25. bis 29. M\u00e4rz. Ausstellungen, Shows und die historische Parade der Blumenkarren!\" \/>\n<meta name=\"robots\" content=\"index, follow, max-snippet:-1, max-image-preview:large, max-video-preview:-1\" \/>\n<link rel=\"canonical\" href=\"https:\/\/carnevalesanremo.it\/de\/sanremo-blumenfestival\/\" \/>\n<meta property=\"og:locale\" content=\"de_DE\" \/>\n<meta property=\"og:type\" content=\"article\" \/>\n<meta property=\"og:title\" content=\"Sanremo Blumenfestival 2026 | SANREMO CORSO FIORITO 2026\" \/>\n<meta property=\"og:description\" content=\"Sanremo Blumenfestival 2025, vom 25. bis 29. M\u00e4rz. Ausstellungen, Shows und die historische Parade der Blumenkarren!\" \/>\n<meta property=\"og:url\" content=\"https:\/\/carnevalesanremo.it\/de\/sanremo-blumenfestival\/\" \/>\n<meta property=\"og:site_name\" content=\"SANREMO CORSO FIORITO 2026\" \/>\n<meta property=\"article:modified_time\" content=\"2026-02-16T10:36:52+00:00\" \/>\n<meta name=\"twitter:label1\" content=\"Gesch\u00e4tzte Lesezeit\" \/>\n\t<meta name=\"twitter:data1\" content=\"2\u00a0Minuten\" \/>\n<script type=\"application\/ld+json\" class=\"yoast-schema-graph\">{\"@context\":\"https:\/\/schema.org\",\"@graph\":[{\"@type\":\"WebPage\",\"@id\":\"https:\/\/carnevalesanremo.it\/de\/sanremo-blumenfestival\/\",\"url\":\"https:\/\/carnevalesanremo.it\/de\/sanremo-blumenfestival\/\",\"name\":\"Sanremo Blumenfestival 2026 | SANREMO CORSO FIORITO 2026\",\"isPartOf\":{\"@id\":\"https:\/\/carnevalesanremo.it\/#website\"},\"datePublished\":\"2025-03-05T12:53:52+00:00\",\"dateModified\":\"2026-02-16T10:36:52+00:00\",\"description\":\"Sanremo Blumenfestival 2025, vom 25. bis 29. M\u00e4rz. Ausstellungen, Shows und die historische Parade der Blumenkarren!\",\"breadcrumb\":{\"@id\":\"https:\/\/carnevalesanremo.it\/de\/sanremo-blumenfestival\/#breadcrumb\"},\"inLanguage\":\"de\",\"potentialAction\":[{\"@type\":\"ReadAction\",\"target\":[\"https:\/\/carnevalesanremo.it\/de\/sanremo-blumenfestival\/\"]}]},{\"@type\":\"BreadcrumbList\",\"@id\":\"https:\/\/carnevalesanremo.it\/de\/sanremo-blumenfestival\/#breadcrumb\",\"itemListElement\":[{\"@type\":\"ListItem\",\"position\":1,\"name\":\"Home\",\"item\":\"https:\/\/carnevalesanremo.it\/de\/\"},{\"@type\":\"ListItem\",\"position\":2,\"name\":\"Sanremo Blumenfestival 2026\"}]},{\"@type\":\"WebSite\",\"@id\":\"https:\/\/carnevalesanremo.it\/#website\",\"url\":\"https:\/\/carnevalesanremo.it\/\",\"name\":\"SANREMO CORSO FIORITO 2026\",\"description\":\"BLUMENPARADE | BLUMENCORSO | KARNAVAL VON SAN REMO 2026\",\"potentialAction\":[{\"@type\":\"SearchAction\",\"target\":{\"@type\":\"EntryPoint\",\"urlTemplate\":\"https:\/\/carnevalesanremo.it\/?s={search_term_string}\"},\"query-input\":\"required name=search_term_string\"}],\"inLanguage\":\"de\"}]}<\/script>\n<!-- \/ Yoast SEO plugin. -->","yoast_head_json":{"title":"Sanremo Blumenfestival 2026 | SANREMO CORSO FIORITO 2026","description":"Sanremo Blumenfestival 2025, vom 25. bis 29. M\u00e4rz. Ausstellungen, Shows und die historische Parade der Blumenkarren!","robots":{"index":"index","follow":"follow","max-snippet":"max-snippet:-1","max-image-preview":"max-image-preview:large","max-video-preview":"max-video-preview:-1"},"canonical":"https:\/\/carnevalesanremo.it\/de\/sanremo-blumenfestival\/","og_locale":"de_DE","og_type":"article","og_title":"Sanremo Blumenfestival 2026 | SANREMO CORSO FIORITO 2026","og_description":"Sanremo Blumenfestival 2025, vom 25. bis 29. M\u00e4rz. Ausstellungen, Shows und die historische Parade der Blumenkarren!","og_url":"https:\/\/carnevalesanremo.it\/de\/sanremo-blumenfestival\/","og_site_name":"SANREMO CORSO FIORITO 2026","article_modified_time":"2026-02-16T10:36:52+00:00","twitter_misc":{"Gesch\u00e4tzte Lesezeit":"2\u00a0Minuten"},"schema":{"@context":"https:\/\/schema.org","@graph":[{"@type":"WebPage","@id":"https:\/\/carnevalesanremo.it\/de\/sanremo-blumenfestival\/","url":"https:\/\/carnevalesanremo.it\/de\/sanremo-blumenfestival\/","name":"Sanremo Blumenfestival 2026 | SANREMO CORSO FIORITO 2026","isPartOf":{"@id":"https:\/\/carnevalesanremo.it\/#website"},"datePublished":"2025-03-05T12:53:52+00:00","dateModified":"2026-02-16T10:36:52+00:00","description":"Sanremo Blumenfestival 2025, vom 25. bis 29. M\u00e4rz. Ausstellungen, Shows und die historische Parade der Blumenkarren!","breadcrumb":{"@id":"https:\/\/carnevalesanremo.it\/de\/sanremo-blumenfestival\/#breadcrumb"},"inLanguage":"de","potentialAction":[{"@type":"ReadAction","target":["https:\/\/carnevalesanremo.it\/de\/sanremo-blumenfestival\/"]}]},{"@type":"BreadcrumbList","@id":"https:\/\/carnevalesanremo.it\/de\/sanremo-blumenfestival\/#breadcrumb","itemListElement":[{"@type":"ListItem","position":1,"name":"Home","item":"https:\/\/carnevalesanremo.it\/de\/"},{"@type":"ListItem","position":2,"name":"Sanremo Blumenfestival 2026"}]},{"@type":"WebSite","@id":"https:\/\/carnevalesanremo.it\/#website","url":"https:\/\/carnevalesanremo.it\/","name":"SANREMO CORSO FIORITO 2026","description":"BLUMENPARADE | BLUMENCORSO | KARNAVAL VON SAN REMO 2026","potentialAction":[{"@type":"SearchAction","target":{"@type":"EntryPoint","urlTemplate":"https:\/\/carnevalesanremo.it\/?s={search_term_string}"},"query-input":"required name=search_term_string"}],"inLanguage":"de"}]}},"_links":{"self":[{"href":"https:\/\/carnevalesanremo.it\/de\/wp-json\/wp\/v2\/pages\/237813"}],"collection":[{"href":"https:\/\/carnevalesanremo.it\/de\/wp-json\/wp\/v2\/pages"}],"about":[{"href":"https:\/\/carnevalesanremo.it\/de\/wp-json\/wp\/v2\/types\/page"}],"author":[{"embeddable":true,"href":"https:\/\/carnevalesanremo.it\/de\/wp-json\/wp\/v2\/users\/11"}],"replies":[{"embeddable":true,"href":"https:\/\/carnevalesanremo.it\/de\/wp-json\/wp\/v2\/comments?post=237813"}],"version-history":[{"count":7,"href":"https:\/\/carnevalesanremo.it\/de\/wp-json\/wp\/v2\/pages\/237813\/revisions"}],"predecessor-version":[{"id":238060,"href":"https:\/\/carnevalesanremo.it\/de\/wp-json\/wp\/v2\/pages\/237813\/revisions\/238060"}],"wp:attachment":[{"href":"https:\/\/carnevalesanremo.it\/de\/wp-json\/wp\/v2\/media?parent=237813"}],"curies":[{"name":"wp","href":"https:\/\/api.w.org\/{rel}","templated":true}]}}