{"id":26391,"date":"2016-01-18T12:58:45","date_gmt":"2016-01-18T12:58:45","guid":{"rendered":"http:\/\/carnevalesanremo.it\/die-blaskapellen-blumenparade-san-remo-in-voller-blute-2016\/"},"modified":"2024-12-05T11:28:15","modified_gmt":"2024-12-05T11:28:15","slug":"die-blaskapellen-blumenparade-san-remo","status":"publish","type":"page","link":"https:\/\/carnevalesanremo.it\/de\/die-blaskapellen-blumenparade-san-remo\/","title":{"rendered":"Die Blaskapellen &#8211; Blumenparade San Remo"},"content":{"rendered":"<p>[et_pb_section fb_built=&#8220;1&#8243; fullwidth=&#8220;on&#8220; _builder_version=&#8220;4.17.4&#8243; _module_preset=&#8220;default&#8220; hover_enabled=&#8220;0&#8243; locked=&#8220;off&#8220; global_colors_info=&#8220;{}&#8220; sticky_enabled=&#8220;0&#8243; theme_builder_area=&#8220;post_content&#8220;][et_pb_fullwidth_slider _builder_version=&#8220;4.22.0&#8243; _module_preset=&#8220;default&#8220; hover_enabled=&#8220;0&#8243; global_colors_info=&#8220;{}&#8220; sticky_enabled=&#8220;0&#8243; theme_builder_area=&#8220;post_content&#8220;][et_pb_slide heading=&#8220;Die Blaskapellen &#8211; Blumenparade San Remo&#8220; _builder_version=&#8220;4.22.0&#8243; _module_preset=&#8220;default&#8220; background_image=&#8220;https:\/\/carnevalesanremo.it\/wp-content\/uploads\/2024\/02\/bande-musicali-fanfares-sanremo-in-fiore-carnival-of-sanremo-carnaval-de-sanremo.jpg&#8220; background_enable_image=&#8220;on&#8220; hover_enabled=&#8220;0&#8243; global_colors_info=&#8220;{}&#8220; sticky_transition=&#8220;on&#8220; theme_builder_area=&#8220;post_content&#8220; alt=&#8220;bande musicali -fanfares &#8211; sanremo in fiore &#8211; carnival of sanremo &#8211; carnaval de sanremo&#8220; title_text=&#8220;bande-musicali-fanfares-sanremo-in-fiore-carnival-of-sanremo-carnaval-de-sanremo&#8220; sticky_enabled=&#8220;0&#8243;][\/et_pb_slide][\/et_pb_fullwidth_slider][\/et_pb_section][et_pb_section fb_built=&#8220;1&#8243; _builder_version=&#8220;4.16&#8243; global_colors_info=&#8220;{}&#8220;][et_pb_row _builder_version=&#8220;4.16&#8243; background_size=&#8220;initial&#8220; background_position=&#8220;top_left&#8220; background_repeat=&#8220;repeat&#8220; global_colors_info=&#8220;{}&#8220;][et_pb_column type=&#8220;4_4&#8243; _builder_version=&#8220;4.16&#8243; custom_padding=&#8220;|||&#8220; global_colors_info=&#8220;{}&#8220; custom_padding__hover=&#8220;|||&#8220;][et_pb_text _builder_version=&#8220;4.22.0&#8243; background_size=&#8220;initial&#8220; background_position=&#8220;top_left&#8220; background_repeat=&#8220;repeat&#8220; hover_enabled=&#8220;0&#8243; global_colors_info=&#8220;{}&#8220; sticky_enabled=&#8220;0&#8243;]<\/p>\n<h2>Die Show der Blumenparade wird sicherlich von dem Blumencorso veranstaltet werden, aber auch von den Blaskapellen und den Volksgruppen, die das Event beleben.<\/h2>\n<h4>\u00a0<\/h4>\n<h4>Wie man teilnimmt<\/h4>\n<p>Die Blumenparade San Remo in voller Bl\u00fcte wird von der Kommune in San Remo organisiert, deswegen laden wir Sie dazu ein das Touristenb\u00fcro zu kontaktieren, um Ihre Band f\u00fcr das Event vorzuschlagen.<br \/><strong>T 0184 580 353<\/strong><br \/>(Mo-Fr 8:00-13:00 Uhr)<\/p>\n<p>[\/et_pb_text][\/et_pb_column][\/et_pb_row][\/et_pb_section]<\/p>\n","protected":false},"excerpt":{"rendered":"<p>Die Show der Blumenparade wird sicherlich von dem Blumencorso veranstaltet werden, aber auch von den Blaskapellen und den Volksgruppen, die das Event beleben. \u00a0 Wie man teilnimmt Die Blumenparade San Remo in voller Bl\u00fcte wird von der Kommune in San Remo organisiert, deswegen laden wir Sie dazu ein das Touristenb\u00fcro zu kontaktieren, um Ihre Band [&hellip;]<\/p>\n","protected":false},"author":1,"featured_media":0,"parent":0,"menu_order":0,"comment_status":"closed","ping_status":"open","template":"","meta":{"_et_pb_use_builder":"on","_et_pb_old_content":"","_et_gb_content_width":"","footnotes":""},"yoast_head":"<!-- This site is optimized with the Yoast SEO plugin v21.9.1 - https:\/\/yoast.com\/wordpress\/plugins\/seo\/ -->\n<title>Die Blaskapellen - Blumenparade San Remo | SANREMO CORSO FIORITO 2026<\/title>\n<meta name=\"description\" content=\"Die Show der Blumenparade wird sicherlich von dem Blumencorso veranstaltet werden, aber auch von den Blaskapellen und den Volksgruppen, die das Event beleben.\" \/>\n<meta name=\"robots\" content=\"index, follow, max-snippet:-1, max-image-preview:large, max-video-preview:-1\" \/>\n<link rel=\"canonical\" href=\"https:\/\/carnevalesanremo.it\/bande-musicali\/\" \/>\n<meta property=\"og:locale\" content=\"de_DE\" \/>\n<meta property=\"og:type\" content=\"article\" \/>\n<meta property=\"og:title\" content=\"Die Blaskapellen - Blumenparade San Remo | SANREMO CORSO FIORITO 2026\" \/>\n<meta property=\"og:description\" content=\"Die Show der Blumenparade wird sicherlich von dem Blumencorso veranstaltet werden, aber auch von den Blaskapellen und den Volksgruppen, die das Event beleben.\" \/>\n<meta property=\"og:url\" content=\"https:\/\/carnevalesanremo.it\/bande-musicali\/\" \/>\n<meta property=\"og:site_name\" content=\"SANREMO CORSO FIORITO 2026\" \/>\n<meta property=\"article:modified_time\" content=\"2024-12-05T11:28:15+00:00\" \/>\n<meta name=\"twitter:label1\" content=\"Gesch\u00e4tzte Lesezeit\" \/>\n\t<meta name=\"twitter:data1\" content=\"1\u00a0Minute\" \/>\n<script type=\"application\/ld+json\" class=\"yoast-schema-graph\">{\"@context\":\"https:\/\/schema.org\",\"@graph\":[{\"@type\":\"WebPage\",\"@id\":\"https:\/\/carnevalesanremo.it\/bande-musicali\/\",\"url\":\"https:\/\/carnevalesanremo.it\/bande-musicali\/\",\"name\":\"Die Blaskapellen - Blumenparade San Remo | SANREMO CORSO FIORITO 2026\",\"isPartOf\":{\"@id\":\"https:\/\/carnevalesanremo.it\/#website\"},\"datePublished\":\"2016-01-18T12:58:45+00:00\",\"dateModified\":\"2024-12-05T11:28:15+00:00\",\"description\":\"Die Show der Blumenparade wird sicherlich von dem Blumencorso veranstaltet werden, aber auch von den Blaskapellen und den Volksgruppen, die das Event beleben.\",\"breadcrumb\":{\"@id\":\"https:\/\/carnevalesanremo.it\/bande-musicali\/#breadcrumb\"},\"inLanguage\":\"de\",\"potentialAction\":[{\"@type\":\"ReadAction\",\"target\":[\"https:\/\/carnevalesanremo.it\/bande-musicali\/\"]}]},{\"@type\":\"BreadcrumbList\",\"@id\":\"https:\/\/carnevalesanremo.it\/bande-musicali\/#breadcrumb\",\"itemListElement\":[{\"@type\":\"ListItem\",\"position\":1,\"name\":\"Home\",\"item\":\"https:\/\/carnevalesanremo.it\/de\/\"},{\"@type\":\"ListItem\",\"position\":2,\"name\":\"Die Blaskapellen &#8211; Blumenparade San Remo\"}]},{\"@type\":\"WebSite\",\"@id\":\"https:\/\/carnevalesanremo.it\/#website\",\"url\":\"https:\/\/carnevalesanremo.it\/\",\"name\":\"SANREMO CORSO FIORITO 2026\",\"description\":\"BLUMENPARADE | BLUMENCORSO | KARNAVAL VON SAN REMO 2026\",\"potentialAction\":[{\"@type\":\"SearchAction\",\"target\":{\"@type\":\"EntryPoint\",\"urlTemplate\":\"https:\/\/carnevalesanremo.it\/?s={search_term_string}\"},\"query-input\":\"required name=search_term_string\"}],\"inLanguage\":\"de\"}]}<\/script>\n<!-- \/ Yoast SEO plugin. -->","yoast_head_json":{"title":"Die Blaskapellen - Blumenparade San Remo | SANREMO CORSO FIORITO 2026","description":"Die Show der Blumenparade wird sicherlich von dem Blumencorso veranstaltet werden, aber auch von den Blaskapellen und den Volksgruppen, die das Event beleben.","robots":{"index":"index","follow":"follow","max-snippet":"max-snippet:-1","max-image-preview":"max-image-preview:large","max-video-preview":"max-video-preview:-1"},"canonical":"https:\/\/carnevalesanremo.it\/bande-musicali\/","og_locale":"de_DE","og_type":"article","og_title":"Die Blaskapellen - Blumenparade San Remo | SANREMO CORSO FIORITO 2026","og_description":"Die Show der Blumenparade wird sicherlich von dem Blumencorso veranstaltet werden, aber auch von den Blaskapellen und den Volksgruppen, die das Event beleben.","og_url":"https:\/\/carnevalesanremo.it\/bande-musicali\/","og_site_name":"SANREMO CORSO FIORITO 2026","article_modified_time":"2024-12-05T11:28:15+00:00","twitter_misc":{"Gesch\u00e4tzte Lesezeit":"1\u00a0Minute"},"schema":{"@context":"https:\/\/schema.org","@graph":[{"@type":"WebPage","@id":"https:\/\/carnevalesanremo.it\/bande-musicali\/","url":"https:\/\/carnevalesanremo.it\/bande-musicali\/","name":"Die Blaskapellen - Blumenparade San Remo | SANREMO CORSO FIORITO 2026","isPartOf":{"@id":"https:\/\/carnevalesanremo.it\/#website"},"datePublished":"2016-01-18T12:58:45+00:00","dateModified":"2024-12-05T11:28:15+00:00","description":"Die Show der Blumenparade wird sicherlich von dem Blumencorso veranstaltet werden, aber auch von den Blaskapellen und den Volksgruppen, die das Event beleben.","breadcrumb":{"@id":"https:\/\/carnevalesanremo.it\/bande-musicali\/#breadcrumb"},"inLanguage":"de","potentialAction":[{"@type":"ReadAction","target":["https:\/\/carnevalesanremo.it\/bande-musicali\/"]}]},{"@type":"BreadcrumbList","@id":"https:\/\/carnevalesanremo.it\/bande-musicali\/#breadcrumb","itemListElement":[{"@type":"ListItem","position":1,"name":"Home","item":"https:\/\/carnevalesanremo.it\/de\/"},{"@type":"ListItem","position":2,"name":"Die Blaskapellen &#8211; Blumenparade San Remo"}]},{"@type":"WebSite","@id":"https:\/\/carnevalesanremo.it\/#website","url":"https:\/\/carnevalesanremo.it\/","name":"SANREMO CORSO FIORITO 2026","description":"BLUMENPARADE | BLUMENCORSO | KARNAVAL VON SAN REMO 2026","potentialAction":[{"@type":"SearchAction","target":{"@type":"EntryPoint","urlTemplate":"https:\/\/carnevalesanremo.it\/?s={search_term_string}"},"query-input":"required name=search_term_string"}],"inLanguage":"de"}]}},"_links":{"self":[{"href":"https:\/\/carnevalesanremo.it\/de\/wp-json\/wp\/v2\/pages\/26391"}],"collection":[{"href":"https:\/\/carnevalesanremo.it\/de\/wp-json\/wp\/v2\/pages"}],"about":[{"href":"https:\/\/carnevalesanremo.it\/de\/wp-json\/wp\/v2\/types\/page"}],"author":[{"embeddable":true,"href":"https:\/\/carnevalesanremo.it\/de\/wp-json\/wp\/v2\/users\/1"}],"replies":[{"embeddable":true,"href":"https:\/\/carnevalesanremo.it\/de\/wp-json\/wp\/v2\/comments?post=26391"}],"version-history":[{"count":7,"href":"https:\/\/carnevalesanremo.it\/de\/wp-json\/wp\/v2\/pages\/26391\/revisions"}],"predecessor-version":[{"id":237365,"href":"https:\/\/carnevalesanremo.it\/de\/wp-json\/wp\/v2\/pages\/26391\/revisions\/237365"}],"wp:attachment":[{"href":"https:\/\/carnevalesanremo.it\/de\/wp-json\/wp\/v2\/media?parent=26391"}],"curies":[{"name":"wp","href":"https:\/\/api.w.org\/{rel}","templated":true}]}}