{"id":26392,"date":"2016-01-18T13:01:37","date_gmt":"2016-01-18T13:01:37","guid":{"rendered":"http:\/\/carnevalesanremo.it\/pakete-blumenparade-san-remo-in-voller-blute-2016\/"},"modified":"2025-02-17T12:28:12","modified_gmt":"2025-02-17T12:28:12","slug":"pakete-blumenparade-san-remo-in-voller-blute","status":"publish","type":"page","link":"https:\/\/carnevalesanremo.it\/de\/pakete-blumenparade-san-remo-in-voller-blute\/","title":{"rendered":"Pakete Blumencorso San Remo"},"content":{"rendered":"<p>[et_pb_section fb_built=&#8220;1&#8243; fullwidth=&#8220;on&#8220; _builder_version=&#8220;4.17.4&#8243; _module_preset=&#8220;default&#8220; locked=&#8220;off&#8220; global_colors_info=&#8220;{}&#8220;][et_pb_fullwidth_slider _builder_version=&#8220;4.22.0&#8243; _module_preset=&#8220;default&#8220; global_colors_info=&#8220;{}&#8220;][et_pb_slide heading=&#8220;Pakete Sanremo Blumencorso&#8220; _builder_version=&#8220;4.22.0&#8243; _module_preset=&#8220;default&#8220; background_image=&#8220;https:\/\/carnevalesanremo.it\/wp-content\/uploads\/2024\/02\/pacchetti-corso-fiorito-sanremo-in-fiore_.jpeg&#8220; background_enable_image=&#8220;on&#8220; global_colors_info=&#8220;{}&#8220; sticky_transition=&#8220;on&#8220;][\/et_pb_slide][\/et_pb_fullwidth_slider][\/et_pb_section][et_pb_section fb_built=&#8220;1&#8243; admin_label=&#8220;section&#8220; _builder_version=&#8220;4.16&#8243; locked=&#8220;off&#8220; global_colors_info=&#8220;{}&#8220;][et_pb_row admin_label=&#8220;row&#8220; _builder_version=&#8220;4.16&#8243; background_size=&#8220;initial&#8220; background_position=&#8220;top_left&#8220; background_repeat=&#8220;repeat&#8220; global_colors_info=&#8220;{}&#8220;][et_pb_column type=&#8220;4_4&#8243; _builder_version=&#8220;4.16&#8243; custom_padding=&#8220;|||&#8220; global_colors_info=&#8220;{}&#8220; custom_padding__hover=&#8220;|||&#8220;][et_pb_text admin_label=&#8220;Text&#8220; _builder_version=&#8220;4.22.0&#8243; background_size=&#8220;initial&#8220; background_position=&#8220;top_left&#8220; background_repeat=&#8220;repeat&#8220; global_colors_info=&#8220;{}&#8220;]<\/p>\n<h3>Die Atmosph\u00e4re des Karnevals von Sanremo erleben, indem Sie unsere Blumenkorso-Pakete <em>Sanremo in Fiore<\/em> kaufen<\/h3>\n<p>Sie werden an der <strong>Blumenparade<\/strong> teilnehmen, aber auch die nat\u00fcrlichen Sch\u00f6nheiten von Sanremo und der Riviera dei Fiori entdecken.<\/p>\n<h3>\u00a0<\/h3>\n<h3><strong>DIE MAGIE DES BLUMENKORSOS VON SANREMO 2024<\/strong><\/h3>\n<h3>Hier sind die Blumenkorso-Pakete <strong>Sanremo in Fiore<\/strong>, die wir Ihnen dieses Jahr anbieten<\/h3>\n<p>[\/et_pb_text][et_pb_cta title=&#8220;ONLINE-BUCHUNGEN&#8220; button_url=&#8220;https:\/\/tours.ntbooking.it\/search_list.php&#8220; button_text=&#8220;HIER BUCHEN&#8220; _builder_version=&#8220;4.22.0&#8243; _module_preset=&#8220;default&#8220; background_color=&#8220;#E02B20&#8243; custom_button=&#8220;on&#8220; button_text_color=&#8220;#E02B20&#8243; button_bg_color=&#8220;#FFFFFF&#8220; button_border_color=&#8220;#E02B20&#8243; locked=&#8220;off&#8220; global_colors_info=&#8220;{}&#8220;][\/et_pb_cta][\/et_pb_column][\/et_pb_row][et_pb_row _builder_version=&#8220;4.22.0&#8243; _module_preset=&#8220;default&#8220; global_colors_info=&#8220;{}&#8220;][et_pb_column type=&#8220;4_4&#8243; _builder_version=&#8220;4.22.0&#8243; _module_preset=&#8220;default&#8220; global_colors_info=&#8220;{}&#8220;][et_pb_pricing_tables _builder_version=&#8220;4.22.0&#8243; _module_preset=&#8220;default&#8220; custom_button=&#8220;on&#8220; button_text_color=&#8220;#FFFFFF&#8220; button_bg_color=&#8220;#E02B20&#8243; button_border_color=&#8220;#ffffff&#8220; hover_enabled=&#8220;0&#8243; global_colors_info=&#8220;{}&#8220; sticky_enabled=&#8220;0&#8243;][et_pb_pricing_table title=&#8220;Rosa Paket &#8220; currency=&#8220;\u20ac&#8220; per=&#8220;p.p.&#8220; sum=&#8220;199&#8243; button_url=&#8220;https:\/\/tours.ntbooking.it\/search_list.php&#8220; button_text=&#8220;JETZT BUCHEN&#8220; _builder_version=&#8220;4.22.0&#8243; _module_preset=&#8220;default&#8220; hover_enabled=&#8220;0&#8243; global_colors_info=&#8220;{}&#8220; sticky_transition=&#8220;on&#8220; sticky_enabled=&#8220;0&#8243;]<\/p>\n<p>Unterkunft im <strong>4-Sterne-Hotel<\/strong><br \/>2 \u00dcbernachtungen im <strong>Doppelzimmer<\/strong><br \/>2 Fr\u00fchst\u00fccksbuffets<br \/>1 Abendessen f\u00fcr zwei Personen mit einem 3-G\u00e4nge-Men\u00fc<br \/>2 <strong>Trib\u00fcnenkarten<\/strong> f\u00fcr die Parade<br \/>Kostenloses Parken<br \/>Zus\u00e4tzliche Nacht: 69 \u20ac<\/p>\n<p>Zus\u00e4tzliche Nacht: \u20ac 49<\/p>\n<p>[\/et_pb_pricing_table][et_pb_pricing_table title=&#8220;Orchideen-paket&#8220; currency=&#8220;\u20ac&#8220; per=&#8220;p.p.&#8220; sum=&#8220;249&#8243; button_url=&#8220;https:\/\/tours.ntbooking.it\/search_list.php&#8220; button_text=&#8220;JETZT BUCHEN&#8220; _builder_version=&#8220;4.22.0&#8243; _module_preset=&#8220;default&#8220; hover_enabled=&#8220;0&#8243; global_colors_info=&#8220;{}&#8220; sticky_transition=&#8220;on&#8220; sticky_enabled=&#8220;0&#8243;]<\/p>\n<p>Unterkunft im 4-Sterne-Hotel<br \/>2 \u00dcbernachtungen in einer <strong>Juniorsuite mit Doppelbett<\/strong><br \/>2 Fr\u00fchst\u00fccksbuffets<br \/>1 Abendessen f\u00fcr zwei Personen mit einem 3-G\u00e4nge-Men\u00fc<br \/>2 <strong>Trib\u00fcnenkarten<\/strong> f\u00fcr die Parade<br \/>Kostenloses Parken<br \/>Zus\u00e4tzliche Nacht: 89 \u20ac<br \/>Babybett (0-3 Jahre): 10 \u20ac<br \/>Kinder 4-12 Jahre im Zusatzbett: 30 \u20ac<\/p>\n<p>[\/et_pb_pricing_table][et_pb_pricing_table title=&#8220;Ranunkel-Paket&#8220; currency=&#8220;\u20ac&#8220; per=&#8220;p.p.&#8220; sum=&#8220;299&#8243; button_url=&#8220;https:\/\/tours.ntbooking.it\/search_list.php&#8220; button_text=&#8220;JETZT BUCHEN&#8220; _builder_version=&#8220;4.22.0&#8243; _module_preset=&#8220;default&#8220; hover_enabled=&#8220;0&#8243; global_colors_info=&#8220;{}&#8220; sticky_transition=&#8220;on&#8220; sticky_enabled=&#8220;0&#8243;]<\/p>\n<p>Unterkunft im 4-Sterne-Hotel<br \/>2 \u00dcbernachtungen in einer Suite mit <strong>Meerblick und Doppelbett<\/strong><br \/>2 Fr\u00fchst\u00fccksbuffets<br \/>1 Abendessen f\u00fcr zwei Personen mit einem 3-G\u00e4nge-Men\u00fc<br \/>2 <strong>Trib\u00fcnenkarten<\/strong> f\u00fcr die Parade<br \/>Kostenloses Parken<br \/>Zus\u00e4tzliche Nacht: 129 \u20ac pro Person<br \/>Babybett (0-3 Jahre): 10 \u20ac pro Person<br \/>Kinder 4-12 Jahre im Zusatzbett: 30 \u20ac pro Person<\/p>\n<p>[\/et_pb_pricing_table][\/et_pb_pricing_tables][et_pb_cta title=&#8220;ONLINE-BUCHUNGEN&#8220; button_url=&#8220;https:\/\/tours.ntbooking.it\/search_list.php&#8220; button_text=&#8220;HIER BUCHEN&#8220; _builder_version=&#8220;4.22.0&#8243; _module_preset=&#8220;default&#8220; background_color=&#8220;#E02B20&#8243; custom_button=&#8220;on&#8220; button_text_color=&#8220;#E02B20&#8243; button_bg_color=&#8220;#FFFFFF&#8220; button_border_color=&#8220;#E02B20&#8243; hover_enabled=&#8220;0&#8243; locked=&#8220;off&#8220; global_colors_info=&#8220;{}&#8220; sticky_enabled=&#8220;0&#8243;][\/et_pb_cta][\/et_pb_column][\/et_pb_row][et_pb_row _builder_version=&#8220;4.22.0&#8243; _module_preset=&#8220;default&#8220; global_colors_info=&#8220;{}&#8220;][et_pb_column type=&#8220;4_4&#8243; _builder_version=&#8220;4.22.0&#8243; _module_preset=&#8220;default&#8220; global_colors_info=&#8220;{}&#8220;][et_pb_text admin_label=&#8220;info&#8220; _builder_version=&#8220;4.22.0&#8243; background_size=&#8220;initial&#8220; background_position=&#8220;top_left&#8220; background_repeat=&#8220;repeat&#8220; global_colors_info=&#8220;{}&#8220;]<\/p>\n<h3>F\u00fcllen Sie das Formular <a href=\"https:\/\/carnevalesanremo.it\/de\/informationen-san-remo-blumenparade\/\" target=\"_blank\" rel=\"noopener\"><strong>HIER<\/strong><\/a> aus, um einen ma\u00dfgeschneiderten Plan anzufordern<\/h3>\n<h3>\u00a0<\/h3>\n<h3>Technische Organisation<\/h3>\n<p><strong>Nyala Wonder Travel<\/strong> Via Solaro 134- 18038 San Remo<br \/><strong>Tel. 0184 666 986<\/strong> (Mo-Fr 9:30-17:30 Uhr \/ Sa 9:30-13:00 Uhr).<br \/>Wir stehen zu Ihrer Verf\u00fcgung, um Ihnen Ihren Aufenthalt in San Remo auf die bestm\u00f6gliche Art zu organisieren! Kontaktieren Sie uns f\u00fcr einen ma\u00dfgeschneiderten Plan!<\/p>\n<p>[\/et_pb_text][\/et_pb_column][\/et_pb_row][\/et_pb_section]<\/p>\n","protected":false},"excerpt":{"rendered":"<p>Die Atmosph\u00e4re des Karnevals von Sanremo erleben, indem Sie unsere Blumenkorso-Pakete Sanremo in Fiore kaufen Sie werden an der Blumenparade teilnehmen, aber auch die nat\u00fcrlichen Sch\u00f6nheiten von Sanremo und der Riviera dei Fiori entdecken. \u00a0 DIE MAGIE DES BLUMENKORSOS VON SANREMO 2024 Hier sind die Blumenkorso-Pakete Sanremo in Fiore, die wir Ihnen dieses Jahr anbietenUnterkunft [&hellip;]<\/p>\n","protected":false},"author":1,"featured_media":0,"parent":0,"menu_order":0,"comment_status":"closed","ping_status":"closed","template":"","meta":{"_et_pb_use_builder":"on","_et_pb_old_content":"<h3>L Leben Sie die Atmosph\u00e4re des San Remo Karnevals, indem Sie die Pakete Blumenparade <em>San Remo<\/em> in voller Bl\u00fcte kaufen: Besuchen Sie die Parade des Blumencorsos und entdecken Sie die nat\u00fcrlichen Sch\u00f6nheiten von San Remo und der Riviera.<\/h3>\r\n<h3>Die Pakete der Blumenparade San Remo in voller Bl\u00fcte 2020 werden bald online buchbar sein.<\/h3>\r\n<strong>ORCHIDEEN-PAKET<\/strong><strong><\/strong>\r\n<ul>\r\n\t<li>\u00a02 N\u00e4chte in einem Hotel einer hohen Kategorie (3-4 Sterne Hotels) im Doppelzimmer, Fr\u00fchst\u00fcck inbegriffen<\/li>\r\n\t<li>1\u00a0 Haupttrib\u00fcnenticket, um die Blumenparade von San Remo zu besuchen<\/li>\r\n<\/ul>\r\n<strong>NELKEN-PAKET<\/strong><strong>\r\n<\/strong>\r\n<ul>\r\n\t<li>1 Nacht in einem Hotel einer hohen Kategorie (3-4 Sterne Hotels) im Doppelzimmer, Fr\u00fchst\u00fcck inbegriffen<\/li>\r\n\t<li>Haupttrib\u00fcnenticket, um die Blumenparade von San Remo zu besuchen<\/li>\r\n<\/ul>\r\n<em><\/em>F\u00fcllen Sie das folgende Formular aus, um einen ma\u00dfgeschneiderten Plan anzufordern: \r\n[contact-form-7 id=\"29770\" title=\"Richiesta Pacchetti DE\"]\r\nTechnische Organisation: <strong>Nyala Wonder Travel<\/strong> Via Solaro 134- 18038 San Remo <strong>Tel. 0184 666 986<\/strong> (Mo-Fr 9:30-17:30 Uhr \/ Sa 9:30-13:00 Uhr). Wir stehen zu Ihrer Verf\u00fcgung, um Ihnen Ihren Aufenthalt in San Remo auf die bestm\u00f6gliche Art zu organisieren! Kontaktieren Sie uns f\u00fcr einen ma\u00dfgeschneiderten Plan!","_et_gb_content_width":"","footnotes":""},"yoast_head":"<!-- This site is optimized with the Yoast SEO plugin v21.9.1 - https:\/\/yoast.com\/wordpress\/plugins\/seo\/ -->\n<title>Pakete Blumencorso San Remo | SANREMO CORSO FIORITO 2026<\/title>\n<meta name=\"description\" content=\"Buchen Sie die Pakete SANREMO CORSO FIORITO 2026 , um den San Remo Karneval zu besuchen, indem Sie in einer unserer Hotels \u00fcbernachten.\" \/>\n<meta name=\"robots\" content=\"index, follow, max-snippet:-1, max-image-preview:large, max-video-preview:-1\" \/>\n<link rel=\"canonical\" href=\"https:\/\/carnevalesanremo.it\/de\/pakete-blumenparade-san-remo-in-voller-blute\/\" \/>\n<meta property=\"og:locale\" content=\"de_DE\" \/>\n<meta property=\"og:type\" content=\"article\" \/>\n<meta property=\"og:title\" content=\"Pakete Blumencorso San Remo | SANREMO CORSO FIORITO 2026\" \/>\n<meta property=\"og:description\" content=\"Buchen Sie die Pakete SANREMO CORSO FIORITO 2026 , um den San Remo Karneval zu besuchen, indem Sie in einer unserer Hotels \u00fcbernachten.\" \/>\n<meta property=\"og:url\" content=\"https:\/\/carnevalesanremo.it\/de\/pakete-blumenparade-san-remo-in-voller-blute\/\" \/>\n<meta property=\"og:site_name\" content=\"SANREMO CORSO FIORITO 2026\" \/>\n<meta property=\"article:modified_time\" content=\"2025-02-17T12:28:12+00:00\" \/>\n<meta name=\"twitter:label1\" content=\"Gesch\u00e4tzte Lesezeit\" \/>\n\t<meta name=\"twitter:data1\" content=\"2\u00a0Minuten\" \/>\n<script type=\"application\/ld+json\" class=\"yoast-schema-graph\">{\"@context\":\"https:\/\/schema.org\",\"@graph\":[{\"@type\":\"WebPage\",\"@id\":\"https:\/\/carnevalesanremo.it\/de\/pakete-blumenparade-san-remo-in-voller-blute\/\",\"url\":\"https:\/\/carnevalesanremo.it\/de\/pakete-blumenparade-san-remo-in-voller-blute\/\",\"name\":\"Pakete Blumencorso San Remo | SANREMO CORSO FIORITO 2026\",\"isPartOf\":{\"@id\":\"https:\/\/carnevalesanremo.it\/#website\"},\"datePublished\":\"2016-01-18T13:01:37+00:00\",\"dateModified\":\"2025-02-17T12:28:12+00:00\",\"description\":\"Buchen Sie die Pakete SANREMO CORSO FIORITO 2026 , um den San Remo Karneval zu besuchen, indem Sie in einer unserer Hotels \u00fcbernachten.\",\"breadcrumb\":{\"@id\":\"https:\/\/carnevalesanremo.it\/de\/pakete-blumenparade-san-remo-in-voller-blute\/#breadcrumb\"},\"inLanguage\":\"de\",\"potentialAction\":[{\"@type\":\"ReadAction\",\"target\":[\"https:\/\/carnevalesanremo.it\/de\/pakete-blumenparade-san-remo-in-voller-blute\/\"]}]},{\"@type\":\"BreadcrumbList\",\"@id\":\"https:\/\/carnevalesanremo.it\/de\/pakete-blumenparade-san-remo-in-voller-blute\/#breadcrumb\",\"itemListElement\":[{\"@type\":\"ListItem\",\"position\":1,\"name\":\"Home\",\"item\":\"https:\/\/carnevalesanremo.it\/de\/\"},{\"@type\":\"ListItem\",\"position\":2,\"name\":\"Pakete Blumencorso San Remo\"}]},{\"@type\":\"WebSite\",\"@id\":\"https:\/\/carnevalesanremo.it\/#website\",\"url\":\"https:\/\/carnevalesanremo.it\/\",\"name\":\"SANREMO CORSO FIORITO 2026\",\"description\":\"BLUMENPARADE | BLUMENCORSO | KARNAVAL VON SAN REMO 2026\",\"potentialAction\":[{\"@type\":\"SearchAction\",\"target\":{\"@type\":\"EntryPoint\",\"urlTemplate\":\"https:\/\/carnevalesanremo.it\/?s={search_term_string}\"},\"query-input\":\"required name=search_term_string\"}],\"inLanguage\":\"de\"}]}<\/script>\n<!-- \/ Yoast SEO plugin. -->","yoast_head_json":{"title":"Pakete Blumencorso San Remo | SANREMO CORSO FIORITO 2026","description":"Buchen Sie die Pakete SANREMO CORSO FIORITO 2026 , um den San Remo Karneval zu besuchen, indem Sie in einer unserer Hotels \u00fcbernachten.","robots":{"index":"index","follow":"follow","max-snippet":"max-snippet:-1","max-image-preview":"max-image-preview:large","max-video-preview":"max-video-preview:-1"},"canonical":"https:\/\/carnevalesanremo.it\/de\/pakete-blumenparade-san-remo-in-voller-blute\/","og_locale":"de_DE","og_type":"article","og_title":"Pakete Blumencorso San Remo | SANREMO CORSO FIORITO 2026","og_description":"Buchen Sie die Pakete SANREMO CORSO FIORITO 2026 , um den San Remo Karneval zu besuchen, indem Sie in einer unserer Hotels \u00fcbernachten.","og_url":"https:\/\/carnevalesanremo.it\/de\/pakete-blumenparade-san-remo-in-voller-blute\/","og_site_name":"SANREMO CORSO FIORITO 2026","article_modified_time":"2025-02-17T12:28:12+00:00","twitter_misc":{"Gesch\u00e4tzte Lesezeit":"2\u00a0Minuten"},"schema":{"@context":"https:\/\/schema.org","@graph":[{"@type":"WebPage","@id":"https:\/\/carnevalesanremo.it\/de\/pakete-blumenparade-san-remo-in-voller-blute\/","url":"https:\/\/carnevalesanremo.it\/de\/pakete-blumenparade-san-remo-in-voller-blute\/","name":"Pakete Blumencorso San Remo | SANREMO CORSO FIORITO 2026","isPartOf":{"@id":"https:\/\/carnevalesanremo.it\/#website"},"datePublished":"2016-01-18T13:01:37+00:00","dateModified":"2025-02-17T12:28:12+00:00","description":"Buchen Sie die Pakete SANREMO CORSO FIORITO 2026 , um den San Remo Karneval zu besuchen, indem Sie in einer unserer Hotels \u00fcbernachten.","breadcrumb":{"@id":"https:\/\/carnevalesanremo.it\/de\/pakete-blumenparade-san-remo-in-voller-blute\/#breadcrumb"},"inLanguage":"de","potentialAction":[{"@type":"ReadAction","target":["https:\/\/carnevalesanremo.it\/de\/pakete-blumenparade-san-remo-in-voller-blute\/"]}]},{"@type":"BreadcrumbList","@id":"https:\/\/carnevalesanremo.it\/de\/pakete-blumenparade-san-remo-in-voller-blute\/#breadcrumb","itemListElement":[{"@type":"ListItem","position":1,"name":"Home","item":"https:\/\/carnevalesanremo.it\/de\/"},{"@type":"ListItem","position":2,"name":"Pakete Blumencorso San Remo"}]},{"@type":"WebSite","@id":"https:\/\/carnevalesanremo.it\/#website","url":"https:\/\/carnevalesanremo.it\/","name":"SANREMO CORSO FIORITO 2026","description":"BLUMENPARADE | BLUMENCORSO | KARNAVAL VON SAN REMO 2026","potentialAction":[{"@type":"SearchAction","target":{"@type":"EntryPoint","urlTemplate":"https:\/\/carnevalesanremo.it\/?s={search_term_string}"},"query-input":"required name=search_term_string"}],"inLanguage":"de"}]}},"_links":{"self":[{"href":"https:\/\/carnevalesanremo.it\/de\/wp-json\/wp\/v2\/pages\/26392"}],"collection":[{"href":"https:\/\/carnevalesanremo.it\/de\/wp-json\/wp\/v2\/pages"}],"about":[{"href":"https:\/\/carnevalesanremo.it\/de\/wp-json\/wp\/v2\/types\/page"}],"author":[{"embeddable":true,"href":"https:\/\/carnevalesanremo.it\/de\/wp-json\/wp\/v2\/users\/1"}],"replies":[{"embeddable":true,"href":"https:\/\/carnevalesanremo.it\/de\/wp-json\/wp\/v2\/comments?post=26392"}],"version-history":[{"count":26,"href":"https:\/\/carnevalesanremo.it\/de\/wp-json\/wp\/v2\/pages\/26392\/revisions"}],"predecessor-version":[{"id":237743,"href":"https:\/\/carnevalesanremo.it\/de\/wp-json\/wp\/v2\/pages\/26392\/revisions\/237743"}],"wp:attachment":[{"href":"https:\/\/carnevalesanremo.it\/de\/wp-json\/wp\/v2\/media?parent=26392"}],"curies":[{"name":"wp","href":"https:\/\/api.w.org\/{rel}","templated":true}]}}