{"id":26708,"date":"2016-01-23T16:05:56","date_gmt":"2016-01-23T16:05:56","guid":{"rendered":"http:\/\/carnevalesanremo.it\/tickets-fur-die-blumenparade-in-san-remo-in-voller-blute-2016\/"},"modified":"2026-02-16T11:10:37","modified_gmt":"2026-02-16T11:10:37","slug":"tickets-fur-die-blumenparade-in-san-remo-in-voller-blute","status":"publish","type":"page","link":"https:\/\/carnevalesanremo.it\/de\/tickets-fur-die-blumenparade-in-san-remo-in-voller-blute\/","title":{"rendered":"Tickets f\u00fcr die Blumenparade in San Remo in voller Bl\u00fcte"},"content":{"rendered":"<p>[et_pb_section fb_built=&#8220;1&#8243; fullwidth=&#8220;on&#8220; _builder_version=&#8220;4.17.4&#8243; _module_preset=&#8220;default&#8220; locked=&#8220;off&#8220; global_colors_info=&#8220;{}&#8220;][et_pb_fullwidth_slider _builder_version=&#8220;4.22.0&#8243; _module_preset=&#8220;default&#8220; global_colors_info=&#8220;{}&#8220;][et_pb_slide heading=&#8220;Tickets f\u00fcr die Blumenparade in San Remo in voller Bl\u00fcte&#8220; _builder_version=&#8220;4.22.0&#8243; _module_preset=&#8220;default&#8220; background_image=&#8220;https:\/\/carnevalesanremo.it\/wp-content\/uploads\/2024\/01\/corso-fiorito-sfilata-carri-acquista-biglietti-carnevale-di-sanremo-e1706528766787.jpg&#8220; background_enable_image=&#8220;on&#8220; global_colors_info=&#8220;{}&#8220; sticky_transition=&#8220;on&#8220;][\/et_pb_slide][\/et_pb_fullwidth_slider][\/et_pb_section][et_pb_section fb_built=&#8220;1&#8243; _builder_version=&#8220;4.16&#8243; global_colors_info=&#8220;{}&#8220;][et_pb_row _builder_version=&#8220;4.16&#8243; background_size=&#8220;initial&#8220; background_position=&#8220;top_left&#8220; background_repeat=&#8220;repeat&#8220; global_colors_info=&#8220;{}&#8220;][et_pb_column type=&#8220;4_4&#8243; _builder_version=&#8220;4.16&#8243; custom_padding=&#8220;|||&#8220; global_colors_info=&#8220;{}&#8220; custom_padding__hover=&#8220;|||&#8220;][et_pb_text _builder_version=&#8220;4.22.0&#8243; background_size=&#8220;initial&#8220; background_position=&#8220;top_left&#8220; background_repeat=&#8220;repeat&#8220; global_colors_info=&#8220;{}&#8220;]<\/p>\n<h3>Kaufen Sie Tickets f\u00fcr die Blumenparade San Remo Corso Fiorito 2026 (Sanremo in Fiore 2026), das entlang der K\u00fcste von San Remo stattfinden wird.<\/h3>\n<h3>\u00a0<\/h3>\n<h3>M\u00f6chten Sie das lange Spektakel der Festwagen, die den Corso Fiorito entlangziehen, bequem von Ihrem Sitzplatz aus genie\u00dfen?<\/h3>\n<p>In den kommenden Wochen werden wir Sie dar\u00fcber informieren, wie Sie die von der Gemeinde Sanremo festgelegten Sitzpl\u00e4tze auf dem Corso Fiorito erwerben k\u00f6nnen.<\/p>\n<h3>\u00a0<\/h3>\n<h3>Zugang zur Strecke<\/h3>\n<p><strong>Zugang zu dem Standort: kostenlos.<\/strong><\/p>\n<h3>\u00a0<\/h3>\n<h3>SITZGELEGENHEIT<\/h3>\n<p>Die Sitzpl\u00e4tze sind kostenpflichtig.<br \/><!--<\/p>\n\n\n\n\n<p>Tariffa unica biglietto del posto a sedere tribune: \u20ac 20,00<\/p>\n\n\n\n\n<p>(rif. Delibera della Giunta Comunale n. 7 del 17\/01\/2018)<\/p>\n\n\n\n\n<p><span style=\"color: #ff0000;\"><strong>La prevendita sar\u00e0 attiva dal 20 febbraio.<\/strong><\/span><\/p>\n\n\n\n\n<p><strong>PREVENDITA ONLINE<\/strong><\/p>\n\n\n\n\n<p>Pagamento con carta di credito.<\/p>\n\n\n\n\n<p><span style=\"color: #ff0000;\"><strong>\u00a0<\/strong><\/span><\/p>\n\n\n\n\n<p>--><br \/><strong>BOX OFFICE<\/strong><\/p>\n<p>Infopoint Sanremo<br \/>Palafiori, Corso Garibaldi<br \/>Tel. +39 0184 580 500<\/p>\n<p><strong>\u00d6FFNUNGSZEITEN<\/strong><br \/>Mon-Sun 9.30-13.00<br \/>Tues-Thurs-Fri-Sat 15.00-18.30<\/p>\n<p>[\/et_pb_text][\/et_pb_column][\/et_pb_row][\/et_pb_section]<\/p>\n","protected":false},"excerpt":{"rendered":"<p>Kaufen Sie Tickets f\u00fcr die Blumenparade San Remo Corso Fiorito 2026 (Sanremo in Fiore 2026), das entlang der K\u00fcste von San Remo stattfinden wird. \u00a0 M\u00f6chten Sie das lange Spektakel der Festwagen, die den Corso Fiorito entlangziehen, bequem von Ihrem Sitzplatz aus genie\u00dfen? In den kommenden Wochen werden wir Sie dar\u00fcber informieren, wie Sie die [&hellip;]<\/p>\n","protected":false},"author":1,"featured_media":0,"parent":0,"menu_order":0,"comment_status":"closed","ping_status":"open","template":"","meta":{"_et_pb_use_builder":"on","_et_pb_old_content":"","_et_gb_content_width":"","footnotes":""},"yoast_head":"<!-- This site is optimized with the Yoast SEO plugin v21.9.1 - https:\/\/yoast.com\/wordpress\/plugins\/seo\/ -->\n<title>Tickets f\u00fcr die Blumenparade in San Remo in voller Bl\u00fcte | SANREMO CORSO FIORITO 2026<\/title>\n<meta name=\"description\" content=\"SANREMO CORSO FIORITO 2026 Buchen Sie Tickets f\u00fcr Sitzpl\u00e4tze und Pauschalreisen, um den Karneval von Sanremo zu genie\u00dfen\" \/>\n<meta name=\"robots\" content=\"index, follow, max-snippet:-1, max-image-preview:large, max-video-preview:-1\" \/>\n<link rel=\"canonical\" href=\"https:\/\/carnevalesanremo.it\/de\/tickets-fur-die-blumenparade-in-san-remo-in-voller-blute\/\" \/>\n<meta property=\"og:locale\" content=\"de_DE\" \/>\n<meta property=\"og:type\" content=\"article\" \/>\n<meta property=\"og:title\" content=\"Tickets f\u00fcr die Blumenparade in San Remo in voller Bl\u00fcte | SANREMO CORSO FIORITO 2026\" \/>\n<meta property=\"og:description\" content=\"SANREMO CORSO FIORITO 2026 Buchen Sie Tickets f\u00fcr Sitzpl\u00e4tze und Pauschalreisen, um den Karneval von Sanremo zu genie\u00dfen\" \/>\n<meta property=\"og:url\" content=\"https:\/\/carnevalesanremo.it\/de\/tickets-fur-die-blumenparade-in-san-remo-in-voller-blute\/\" \/>\n<meta property=\"og:site_name\" content=\"SANREMO CORSO FIORITO 2026\" \/>\n<meta property=\"article:modified_time\" content=\"2026-02-16T11:10:37+00:00\" \/>\n<meta name=\"twitter:label1\" content=\"Gesch\u00e4tzte Lesezeit\" \/>\n\t<meta name=\"twitter:data1\" content=\"1\u00a0Minute\" \/>\n<script type=\"application\/ld+json\" class=\"yoast-schema-graph\">{\"@context\":\"https:\/\/schema.org\",\"@graph\":[{\"@type\":\"WebPage\",\"@id\":\"https:\/\/carnevalesanremo.it\/de\/tickets-fur-die-blumenparade-in-san-remo-in-voller-blute\/\",\"url\":\"https:\/\/carnevalesanremo.it\/de\/tickets-fur-die-blumenparade-in-san-remo-in-voller-blute\/\",\"name\":\"Tickets f\u00fcr die Blumenparade in San Remo in voller Bl\u00fcte | SANREMO CORSO FIORITO 2026\",\"isPartOf\":{\"@id\":\"https:\/\/carnevalesanremo.it\/#website\"},\"datePublished\":\"2016-01-23T16:05:56+00:00\",\"dateModified\":\"2026-02-16T11:10:37+00:00\",\"description\":\"SANREMO CORSO FIORITO 2026 Buchen Sie Tickets f\u00fcr Sitzpl\u00e4tze und Pauschalreisen, um den Karneval von Sanremo zu genie\u00dfen\",\"breadcrumb\":{\"@id\":\"https:\/\/carnevalesanremo.it\/de\/tickets-fur-die-blumenparade-in-san-remo-in-voller-blute\/#breadcrumb\"},\"inLanguage\":\"de\",\"potentialAction\":[{\"@type\":\"ReadAction\",\"target\":[\"https:\/\/carnevalesanremo.it\/de\/tickets-fur-die-blumenparade-in-san-remo-in-voller-blute\/\"]}]},{\"@type\":\"BreadcrumbList\",\"@id\":\"https:\/\/carnevalesanremo.it\/de\/tickets-fur-die-blumenparade-in-san-remo-in-voller-blute\/#breadcrumb\",\"itemListElement\":[{\"@type\":\"ListItem\",\"position\":1,\"name\":\"Home\",\"item\":\"https:\/\/carnevalesanremo.it\/de\/\"},{\"@type\":\"ListItem\",\"position\":2,\"name\":\"Tickets f\u00fcr die Blumenparade in San Remo in voller Bl\u00fcte\"}]},{\"@type\":\"WebSite\",\"@id\":\"https:\/\/carnevalesanremo.it\/#website\",\"url\":\"https:\/\/carnevalesanremo.it\/\",\"name\":\"SANREMO CORSO FIORITO 2026\",\"description\":\"BLUMENPARADE | BLUMENCORSO | KARNAVAL VON SAN REMO 2026\",\"potentialAction\":[{\"@type\":\"SearchAction\",\"target\":{\"@type\":\"EntryPoint\",\"urlTemplate\":\"https:\/\/carnevalesanremo.it\/?s={search_term_string}\"},\"query-input\":\"required name=search_term_string\"}],\"inLanguage\":\"de\"}]}<\/script>\n<!-- \/ Yoast SEO plugin. -->","yoast_head_json":{"title":"Tickets f\u00fcr die Blumenparade in San Remo in voller Bl\u00fcte | SANREMO CORSO FIORITO 2026","description":"SANREMO CORSO FIORITO 2026 Buchen Sie Tickets f\u00fcr Sitzpl\u00e4tze und Pauschalreisen, um den Karneval von Sanremo zu genie\u00dfen","robots":{"index":"index","follow":"follow","max-snippet":"max-snippet:-1","max-image-preview":"max-image-preview:large","max-video-preview":"max-video-preview:-1"},"canonical":"https:\/\/carnevalesanremo.it\/de\/tickets-fur-die-blumenparade-in-san-remo-in-voller-blute\/","og_locale":"de_DE","og_type":"article","og_title":"Tickets f\u00fcr die Blumenparade in San Remo in voller Bl\u00fcte | SANREMO CORSO FIORITO 2026","og_description":"SANREMO CORSO FIORITO 2026 Buchen Sie Tickets f\u00fcr Sitzpl\u00e4tze und Pauschalreisen, um den Karneval von Sanremo zu genie\u00dfen","og_url":"https:\/\/carnevalesanremo.it\/de\/tickets-fur-die-blumenparade-in-san-remo-in-voller-blute\/","og_site_name":"SANREMO CORSO FIORITO 2026","article_modified_time":"2026-02-16T11:10:37+00:00","twitter_misc":{"Gesch\u00e4tzte Lesezeit":"1\u00a0Minute"},"schema":{"@context":"https:\/\/schema.org","@graph":[{"@type":"WebPage","@id":"https:\/\/carnevalesanremo.it\/de\/tickets-fur-die-blumenparade-in-san-remo-in-voller-blute\/","url":"https:\/\/carnevalesanremo.it\/de\/tickets-fur-die-blumenparade-in-san-remo-in-voller-blute\/","name":"Tickets f\u00fcr die Blumenparade in San Remo in voller Bl\u00fcte | SANREMO CORSO FIORITO 2026","isPartOf":{"@id":"https:\/\/carnevalesanremo.it\/#website"},"datePublished":"2016-01-23T16:05:56+00:00","dateModified":"2026-02-16T11:10:37+00:00","description":"SANREMO CORSO FIORITO 2026 Buchen Sie Tickets f\u00fcr Sitzpl\u00e4tze und Pauschalreisen, um den Karneval von Sanremo zu genie\u00dfen","breadcrumb":{"@id":"https:\/\/carnevalesanremo.it\/de\/tickets-fur-die-blumenparade-in-san-remo-in-voller-blute\/#breadcrumb"},"inLanguage":"de","potentialAction":[{"@type":"ReadAction","target":["https:\/\/carnevalesanremo.it\/de\/tickets-fur-die-blumenparade-in-san-remo-in-voller-blute\/"]}]},{"@type":"BreadcrumbList","@id":"https:\/\/carnevalesanremo.it\/de\/tickets-fur-die-blumenparade-in-san-remo-in-voller-blute\/#breadcrumb","itemListElement":[{"@type":"ListItem","position":1,"name":"Home","item":"https:\/\/carnevalesanremo.it\/de\/"},{"@type":"ListItem","position":2,"name":"Tickets f\u00fcr die Blumenparade in San Remo in voller Bl\u00fcte"}]},{"@type":"WebSite","@id":"https:\/\/carnevalesanremo.it\/#website","url":"https:\/\/carnevalesanremo.it\/","name":"SANREMO CORSO FIORITO 2026","description":"BLUMENPARADE | BLUMENCORSO | KARNAVAL VON SAN REMO 2026","potentialAction":[{"@type":"SearchAction","target":{"@type":"EntryPoint","urlTemplate":"https:\/\/carnevalesanremo.it\/?s={search_term_string}"},"query-input":"required name=search_term_string"}],"inLanguage":"de"}]}},"_links":{"self":[{"href":"https:\/\/carnevalesanremo.it\/de\/wp-json\/wp\/v2\/pages\/26708"}],"collection":[{"href":"https:\/\/carnevalesanremo.it\/de\/wp-json\/wp\/v2\/pages"}],"about":[{"href":"https:\/\/carnevalesanremo.it\/de\/wp-json\/wp\/v2\/types\/page"}],"author":[{"embeddable":true,"href":"https:\/\/carnevalesanremo.it\/de\/wp-json\/wp\/v2\/users\/1"}],"replies":[{"embeddable":true,"href":"https:\/\/carnevalesanremo.it\/de\/wp-json\/wp\/v2\/comments?post=26708"}],"version-history":[{"count":20,"href":"https:\/\/carnevalesanremo.it\/de\/wp-json\/wp\/v2\/pages\/26708\/revisions"}],"predecessor-version":[{"id":238064,"href":"https:\/\/carnevalesanremo.it\/de\/wp-json\/wp\/v2\/pages\/26708\/revisions\/238064"}],"wp:attachment":[{"href":"https:\/\/carnevalesanremo.it\/de\/wp-json\/wp\/v2\/media?parent=26708"}],"curies":[{"name":"wp","href":"https:\/\/api.w.org\/{rel}","templated":true}]}}