{"id":26802,"date":"2016-01-24T10:31:24","date_gmt":"2016-01-24T10:31:24","guid":{"rendered":"http:\/\/carnevalesanremo.it\/die-parade-des-blumenkorsos-von-san-remo-1900-1966\/"},"modified":"2024-12-05T09:47:25","modified_gmt":"2024-12-05T09:47:25","slug":"die-parade-des-blumenkorsos-von-san-remo-1900-1966","status":"publish","type":"page","link":"https:\/\/carnevalesanremo.it\/de\/die-parade-des-blumenkorsos-von-san-remo-1900-1966\/","title":{"rendered":"Die Parade des Blumenkorsos von San Remo (1900-1966)"},"content":{"rendered":"<p>[et_pb_section fb_built=&#8220;1&#8243; fullwidth=&#8220;on&#8220; _builder_version=&#8220;4.17.4&#8243; _module_preset=&#8220;default&#8220; hover_enabled=&#8220;0&#8243; locked=&#8220;off&#8220; global_colors_info=&#8220;{}&#8220; sticky_enabled=&#8220;0&#8243; theme_builder_area=&#8220;post_content&#8220;][et_pb_fullwidth_slider _builder_version=&#8220;4.22.0&#8243; _module_preset=&#8220;default&#8220; hover_enabled=&#8220;0&#8243; global_colors_info=&#8220;{}&#8220; sticky_enabled=&#8220;0&#8243; theme_builder_area=&#8220;post_content&#8220;][et_pb_slide heading=&#8220;Die Parade des Blumenkorsos von San Remo (1900-1966)&#8220; _builder_version=&#8220;4.22.0&#8243; _module_preset=&#8220;default&#8220; background_image=&#8220;https:\/\/carnevalesanremo.it\/wp-content\/uploads\/2016\/02\/carri-fioriti-sanremo.jpg&#8220; background_enable_image=&#8220;on&#8220; hover_enabled=&#8220;0&#8243; global_colors_info=&#8220;{}&#8220; sticky_transition=&#8220;on&#8220; theme_builder_area=&#8220;post_content&#8220; sticky_enabled=&#8220;0&#8243; title_text=&#8220;carri fioriti sanremo&#8220;][\/et_pb_slide][\/et_pb_fullwidth_slider][\/et_pb_section][et_pb_section fb_built=&#8220;1&#8243; _builder_version=&#8220;4.16&#8243; hover_enabled=&#8220;0&#8243; global_colors_info=&#8220;{}&#8220; sticky_enabled=&#8220;0&#8243;][et_pb_row _builder_version=&#8220;4.16&#8243; background_size=&#8220;initial&#8220; background_position=&#8220;top_left&#8220; background_repeat=&#8220;repeat&#8220; global_colors_info=&#8220;{}&#8220;][et_pb_column type=&#8220;4_4&#8243; _builder_version=&#8220;4.16&#8243; custom_padding=&#8220;|||&#8220; hover_enabled=&#8220;0&#8243; global_colors_info=&#8220;{}&#8220; custom_padding__hover=&#8220;|||&#8220; sticky_enabled=&#8220;0&#8243;][et_pb_text _builder_version=&#8220;4.22.0&#8243; background_size=&#8220;initial&#8220; background_position=&#8220;top_left&#8220; background_repeat=&#8220;repeat&#8220; hover_enabled=&#8220;0&#8243; global_colors_info=&#8220;{}&#8220; sticky_enabled=&#8220;0&#8243;]<\/p>\n<h3>Die Tradition des Blumenkorsos von San Remo geht zur\u00fcck auf den Anfang der modernen Blumenzucht, zwischen dem 1800 und 1900 Jahrhundert.<\/h3>\n<p>Die erste Edition, an die wir eine Erinnerung haben, ist die der <em><strong>&#8222;Festa della Dea Flora&#8220;<\/strong><\/em> (Die Feier der G\u00f6ttin Flora) von 1903, bei der die Neuz\u00fcchtungen der San Remo Blumenzucht eine elegante Parade von mit Blumen geschm\u00fcckten Kutschen im Herzen von San Remo w\u00e4hrend der Belle Epoque Periode schm\u00fcckten.<\/p>\n<p>Die Parade des Blumenkorsos von San Remo und der umliegenden St\u00e4dte wurde von dem ersten Weltkrieg unterbrochen, um dann 1921 neu zu beginnen und dann wieder durch eine Serie von eisigen Wintern unterbrochen zu werden, der die Blumenproduktion in diesem Gebiet stark verw\u00fcstete.<\/p>\n<p>In den Drei\u00dfigern erschienen die ersten sinnbildlichen Korsos, die entlang des Via Vittorio paradierten, heute Via Matteotti, der sich zwischen zwei massigen Fl\u00fcgeln befindet, die \u00fcber die Volksgruppen gesperrt sind, die Blumen in die Menge warfen. Das war das Modell des <em><strong>&#8222;Battaglia dei Fiori&#8220;<\/strong><\/em> (Kampf der Blumen), die immer noch eine wichtige Tradition f\u00fcr Ventimiglia im Monat Juni und f\u00fcr Nizza w\u00e4hrend des Karnevals im Februar darstellt.<\/p>\n<p>Nach der Unterbrechung des Weltkriegs, war es w\u00e4hrend der 50er und 60er, dass die Veranstaltung ihren H\u00f6hepunkt erreichte, was dank der Fernsehsendung Eurovision geschah, die die Sch\u00f6nheit des Klimas in San Remo in die kalten und schneereichen St\u00e4dte von Nordeuropa brachte. Das war die Periode von <em><strong>Europa in voller Bl\u00fcte<\/strong><\/em>, mit den Blumenkorsos, die nach den Namen europ\u00e4ischer L\u00e4nder benannt wurden, was von Prominenten und den Missen aus europ\u00e4ischen L\u00e4ndern begleitet wurde. Heute liegt die Bekanntheit der Veranstaltung immer noch dem europ\u00e4ischen Fernsehen zugrunde.<\/p>\n<p>W\u00e4hrend dieser Jahre, dank der Kreativit\u00e4t von Rino Ceriolo, hat die Parade einen gro\u00dfen Durchbruch mit ihrer bewundernswerten Eleganz und verbesserter technischer Fertigkeit erlebt. Auf der Webseite des Fotografen Max Mencarelli k\u00f6nnen Sie einige <a href=\"https:\/\/www.maxmencarelli.com\/cerano-una-volta-i-carri-fioriti\/\">alte Fotos<\/a> aus diesen Jahren sehen.<\/p>\n<p>Dann war die Veranstaltung von 1967 bis 1980 in Vergessenheit geraten.<\/p>\n<p>[\/et_pb_text][\/et_pb_column][\/et_pb_row][\/et_pb_section]<\/p>\n","protected":false},"excerpt":{"rendered":"<p>Die Tradition des Blumenkorsos von San Remo geht zur\u00fcck auf den Anfang der modernen Blumenzucht, zwischen dem 1800 und 1900 Jahrhundert. Die erste Edition, an die wir eine Erinnerung haben, ist die der &#8222;Festa della Dea Flora&#8220; (Die Feier der G\u00f6ttin Flora) von 1903, bei der die Neuz\u00fcchtungen der San Remo Blumenzucht eine elegante Parade [&hellip;]<\/p>\n","protected":false},"author":1,"featured_media":0,"parent":0,"menu_order":0,"comment_status":"closed","ping_status":"open","template":"","meta":{"_et_pb_use_builder":"on","_et_pb_old_content":"","_et_gb_content_width":"","footnotes":""},"yoast_head":"<!-- This site is optimized with the Yoast SEO plugin v21.9.1 - https:\/\/yoast.com\/wordpress\/plugins\/seo\/ -->\n<title>Die Parade des Blumenkorsos von San Remo (1900-1966) | SANREMO CORSO FIORITO 2026<\/title>\n<meta name=\"description\" content=\"Die Parade des Blumenkorsos von San Remo wurde in der goldenen Periode der Blumenzucht und der Belle Epoque geboren\" \/>\n<meta name=\"robots\" content=\"index, follow, max-snippet:-1, max-image-preview:large, max-video-preview:-1\" \/>\n<link rel=\"canonical\" href=\"https:\/\/carnevalesanremo.it\/carri-fioriti-di-sanremo\/\" \/>\n<meta property=\"og:locale\" content=\"de_DE\" \/>\n<meta property=\"og:type\" content=\"article\" \/>\n<meta property=\"og:title\" content=\"Die Parade des Blumenkorsos von San Remo (1900-1966) | SANREMO CORSO FIORITO 2026\" \/>\n<meta property=\"og:description\" content=\"Die Parade des Blumenkorsos von San Remo wurde in der goldenen Periode der Blumenzucht und der Belle Epoque geboren\" \/>\n<meta property=\"og:url\" content=\"https:\/\/carnevalesanremo.it\/carri-fioriti-di-sanremo\/\" \/>\n<meta property=\"og:site_name\" content=\"SANREMO CORSO FIORITO 2026\" \/>\n<meta property=\"article:modified_time\" content=\"2024-12-05T09:47:25+00:00\" \/>\n<meta name=\"twitter:label1\" content=\"Gesch\u00e4tzte Lesezeit\" \/>\n\t<meta name=\"twitter:data1\" content=\"2\u00a0Minuten\" \/>\n<script type=\"application\/ld+json\" class=\"yoast-schema-graph\">{\"@context\":\"https:\/\/schema.org\",\"@graph\":[{\"@type\":\"WebPage\",\"@id\":\"https:\/\/carnevalesanremo.it\/carri-fioriti-di-sanremo\/\",\"url\":\"https:\/\/carnevalesanremo.it\/carri-fioriti-di-sanremo\/\",\"name\":\"Die Parade des Blumenkorsos von San Remo (1900-1966) | SANREMO CORSO FIORITO 2026\",\"isPartOf\":{\"@id\":\"https:\/\/carnevalesanremo.it\/#website\"},\"datePublished\":\"2016-01-24T10:31:24+00:00\",\"dateModified\":\"2024-12-05T09:47:25+00:00\",\"description\":\"Die Parade des Blumenkorsos von San Remo wurde in der goldenen Periode der Blumenzucht und der Belle Epoque geboren\",\"breadcrumb\":{\"@id\":\"https:\/\/carnevalesanremo.it\/carri-fioriti-di-sanremo\/#breadcrumb\"},\"inLanguage\":\"de\",\"potentialAction\":[{\"@type\":\"ReadAction\",\"target\":[\"https:\/\/carnevalesanremo.it\/carri-fioriti-di-sanremo\/\"]}]},{\"@type\":\"BreadcrumbList\",\"@id\":\"https:\/\/carnevalesanremo.it\/carri-fioriti-di-sanremo\/#breadcrumb\",\"itemListElement\":[{\"@type\":\"ListItem\",\"position\":1,\"name\":\"Home\",\"item\":\"https:\/\/carnevalesanremo.it\/de\/\"},{\"@type\":\"ListItem\",\"position\":2,\"name\":\"Die Parade des Blumenkorsos von San Remo (1900-1966)\"}]},{\"@type\":\"WebSite\",\"@id\":\"https:\/\/carnevalesanremo.it\/#website\",\"url\":\"https:\/\/carnevalesanremo.it\/\",\"name\":\"SANREMO CORSO FIORITO 2026\",\"description\":\"BLUMENPARADE | BLUMENCORSO | KARNAVAL VON SAN REMO 2026\",\"potentialAction\":[{\"@type\":\"SearchAction\",\"target\":{\"@type\":\"EntryPoint\",\"urlTemplate\":\"https:\/\/carnevalesanremo.it\/?s={search_term_string}\"},\"query-input\":\"required name=search_term_string\"}],\"inLanguage\":\"de\"}]}<\/script>\n<!-- \/ Yoast SEO plugin. -->","yoast_head_json":{"title":"Die Parade des Blumenkorsos von San Remo (1900-1966) | SANREMO CORSO FIORITO 2026","description":"Die Parade des Blumenkorsos von San Remo wurde in der goldenen Periode der Blumenzucht und der Belle Epoque geboren","robots":{"index":"index","follow":"follow","max-snippet":"max-snippet:-1","max-image-preview":"max-image-preview:large","max-video-preview":"max-video-preview:-1"},"canonical":"https:\/\/carnevalesanremo.it\/carri-fioriti-di-sanremo\/","og_locale":"de_DE","og_type":"article","og_title":"Die Parade des Blumenkorsos von San Remo (1900-1966) | SANREMO CORSO FIORITO 2026","og_description":"Die Parade des Blumenkorsos von San Remo wurde in der goldenen Periode der Blumenzucht und der Belle Epoque geboren","og_url":"https:\/\/carnevalesanremo.it\/carri-fioriti-di-sanremo\/","og_site_name":"SANREMO CORSO FIORITO 2026","article_modified_time":"2024-12-05T09:47:25+00:00","twitter_misc":{"Gesch\u00e4tzte Lesezeit":"2\u00a0Minuten"},"schema":{"@context":"https:\/\/schema.org","@graph":[{"@type":"WebPage","@id":"https:\/\/carnevalesanremo.it\/carri-fioriti-di-sanremo\/","url":"https:\/\/carnevalesanremo.it\/carri-fioriti-di-sanremo\/","name":"Die Parade des Blumenkorsos von San Remo (1900-1966) | SANREMO CORSO FIORITO 2026","isPartOf":{"@id":"https:\/\/carnevalesanremo.it\/#website"},"datePublished":"2016-01-24T10:31:24+00:00","dateModified":"2024-12-05T09:47:25+00:00","description":"Die Parade des Blumenkorsos von San Remo wurde in der goldenen Periode der Blumenzucht und der Belle Epoque geboren","breadcrumb":{"@id":"https:\/\/carnevalesanremo.it\/carri-fioriti-di-sanremo\/#breadcrumb"},"inLanguage":"de","potentialAction":[{"@type":"ReadAction","target":["https:\/\/carnevalesanremo.it\/carri-fioriti-di-sanremo\/"]}]},{"@type":"BreadcrumbList","@id":"https:\/\/carnevalesanremo.it\/carri-fioriti-di-sanremo\/#breadcrumb","itemListElement":[{"@type":"ListItem","position":1,"name":"Home","item":"https:\/\/carnevalesanremo.it\/de\/"},{"@type":"ListItem","position":2,"name":"Die Parade des Blumenkorsos von San Remo (1900-1966)"}]},{"@type":"WebSite","@id":"https:\/\/carnevalesanremo.it\/#website","url":"https:\/\/carnevalesanremo.it\/","name":"SANREMO CORSO FIORITO 2026","description":"BLUMENPARADE | BLUMENCORSO | KARNAVAL VON SAN REMO 2026","potentialAction":[{"@type":"SearchAction","target":{"@type":"EntryPoint","urlTemplate":"https:\/\/carnevalesanremo.it\/?s={search_term_string}"},"query-input":"required name=search_term_string"}],"inLanguage":"de"}]}},"_links":{"self":[{"href":"https:\/\/carnevalesanremo.it\/de\/wp-json\/wp\/v2\/pages\/26802"}],"collection":[{"href":"https:\/\/carnevalesanremo.it\/de\/wp-json\/wp\/v2\/pages"}],"about":[{"href":"https:\/\/carnevalesanremo.it\/de\/wp-json\/wp\/v2\/types\/page"}],"author":[{"embeddable":true,"href":"https:\/\/carnevalesanremo.it\/de\/wp-json\/wp\/v2\/users\/1"}],"replies":[{"embeddable":true,"href":"https:\/\/carnevalesanremo.it\/de\/wp-json\/wp\/v2\/comments?post=26802"}],"version-history":[{"count":4,"href":"https:\/\/carnevalesanremo.it\/de\/wp-json\/wp\/v2\/pages\/26802\/revisions"}],"predecessor-version":[{"id":237329,"href":"https:\/\/carnevalesanremo.it\/de\/wp-json\/wp\/v2\/pages\/26802\/revisions\/237329"}],"wp:attachment":[{"href":"https:\/\/carnevalesanremo.it\/de\/wp-json\/wp\/v2\/media?parent=26802"}],"curies":[{"name":"wp","href":"https:\/\/api.w.org\/{rel}","templated":true}]}}