{"id":26808,"date":"2016-01-24T10:40:43","date_gmt":"2016-01-24T10:40:43","guid":{"rendered":"http:\/\/carnevalesanremo.it\/aufenthalt-in-san-remo\/"},"modified":"2024-02-19T10:58:47","modified_gmt":"2024-02-19T10:58:47","slug":"aufenthalt-in-san-remo","status":"publish","type":"page","link":"https:\/\/carnevalesanremo.it\/de\/aufenthalt-in-san-remo\/","title":{"rendered":"AUFENTHALT IN SAN REMO"},"content":{"rendered":"<p><strong>Die Reiseagentur Nyala Wonder Travel steht Ihnen zu Diensten, um Ihnen Ihren Aufenthalt in San Remo auf die beste Art zu organisieren, f\u00fcr Leute die eine Leidenschaft f\u00fcr S\u00e4nger- Songschreiber Musik haben.<\/strong><\/p>\n<p>W\u00e4hlen Sie aus dem Unterkunftsmenu die Dienste aus, die am Besten Ihren Bed\u00fcrfnissen entsprechen:<\/p>\n<h3>Pakete mit<\/h3>\n<ul>\n<li>\u00a0Eintrittskarten f\u00fcr die Blumenparade ( San Remo in voller Bl\u00fcte)<\/li>\n<li>Unterkunft in Hotels mit einer hohen Kategorie (3-5 Sterne)<\/li>\n<\/ul>\n<h3>Hotelbuchungsanfrage f\u00fcr zus\u00e4tzliche Dienste<\/h3>\n<ul>\n<li>\u00a0Transport von den Flugh\u00e4fen nach Nizza und Genoa<\/li>\n<li>Autovermieutng<\/li>\n<li>Buchung von Fl\u00fcgen und F\u00e4hren<\/li>\n<li>\u00a0Ausfl\u00fcge nach Ligurien und and die Franz\u00f6sische Riviera<\/li>\n<\/ul>\n<p>Technische Organisation: <strong>Nyala Wonder Travel<\/strong> Via Solaro 134 &#8211; 18038 San Remo <strong>T 0184 666 986\u00a0<\/strong> (Mo-Frei 9:30-17:30 \/ Sat 9:30-13:00) <em>Wir stehen Ihnen zu Diensten, um Ihnen dabei zu helfen Ihren Aufenthalt in San Remo am Besten zu organisieren!<br \/>\n<\/em><\/p>\n","protected":false},"excerpt":{"rendered":"<p>Die Reiseagentur Nyala Wonder Travel steht Ihnen zu Diensten, um Ihnen Ihren Aufenthalt in San Remo auf die beste Art zu organisieren, f\u00fcr Leute die eine Leidenschaft f\u00fcr S\u00e4nger- Songschreiber Musik haben. W\u00e4hlen Sie aus dem Unterkunftsmenu die Dienste aus, die am Besten Ihren Bed\u00fcrfnissen entsprechen: Pakete mit \u00a0Eintrittskarten f\u00fcr die Blumenparade ( San Remo [&hellip;]<\/p>\n","protected":false},"author":1,"featured_media":0,"parent":0,"menu_order":0,"comment_status":"closed","ping_status":"open","template":"","meta":{"_et_pb_use_builder":"","_et_pb_old_content":"","_et_gb_content_width":"","footnotes":""},"yoast_head":"<!-- This site is optimized with the Yoast SEO plugin v21.9.1 - https:\/\/yoast.com\/wordpress\/plugins\/seo\/ -->\n<title>AUFENTHALT IN SAN REMO | SANREMO CORSO FIORITO 2026<\/title>\n<meta name=\"description\" content=\"pakete, hotels, transfers buchen auf dem SANREMO CORSO FIORITO 2026\" \/>\n<meta name=\"robots\" content=\"index, follow, max-snippet:-1, max-image-preview:large, max-video-preview:-1\" \/>\n<link rel=\"canonical\" href=\"https:\/\/carnevalesanremo.it\/hotel-sanremo\/\" \/>\n<meta property=\"og:locale\" content=\"de_DE\" \/>\n<meta property=\"og:type\" content=\"article\" \/>\n<meta property=\"og:title\" content=\"AUFENTHALT IN SAN REMO | SANREMO CORSO FIORITO 2026\" \/>\n<meta property=\"og:description\" content=\"pakete, hotels, transfers buchen auf dem SANREMO CORSO FIORITO 2026\" \/>\n<meta property=\"og:url\" content=\"https:\/\/carnevalesanremo.it\/hotel-sanremo\/\" \/>\n<meta property=\"og:site_name\" content=\"SANREMO CORSO FIORITO 2026\" \/>\n<meta property=\"article:modified_time\" content=\"2024-02-19T10:58:47+00:00\" \/>\n<meta name=\"twitter:label1\" content=\"Gesch\u00e4tzte Lesezeit\" \/>\n\t<meta name=\"twitter:data1\" content=\"1\u00a0Minute\" \/>\n<script type=\"application\/ld+json\" class=\"yoast-schema-graph\">{\"@context\":\"https:\/\/schema.org\",\"@graph\":[{\"@type\":\"WebPage\",\"@id\":\"https:\/\/carnevalesanremo.it\/hotel-sanremo\/\",\"url\":\"https:\/\/carnevalesanremo.it\/hotel-sanremo\/\",\"name\":\"AUFENTHALT IN SAN REMO | SANREMO CORSO FIORITO 2026\",\"isPartOf\":{\"@id\":\"https:\/\/carnevalesanremo.it\/#website\"},\"datePublished\":\"2016-01-24T10:40:43+00:00\",\"dateModified\":\"2024-02-19T10:58:47+00:00\",\"description\":\"pakete, hotels, transfers buchen auf dem SANREMO CORSO FIORITO 2026\",\"breadcrumb\":{\"@id\":\"https:\/\/carnevalesanremo.it\/hotel-sanremo\/#breadcrumb\"},\"inLanguage\":\"de\",\"potentialAction\":[{\"@type\":\"ReadAction\",\"target\":[\"https:\/\/carnevalesanremo.it\/hotel-sanremo\/\"]}]},{\"@type\":\"BreadcrumbList\",\"@id\":\"https:\/\/carnevalesanremo.it\/hotel-sanremo\/#breadcrumb\",\"itemListElement\":[{\"@type\":\"ListItem\",\"position\":1,\"name\":\"Home\",\"item\":\"https:\/\/carnevalesanremo.it\/de\/\"},{\"@type\":\"ListItem\",\"position\":2,\"name\":\"AUFENTHALT IN SAN REMO\"}]},{\"@type\":\"WebSite\",\"@id\":\"https:\/\/carnevalesanremo.it\/#website\",\"url\":\"https:\/\/carnevalesanremo.it\/\",\"name\":\"SANREMO CORSO FIORITO 2026\",\"description\":\"BLUMENPARADE | BLUMENCORSO | KARNAVAL VON SAN REMO 2026\",\"potentialAction\":[{\"@type\":\"SearchAction\",\"target\":{\"@type\":\"EntryPoint\",\"urlTemplate\":\"https:\/\/carnevalesanremo.it\/?s={search_term_string}\"},\"query-input\":\"required name=search_term_string\"}],\"inLanguage\":\"de\"}]}<\/script>\n<!-- \/ Yoast SEO plugin. -->","yoast_head_json":{"title":"AUFENTHALT IN SAN REMO | SANREMO CORSO FIORITO 2026","description":"pakete, hotels, transfers buchen auf dem SANREMO CORSO FIORITO 2026","robots":{"index":"index","follow":"follow","max-snippet":"max-snippet:-1","max-image-preview":"max-image-preview:large","max-video-preview":"max-video-preview:-1"},"canonical":"https:\/\/carnevalesanremo.it\/hotel-sanremo\/","og_locale":"de_DE","og_type":"article","og_title":"AUFENTHALT IN SAN REMO | SANREMO CORSO FIORITO 2026","og_description":"pakete, hotels, transfers buchen auf dem SANREMO CORSO FIORITO 2026","og_url":"https:\/\/carnevalesanremo.it\/hotel-sanremo\/","og_site_name":"SANREMO CORSO FIORITO 2026","article_modified_time":"2024-02-19T10:58:47+00:00","twitter_misc":{"Gesch\u00e4tzte Lesezeit":"1\u00a0Minute"},"schema":{"@context":"https:\/\/schema.org","@graph":[{"@type":"WebPage","@id":"https:\/\/carnevalesanremo.it\/hotel-sanremo\/","url":"https:\/\/carnevalesanremo.it\/hotel-sanremo\/","name":"AUFENTHALT IN SAN REMO | SANREMO CORSO FIORITO 2026","isPartOf":{"@id":"https:\/\/carnevalesanremo.it\/#website"},"datePublished":"2016-01-24T10:40:43+00:00","dateModified":"2024-02-19T10:58:47+00:00","description":"pakete, hotels, transfers buchen auf dem SANREMO CORSO FIORITO 2026","breadcrumb":{"@id":"https:\/\/carnevalesanremo.it\/hotel-sanremo\/#breadcrumb"},"inLanguage":"de","potentialAction":[{"@type":"ReadAction","target":["https:\/\/carnevalesanremo.it\/hotel-sanremo\/"]}]},{"@type":"BreadcrumbList","@id":"https:\/\/carnevalesanremo.it\/hotel-sanremo\/#breadcrumb","itemListElement":[{"@type":"ListItem","position":1,"name":"Home","item":"https:\/\/carnevalesanremo.it\/de\/"},{"@type":"ListItem","position":2,"name":"AUFENTHALT IN SAN REMO"}]},{"@type":"WebSite","@id":"https:\/\/carnevalesanremo.it\/#website","url":"https:\/\/carnevalesanremo.it\/","name":"SANREMO CORSO FIORITO 2026","description":"BLUMENPARADE | BLUMENCORSO | KARNAVAL VON SAN REMO 2026","potentialAction":[{"@type":"SearchAction","target":{"@type":"EntryPoint","urlTemplate":"https:\/\/carnevalesanremo.it\/?s={search_term_string}"},"query-input":"required name=search_term_string"}],"inLanguage":"de"}]}},"_links":{"self":[{"href":"https:\/\/carnevalesanremo.it\/de\/wp-json\/wp\/v2\/pages\/26808"}],"collection":[{"href":"https:\/\/carnevalesanremo.it\/de\/wp-json\/wp\/v2\/pages"}],"about":[{"href":"https:\/\/carnevalesanremo.it\/de\/wp-json\/wp\/v2\/types\/page"}],"author":[{"embeddable":true,"href":"https:\/\/carnevalesanremo.it\/de\/wp-json\/wp\/v2\/users\/1"}],"replies":[{"embeddable":true,"href":"https:\/\/carnevalesanremo.it\/de\/wp-json\/wp\/v2\/comments?post=26808"}],"version-history":[{"count":2,"href":"https:\/\/carnevalesanremo.it\/de\/wp-json\/wp\/v2\/pages\/26808\/revisions"}],"predecessor-version":[{"id":237076,"href":"https:\/\/carnevalesanremo.it\/de\/wp-json\/wp\/v2\/pages\/26808\/revisions\/237076"}],"wp:attachment":[{"href":"https:\/\/carnevalesanremo.it\/de\/wp-json\/wp\/v2\/media?parent=26808"}],"curies":[{"name":"wp","href":"https:\/\/api.w.org\/{rel}","templated":true}]}}