{"id":26810,"date":"2016-01-24T11:06:35","date_gmt":"2016-01-24T11:06:35","guid":{"rendered":"http:\/\/carnevalesanremo.it\/karneval-von-san-remo\/"},"modified":"2024-12-05T10:34:39","modified_gmt":"2024-12-05T10:34:39","slug":"karneval-von-san-remo","status":"publish","type":"page","link":"https:\/\/carnevalesanremo.it\/de\/karneval-von-san-remo\/","title":{"rendered":"Karneval von San Remo"},"content":{"rendered":"<p>[et_pb_section fb_built=&#8220;1&#8243; fullwidth=&#8220;on&#8220; _builder_version=&#8220;4.17.4&#8243; _module_preset=&#8220;default&#8220; hover_enabled=&#8220;0&#8243; locked=&#8220;off&#8220; global_colors_info=&#8220;{}&#8220; sticky_enabled=&#8220;0&#8243;][et_pb_fullwidth_slider _builder_version=&#8220;4.22.0&#8243; _module_preset=&#8220;default&#8220; hover_enabled=&#8220;0&#8243; global_colors_info=&#8220;{}&#8220; sticky_enabled=&#8220;0&#8243;][et_pb_slide heading=&#8220;Karneval von San Remo&#8220; _builder_version=&#8220;4.22.0&#8243; _module_preset=&#8220;default&#8220; background_image=&#8220;https:\/\/carnevalesanremo.it\/wp-content\/uploads\/2016\/02\/corso-fiorito-sanremo.jpg&#8220; background_enable_image=&#8220;on&#8220; hover_enabled=&#8220;0&#8243; global_colors_info=&#8220;{}&#8220; sticky_transition=&#8220;on&#8220; title_text=&#8220;corso fiorito sanremo&#8220; sticky_enabled=&#8220;0&#8243;][\/et_pb_slide][\/et_pb_fullwidth_slider][\/et_pb_section][et_pb_section fb_built=&#8220;1&#8243; _builder_version=&#8220;4.16&#8243; global_colors_info=&#8220;{}&#8220;][et_pb_row _builder_version=&#8220;4.16&#8243; background_size=&#8220;initial&#8220; background_position=&#8220;top_left&#8220; background_repeat=&#8220;repeat&#8220; global_colors_info=&#8220;{}&#8220;][et_pb_column type=&#8220;4_4&#8243; _builder_version=&#8220;4.16&#8243; custom_padding=&#8220;|||&#8220; global_colors_info=&#8220;{}&#8220; custom_padding__hover=&#8220;|||&#8220;][et_pb_text _builder_version=&#8220;4.22.0&#8243; background_size=&#8220;initial&#8220; background_position=&#8220;top_left&#8220; background_repeat=&#8220;repeat&#8220; hover_enabled=&#8220;0&#8243; global_colors_info=&#8220;{}&#8220; sticky_enabled=&#8220;0&#8243;]<\/p>\n<h3>Der Karneval hat eine lange Tradition an der Riviera, mit dem Karneval von Nizza und dem Zitronen-Festival (Festa deo Limoni von Menton, das ist der Grund daf\u00fcr, dass die Blumenparade oft als der Karneval von San Remo bekannt ist.<\/h3>\n<p>Die Blumenparade (Corso Fiorito) von San Remo hat viele \u00c4hnlichkeiten mit dem traditionelle Karneval: die Parade des sinnbildlichen Korsos, die hier mit Blumen kreiert werden, begleitet von\u00a0<em><strong>Blaskapellen und Volksgruppen<\/strong><\/em>.<\/p>\n<p>Er findet in einer Periode statt, die sich von der traditionellen Periode des Karnevals unterscheidet, er wird nicht von Kindern in Kost\u00fcmen, Luftschlangen und Konfetti begleitet. In der Tat, es gitb einige Unterschiede: Da der Beginn der Parade des Blumenkorsos nicht als Karneval von San Remo begann, abe mehr als\u00a0 Pr\u00e4sentation der sch\u00f6nsten\u00a0<strong><em>Blumenproduktion der Stadt<\/em>.<\/strong><\/p>\n<p>Au\u00dferdem war Mitte Februar schon dauerhaft von dem Festival des Italienischen Liedes besetz. deswegen musste die\u00a0<em><strong>Blumenparade von San Remo<\/strong><\/em>\u00a0ein anderes Datum nehmen, da erste Ende Januar und jetzt in der zweiten H\u00e4lfte im M\u00e4rz. Es ist \u00fcberhaupt kein Problem, denn dank dieser neuen Vereinbarung repr\u00e4sentiert die\u00a0<em><strong>Blumenparade<\/strong><\/em>\u00a0eine einzigartige Veranstaltung, die es verdient an einem wundervollen, sorgenfreien Tag des Festes gelebt zu werden, mit dem Fr\u00fchling nahe bevorstehend.<\/p>\n<p>[\/et_pb_text][\/et_pb_column][\/et_pb_row][\/et_pb_section]<\/p>\n","protected":false},"excerpt":{"rendered":"<p>Der Karneval hat eine lange Tradition an der Riviera, mit dem Karneval von Nizza und dem Zitronen-Festival (Festa deo Limoni von Menton, das ist der Grund daf\u00fcr, dass die Blumenparade oft als der Karneval von San Remo bekannt ist. Die Blumenparade (Corso Fiorito) von San Remo hat viele \u00c4hnlichkeiten mit dem traditionelle Karneval: die Parade [&hellip;]<\/p>\n","protected":false},"author":1,"featured_media":0,"parent":0,"menu_order":0,"comment_status":"closed","ping_status":"open","template":"","meta":{"_et_pb_use_builder":"on","_et_pb_old_content":"","_et_gb_content_width":"","footnotes":""},"yoast_head":"<!-- This site is optimized with the Yoast SEO plugin v21.9.1 - https:\/\/yoast.com\/wordpress\/plugins\/seo\/ -->\n<title>Karneval von San Remo | SANREMO CORSO FIORITO 2026<\/title>\n<meta name=\"description\" content=\"Karneval von San Remo : die traditionelle Parade des Blumenkorsos der Blumenparade San Remo in voller Bl\u00fcte\" \/>\n<meta name=\"robots\" content=\"index, follow, max-snippet:-1, max-image-preview:large, max-video-preview:-1\" \/>\n<link rel=\"canonical\" href=\"https:\/\/carnevalesanremo.it\/carnevale-di-sanremo\/\" \/>\n<meta property=\"og:locale\" content=\"de_DE\" \/>\n<meta property=\"og:type\" content=\"article\" \/>\n<meta property=\"og:title\" content=\"Karneval von San Remo | SANREMO CORSO FIORITO 2026\" \/>\n<meta property=\"og:description\" content=\"Karneval von San Remo : die traditionelle Parade des Blumenkorsos der Blumenparade San Remo in voller Bl\u00fcte\" \/>\n<meta property=\"og:url\" content=\"https:\/\/carnevalesanremo.it\/carnevale-di-sanremo\/\" \/>\n<meta property=\"og:site_name\" content=\"SANREMO CORSO FIORITO 2026\" \/>\n<meta property=\"article:modified_time\" content=\"2024-12-05T10:34:39+00:00\" \/>\n<meta name=\"twitter:label1\" content=\"Gesch\u00e4tzte Lesezeit\" \/>\n\t<meta name=\"twitter:data1\" content=\"2\u00a0Minuten\" \/>\n<script type=\"application\/ld+json\" class=\"yoast-schema-graph\">{\"@context\":\"https:\/\/schema.org\",\"@graph\":[{\"@type\":\"WebPage\",\"@id\":\"https:\/\/carnevalesanremo.it\/carnevale-di-sanremo\/\",\"url\":\"https:\/\/carnevalesanremo.it\/carnevale-di-sanremo\/\",\"name\":\"Karneval von San Remo | SANREMO CORSO FIORITO 2026\",\"isPartOf\":{\"@id\":\"https:\/\/carnevalesanremo.it\/#website\"},\"datePublished\":\"2016-01-24T11:06:35+00:00\",\"dateModified\":\"2024-12-05T10:34:39+00:00\",\"description\":\"Karneval von San Remo : die traditionelle Parade des Blumenkorsos der Blumenparade San Remo in voller Bl\u00fcte\",\"breadcrumb\":{\"@id\":\"https:\/\/carnevalesanremo.it\/carnevale-di-sanremo\/#breadcrumb\"},\"inLanguage\":\"de\",\"potentialAction\":[{\"@type\":\"ReadAction\",\"target\":[\"https:\/\/carnevalesanremo.it\/carnevale-di-sanremo\/\"]}]},{\"@type\":\"BreadcrumbList\",\"@id\":\"https:\/\/carnevalesanremo.it\/carnevale-di-sanremo\/#breadcrumb\",\"itemListElement\":[{\"@type\":\"ListItem\",\"position\":1,\"name\":\"Home\",\"item\":\"https:\/\/carnevalesanremo.it\/de\/\"},{\"@type\":\"ListItem\",\"position\":2,\"name\":\"Karneval von San Remo\"}]},{\"@type\":\"WebSite\",\"@id\":\"https:\/\/carnevalesanremo.it\/#website\",\"url\":\"https:\/\/carnevalesanremo.it\/\",\"name\":\"SANREMO CORSO FIORITO 2026\",\"description\":\"BLUMENPARADE | BLUMENCORSO | KARNAVAL VON SAN REMO 2026\",\"potentialAction\":[{\"@type\":\"SearchAction\",\"target\":{\"@type\":\"EntryPoint\",\"urlTemplate\":\"https:\/\/carnevalesanremo.it\/?s={search_term_string}\"},\"query-input\":\"required name=search_term_string\"}],\"inLanguage\":\"de\"}]}<\/script>\n<!-- \/ Yoast SEO plugin. -->","yoast_head_json":{"title":"Karneval von San Remo | SANREMO CORSO FIORITO 2026","description":"Karneval von San Remo : die traditionelle Parade des Blumenkorsos der Blumenparade San Remo in voller Bl\u00fcte","robots":{"index":"index","follow":"follow","max-snippet":"max-snippet:-1","max-image-preview":"max-image-preview:large","max-video-preview":"max-video-preview:-1"},"canonical":"https:\/\/carnevalesanremo.it\/carnevale-di-sanremo\/","og_locale":"de_DE","og_type":"article","og_title":"Karneval von San Remo | SANREMO CORSO FIORITO 2026","og_description":"Karneval von San Remo : die traditionelle Parade des Blumenkorsos der Blumenparade San Remo in voller Bl\u00fcte","og_url":"https:\/\/carnevalesanremo.it\/carnevale-di-sanremo\/","og_site_name":"SANREMO CORSO FIORITO 2026","article_modified_time":"2024-12-05T10:34:39+00:00","twitter_misc":{"Gesch\u00e4tzte Lesezeit":"2\u00a0Minuten"},"schema":{"@context":"https:\/\/schema.org","@graph":[{"@type":"WebPage","@id":"https:\/\/carnevalesanremo.it\/carnevale-di-sanremo\/","url":"https:\/\/carnevalesanremo.it\/carnevale-di-sanremo\/","name":"Karneval von San Remo | SANREMO CORSO FIORITO 2026","isPartOf":{"@id":"https:\/\/carnevalesanremo.it\/#website"},"datePublished":"2016-01-24T11:06:35+00:00","dateModified":"2024-12-05T10:34:39+00:00","description":"Karneval von San Remo : die traditionelle Parade des Blumenkorsos der Blumenparade San Remo in voller Bl\u00fcte","breadcrumb":{"@id":"https:\/\/carnevalesanremo.it\/carnevale-di-sanremo\/#breadcrumb"},"inLanguage":"de","potentialAction":[{"@type":"ReadAction","target":["https:\/\/carnevalesanremo.it\/carnevale-di-sanremo\/"]}]},{"@type":"BreadcrumbList","@id":"https:\/\/carnevalesanremo.it\/carnevale-di-sanremo\/#breadcrumb","itemListElement":[{"@type":"ListItem","position":1,"name":"Home","item":"https:\/\/carnevalesanremo.it\/de\/"},{"@type":"ListItem","position":2,"name":"Karneval von San Remo"}]},{"@type":"WebSite","@id":"https:\/\/carnevalesanremo.it\/#website","url":"https:\/\/carnevalesanremo.it\/","name":"SANREMO CORSO FIORITO 2026","description":"BLUMENPARADE | BLUMENCORSO | KARNAVAL VON SAN REMO 2026","potentialAction":[{"@type":"SearchAction","target":{"@type":"EntryPoint","urlTemplate":"https:\/\/carnevalesanremo.it\/?s={search_term_string}"},"query-input":"required name=search_term_string"}],"inLanguage":"de"}]}},"_links":{"self":[{"href":"https:\/\/carnevalesanremo.it\/de\/wp-json\/wp\/v2\/pages\/26810"}],"collection":[{"href":"https:\/\/carnevalesanremo.it\/de\/wp-json\/wp\/v2\/pages"}],"about":[{"href":"https:\/\/carnevalesanremo.it\/de\/wp-json\/wp\/v2\/types\/page"}],"author":[{"embeddable":true,"href":"https:\/\/carnevalesanremo.it\/de\/wp-json\/wp\/v2\/users\/1"}],"replies":[{"embeddable":true,"href":"https:\/\/carnevalesanremo.it\/de\/wp-json\/wp\/v2\/comments?post=26810"}],"version-history":[{"count":8,"href":"https:\/\/carnevalesanremo.it\/de\/wp-json\/wp\/v2\/pages\/26810\/revisions"}],"predecessor-version":[{"id":237347,"href":"https:\/\/carnevalesanremo.it\/de\/wp-json\/wp\/v2\/pages\/26810\/revisions\/237347"}],"wp:attachment":[{"href":"https:\/\/carnevalesanremo.it\/de\/wp-json\/wp\/v2\/media?parent=26810"}],"curies":[{"name":"wp","href":"https:\/\/api.w.org\/{rel}","templated":true}]}}