{"id":26816,"date":"2016-01-24T11:46:44","date_gmt":"2016-01-24T11:46:44","guid":{"rendered":"http:\/\/carnevalesanremo.it\/san-remo-in-voller-blute-1980-heute\/"},"modified":"2024-12-05T10:20:52","modified_gmt":"2024-12-05T10:20:52","slug":"san-remo-in-voller-blute-1980-heute","status":"publish","type":"page","link":"https:\/\/carnevalesanremo.it\/de\/san-remo-in-voller-blute-1980-heute\/","title":{"rendered":"San Remo in voller Bl\u00fcte (1980-heute)"},"content":{"rendered":"<p>[et_pb_section fb_built=&#8220;1&#8243; fullwidth=&#8220;on&#8220; _builder_version=&#8220;4.17.4&#8243; _module_preset=&#8220;default&#8220; hover_enabled=&#8220;0&#8243; locked=&#8220;off&#8220; global_colors_info=&#8220;{}&#8220; sticky_enabled=&#8220;0&#8243; theme_builder_area=&#8220;post_content&#8220;][et_pb_fullwidth_slider _builder_version=&#8220;4.22.0&#8243; _module_preset=&#8220;default&#8220; hover_enabled=&#8220;0&#8243; global_colors_info=&#8220;{}&#8220; sticky_enabled=&#8220;0&#8243; theme_builder_area=&#8220;post_content&#8220;][et_pb_slide heading=&#8220;San Remo in voller Bl\u00fcte (1980-heute)&#8220; _builder_version=&#8220;4.22.0&#8243; _module_preset=&#8220;default&#8220; background_image=&#8220;https:\/\/carnevalesanremo.it\/wp-content\/uploads\/2013\/11\/flower-parade-san-remo.jpg&#8220; background_enable_image=&#8220;on&#8220; hover_enabled=&#8220;0&#8243; global_colors_info=&#8220;{}&#8220; sticky_transition=&#8220;on&#8220; theme_builder_area=&#8220;post_content&#8220; title_text=&#8220;flower parade san remo&#8220; sticky_enabled=&#8220;0&#8243;][\/et_pb_slide][\/et_pb_fullwidth_slider][\/et_pb_section][et_pb_section fb_built=&#8220;1&#8243; _builder_version=&#8220;4.16&#8243; global_colors_info=&#8220;{}&#8220;][et_pb_row _builder_version=&#8220;4.16&#8243; background_size=&#8220;initial&#8220; background_position=&#8220;top_left&#8220; background_repeat=&#8220;repeat&#8220; global_colors_info=&#8220;{}&#8220;][et_pb_column type=&#8220;4_4&#8243; _builder_version=&#8220;4.16&#8243; custom_padding=&#8220;|||&#8220; global_colors_info=&#8220;{}&#8220; custom_padding__hover=&#8220;|||&#8220;][et_pb_text _builder_version=&#8220;4.22.0&#8243; background_size=&#8220;initial&#8220; background_position=&#8220;top_left&#8220; background_repeat=&#8220;repeat&#8220; hover_enabled=&#8220;0&#8243; global_colors_info=&#8220;{}&#8220; sticky_enabled=&#8220;0&#8243;]<\/p>\n<h3>San Remo in voller Bl\u00fcte (Sanremo in fiore) ist der Name, der der Veranstaltung vor kurzem gegeben wurde, als die Tourismusabteilung ab 1980 sich dazu entschloss die Veranstaltung wieder einzuf\u00fchren.<\/h3>\n<p>Von 1966 bis 1979 geriet die Blumenparade in San Remo in Vergessenheit, bis der Reise- und Tourismus sich 1980 dazu entschloss die Organisation der Veranstaltung wieder aufzunehmen. Dann war es dank des italienischen Fernsehens, dass die Veranstaltung eines der beliebtesten geworden is, die in Italien jemals gefeiert wurden.<\/p>\n<p>Die\u00a0<em><strong>Blumenparade San Remo in voller Bl\u00fcte<\/strong><\/em>\u00a0wurde von dem italienischen Programm Linea Verde auf dem Sender RAI UNO gezeigt, der jeden Sonntag die Exzellenz der italienischen Landwirtschaft in die italienischen H\u00e4user bringt. Die Blumenparade stellt traditionell eine der j\u00e4hrlichen H\u00f6hepunkte f\u00fcr die Zuschauer des Programms dar, mit durschnittlich 3,5 Millionen Zuschauern, was best\u00e4tigt, dass San Remo die beliebteste Stadt der italienischen Fernsehzuschauer ist. Das Event fand seine perfekte Platzierung am letzten Sonntag im Januar, ein Datum, das bis 2010 erhalten wurden, was seit drei\u00dfig Jahren dank des milden Klimas von San Remo seinen Fortbestand hat.<\/p>\n<p>W\u00e4hrend dieser Periode gab es nur eine Aufhebung im Jahr 1985 aufgrund eines au\u00dfergew\u00f6hnlichen Schneefalls, was eine Seltenheit bei den Ansichtskarten von San Remo ist. Allgemein hat die Veranstaltung immer einen Blick in die Anf\u00e4nge des Fr\u00fchlings mit den Farben der San Remo Blumen in die H\u00e4user der Italiener gebracht.<\/p>\n<p>Sie geh\u00f6rt immer noch in die Blumenparade San Remo in voller Bl\u00fcte, die\u00a0 Rekordzuschauerzahl wurde am Sonntag Morgen erreicht, das von dem italienischen Fernsehen jemals registriert wurde: 4,9 Millionen Zuschauer mit einem Anteil von 29% f\u00fcr die Edition am 28. Januar 2007, als die Veranstaltung an der K\u00fcste Italo Calvino organisiert wurde, es war an einem sonnigen Tag mit einer Temperatur von 18 C, w\u00e4hrend der Rest Italiens besonders verschneit war.<\/p>\n<p>Bis 2010 wurde die Veranstaltung traditionell am letzte Wochenende im Janaur abgehalten, aber im darauffolgenden Jahr entschloss sich die Kommune dazu die Veranstaltung im M\u00e4rz zu feiern.<\/p>\n<p>[\/et_pb_text][\/et_pb_column][\/et_pb_row][\/et_pb_section]<\/p>\n","protected":false},"excerpt":{"rendered":"<p>San Remo in voller Bl\u00fcte (Sanremo in fiore) ist der Name, der der Veranstaltung vor kurzem gegeben wurde, als die Tourismusabteilung ab 1980 sich dazu entschloss die Veranstaltung wieder einzuf\u00fchren. Von 1966 bis 1979 geriet die Blumenparade in San Remo in Vergessenheit, bis der Reise- und Tourismus sich 1980 dazu entschloss die Organisation der Veranstaltung [&hellip;]<\/p>\n","protected":false},"author":1,"featured_media":0,"parent":0,"menu_order":0,"comment_status":"closed","ping_status":"open","template":"","meta":{"_et_pb_use_builder":"on","_et_pb_old_content":"","_et_gb_content_width":"","footnotes":""},"yoast_head":"<!-- This site is optimized with the Yoast SEO plugin v21.9.1 - https:\/\/yoast.com\/wordpress\/plugins\/seo\/ -->\n<title>San Remo in voller Bl\u00fcte (1980-heute) | SANREMO CORSO FIORITO 2026<\/title>\n<meta name=\"description\" content=\"San Remo in Fiore ist der Name, der von der Blumenparade von San Remo mit der Parade des Blumenkorsos und den Blaskapellen stammt.\" \/>\n<meta name=\"robots\" content=\"index, follow, max-snippet:-1, max-image-preview:large, max-video-preview:-1\" \/>\n<link rel=\"canonical\" href=\"https:\/\/carnevalesanremo.it\/sanremo-in-fiore\/\" \/>\n<meta property=\"og:locale\" content=\"de_DE\" \/>\n<meta property=\"og:type\" content=\"article\" \/>\n<meta property=\"og:title\" content=\"San Remo in voller Bl\u00fcte (1980-heute) | SANREMO CORSO FIORITO 2026\" \/>\n<meta property=\"og:description\" content=\"San Remo in Fiore ist der Name, der von der Blumenparade von San Remo mit der Parade des Blumenkorsos und den Blaskapellen stammt.\" \/>\n<meta property=\"og:url\" content=\"https:\/\/carnevalesanremo.it\/sanremo-in-fiore\/\" \/>\n<meta property=\"og:site_name\" content=\"SANREMO CORSO FIORITO 2026\" \/>\n<meta property=\"article:modified_time\" content=\"2024-12-05T10:20:52+00:00\" \/>\n<meta name=\"twitter:label1\" content=\"Gesch\u00e4tzte Lesezeit\" \/>\n\t<meta name=\"twitter:data1\" content=\"2\u00a0Minuten\" \/>\n<script type=\"application\/ld+json\" class=\"yoast-schema-graph\">{\"@context\":\"https:\/\/schema.org\",\"@graph\":[{\"@type\":\"WebPage\",\"@id\":\"https:\/\/carnevalesanremo.it\/sanremo-in-fiore\/\",\"url\":\"https:\/\/carnevalesanremo.it\/sanremo-in-fiore\/\",\"name\":\"San Remo in voller Bl\u00fcte (1980-heute) | SANREMO CORSO FIORITO 2026\",\"isPartOf\":{\"@id\":\"https:\/\/carnevalesanremo.it\/#website\"},\"datePublished\":\"2016-01-24T11:46:44+00:00\",\"dateModified\":\"2024-12-05T10:20:52+00:00\",\"description\":\"San Remo in Fiore ist der Name, der von der Blumenparade von San Remo mit der Parade des Blumenkorsos und den Blaskapellen stammt.\",\"breadcrumb\":{\"@id\":\"https:\/\/carnevalesanremo.it\/sanremo-in-fiore\/#breadcrumb\"},\"inLanguage\":\"de\",\"potentialAction\":[{\"@type\":\"ReadAction\",\"target\":[\"https:\/\/carnevalesanremo.it\/sanremo-in-fiore\/\"]}]},{\"@type\":\"BreadcrumbList\",\"@id\":\"https:\/\/carnevalesanremo.it\/sanremo-in-fiore\/#breadcrumb\",\"itemListElement\":[{\"@type\":\"ListItem\",\"position\":1,\"name\":\"Home\",\"item\":\"https:\/\/carnevalesanremo.it\/de\/\"},{\"@type\":\"ListItem\",\"position\":2,\"name\":\"San Remo in voller Bl\u00fcte (1980-heute)\"}]},{\"@type\":\"WebSite\",\"@id\":\"https:\/\/carnevalesanremo.it\/#website\",\"url\":\"https:\/\/carnevalesanremo.it\/\",\"name\":\"SANREMO CORSO FIORITO 2026\",\"description\":\"BLUMENPARADE | BLUMENCORSO | KARNAVAL VON SAN REMO 2026\",\"potentialAction\":[{\"@type\":\"SearchAction\",\"target\":{\"@type\":\"EntryPoint\",\"urlTemplate\":\"https:\/\/carnevalesanremo.it\/?s={search_term_string}\"},\"query-input\":\"required name=search_term_string\"}],\"inLanguage\":\"de\"}]}<\/script>\n<!-- \/ Yoast SEO plugin. -->","yoast_head_json":{"title":"San Remo in voller Bl\u00fcte (1980-heute) | SANREMO CORSO FIORITO 2026","description":"San Remo in Fiore ist der Name, der von der Blumenparade von San Remo mit der Parade des Blumenkorsos und den Blaskapellen stammt.","robots":{"index":"index","follow":"follow","max-snippet":"max-snippet:-1","max-image-preview":"max-image-preview:large","max-video-preview":"max-video-preview:-1"},"canonical":"https:\/\/carnevalesanremo.it\/sanremo-in-fiore\/","og_locale":"de_DE","og_type":"article","og_title":"San Remo in voller Bl\u00fcte (1980-heute) | SANREMO CORSO FIORITO 2026","og_description":"San Remo in Fiore ist der Name, der von der Blumenparade von San Remo mit der Parade des Blumenkorsos und den Blaskapellen stammt.","og_url":"https:\/\/carnevalesanremo.it\/sanremo-in-fiore\/","og_site_name":"SANREMO CORSO FIORITO 2026","article_modified_time":"2024-12-05T10:20:52+00:00","twitter_misc":{"Gesch\u00e4tzte Lesezeit":"2\u00a0Minuten"},"schema":{"@context":"https:\/\/schema.org","@graph":[{"@type":"WebPage","@id":"https:\/\/carnevalesanremo.it\/sanremo-in-fiore\/","url":"https:\/\/carnevalesanremo.it\/sanremo-in-fiore\/","name":"San Remo in voller Bl\u00fcte (1980-heute) | SANREMO CORSO FIORITO 2026","isPartOf":{"@id":"https:\/\/carnevalesanremo.it\/#website"},"datePublished":"2016-01-24T11:46:44+00:00","dateModified":"2024-12-05T10:20:52+00:00","description":"San Remo in Fiore ist der Name, der von der Blumenparade von San Remo mit der Parade des Blumenkorsos und den Blaskapellen stammt.","breadcrumb":{"@id":"https:\/\/carnevalesanremo.it\/sanremo-in-fiore\/#breadcrumb"},"inLanguage":"de","potentialAction":[{"@type":"ReadAction","target":["https:\/\/carnevalesanremo.it\/sanremo-in-fiore\/"]}]},{"@type":"BreadcrumbList","@id":"https:\/\/carnevalesanremo.it\/sanremo-in-fiore\/#breadcrumb","itemListElement":[{"@type":"ListItem","position":1,"name":"Home","item":"https:\/\/carnevalesanremo.it\/de\/"},{"@type":"ListItem","position":2,"name":"San Remo in voller Bl\u00fcte (1980-heute)"}]},{"@type":"WebSite","@id":"https:\/\/carnevalesanremo.it\/#website","url":"https:\/\/carnevalesanremo.it\/","name":"SANREMO CORSO FIORITO 2026","description":"BLUMENPARADE | BLUMENCORSO | KARNAVAL VON SAN REMO 2026","potentialAction":[{"@type":"SearchAction","target":{"@type":"EntryPoint","urlTemplate":"https:\/\/carnevalesanremo.it\/?s={search_term_string}"},"query-input":"required name=search_term_string"}],"inLanguage":"de"}]}},"_links":{"self":[{"href":"https:\/\/carnevalesanremo.it\/de\/wp-json\/wp\/v2\/pages\/26816"}],"collection":[{"href":"https:\/\/carnevalesanremo.it\/de\/wp-json\/wp\/v2\/pages"}],"about":[{"href":"https:\/\/carnevalesanremo.it\/de\/wp-json\/wp\/v2\/types\/page"}],"author":[{"embeddable":true,"href":"https:\/\/carnevalesanremo.it\/de\/wp-json\/wp\/v2\/users\/1"}],"replies":[{"embeddable":true,"href":"https:\/\/carnevalesanremo.it\/de\/wp-json\/wp\/v2\/comments?post=26816"}],"version-history":[{"count":5,"href":"https:\/\/carnevalesanremo.it\/de\/wp-json\/wp\/v2\/pages\/26816\/revisions"}],"predecessor-version":[{"id":237338,"href":"https:\/\/carnevalesanremo.it\/de\/wp-json\/wp\/v2\/pages\/26816\/revisions\/237338"}],"wp:attachment":[{"href":"https:\/\/carnevalesanremo.it\/de\/wp-json\/wp\/v2\/media?parent=26816"}],"curies":[{"name":"wp","href":"https:\/\/api.w.org\/{rel}","templated":true}]}}