{"id":26817,"date":"2016-01-24T12:30:59","date_gmt":"2016-01-24T12:30:59","guid":{"rendered":"http:\/\/carnevalesanremo.it\/technologie-des-blumenkorsos-von-san-remo\/"},"modified":"2024-02-08T09:38:31","modified_gmt":"2024-02-08T09:38:31","slug":"technologie-des-blumenkorsos-von-san-remo","status":"publish","type":"page","link":"https:\/\/carnevalesanremo.it\/de\/technologie-des-blumenkorsos-von-san-remo\/","title":{"rendered":"Technologie des Blumenkorsos von San Remo"},"content":{"rendered":"<p>[et_pb_section fb_built=&#8220;1&#8243; fullwidth=&#8220;on&#8220; _builder_version=&#8220;4.17.4&#8243; _module_preset=&#8220;default&#8220; global_colors_info=&#8220;{}&#8220; locked=&#8220;off&#8220;][et_pb_fullwidth_slider _builder_version=&#8220;4.22.0&#8243; _module_preset=&#8220;default&#8220; hover_enabled=&#8220;0&#8243; global_colors_info=&#8220;{}&#8220; sticky_enabled=&#8220;0&#8243;][et_pb_slide heading=&#8220;Technologie der Blumenwagen von Sanremo&#8220; _builder_version=&#8220;4.22.0&#8243; _module_preset=&#8220;default&#8220; background_image=&#8220;https:\/\/carnevalesanremo.it\/wp-content\/uploads\/2013\/09\/DSC_0025.jpg&#8220; background_enable_image=&#8220;on&#8220; hover_enabled=&#8220;0&#8243; global_colors_info=&#8220;{}&#8220; sticky_transition=&#8220;on&#8220; sticky_enabled=&#8220;0&#8243;][\/et_pb_slide][\/et_pb_fullwidth_slider][\/et_pb_section][et_pb_section fb_built=&#8220;1&#8243; admin_label=&#8220;section&#8220; _builder_version=&#8220;4.16&#8243; global_colors_info=&#8220;{}&#8220;][et_pb_row admin_label=&#8220;row&#8220; _builder_version=&#8220;4.16&#8243; background_size=&#8220;initial&#8220; background_position=&#8220;top_left&#8220; background_repeat=&#8220;repeat&#8220; global_colors_info=&#8220;{}&#8220;][et_pb_column type=&#8220;4_4&#8243; _builder_version=&#8220;4.16&#8243; custom_padding=&#8220;|||&#8220; global_colors_info=&#8220;{}&#8220; custom_padding__hover=&#8220;|||&#8220;][et_pb_text admin_label=&#8220;Text&#8220; _builder_version=&#8220;4.22.0&#8243; background_size=&#8220;initial&#8220; background_position=&#8220;top_left&#8220; background_repeat=&#8220;repeat&#8220; hover_enabled=&#8220;0&#8243; global_colors_info=&#8220;{}&#8220; sticky_enabled=&#8220;0&#8243;]<\/p>\n<h3>\u00a0Ein Blick auf die Blumenkorso von San Remo: Der Charme und die Eleganz des Blumenkorsos der Blumenparade San Remo in voller Bl\u00fcte sind das Ergebnis monatelanger Planung, Konstruktion und einer Nacht die verging, indem die Korso mit Blumen dekoriert wurden.<\/h3>\n<p>Die Vorbereitungspahse der Blumenparade<em> San Remo in voller Bl\u00fcte<\/em> beginnt dann , wenn die Kommune von San Remo das Thema der n\u00e4chsten Edition bekannt gibt, die die Veranstaltung durch die Tourismusabteilung organisiert. Jedes Jahr werden in der Tat die allegorischen Wagen\u00a0 von einem markanten gemeinsamen Thema inspiriert, wie auch die italienischen Comics, die Eroberung des Weltraums, weibliche Operns\u00e4ngerinnen und so weiter.<\/p>\n<p>Manchmal geben gemeinsame Themen\u00a0 die Freiheit der Meinungs\u00e4u\u00dferung,um mit den Designern zu schweben, w\u00e4hrend andere Male Themen durch eine animierte Auslosung ausgelost werden, die zugeteilt werden, dann beginnen die Designer an dem Korso zu arbeiten. Dies ist die Eigent\u00fcmlichkeit des Blumenparade von San Remo: Jedes Korso wird kreiert und repr\u00e4sentiert eine Kommunie oder ein Gebiet der Blumen-Riviera , wo die Tradition der Blumenzucht ist stark verwurzelt ist.<\/p>\n<p>Sobald das Thema zugeordnet wird, beginnen die Designer an dem Korso zu arbeiten: Jedes Jahr eine neue Herausforderung in Bezug auf die technischen F\u00e4higkeiten und Kreativit\u00e4t, wie es mit der Tatsache, dass es ein sehr wichtiges Medienereignis am Kanal RaiUno und mit der Ausstrahlung besch\u00e4ftigen Grenzen der Berechnung der Abmessungen der Bushaltestelle, wo der Korso\u00a0 und die H\u00f6he der Oberleitungen eingerichtet werden, die das Zentrum von San Remo zur\u00a0 Stadt \u00fcberqueren.<\/p>\n<p>Im Gegensatz zu dem\u00a0 in der N\u00e4he liegendenvon Ventimiglia, die eine au\u00dfergew\u00f6hnliche Tradition in der Schaffung von allergorischen Borso mit der Mosaiktechnik verf\u00fcgt, sind die Korso von San Remo\u00a0 eine Mischung aus allergorischen Charakteren und eine wunderbare Auswahl an Blumenarrangements. Die F\u00e4higkeit des Korso-Designers, die ersten Entw\u00fcrfe eine Skizze auf Papier zu bringen, was manchmal\u00a0 ein Modell entstehen l\u00e4sst, ist es die F\u00e4higkeit, diese beiden Elemente auszugleichen.<\/p>\n<p>Die n\u00e4chste Phase ist der Bau der allergorischen Zeichen durch die Skulptur von Bl\u00f6cken aus Styrophor, die nicht gut zu skizzieren sind, da, um Platz f\u00fcr die Erh\u00f6hung der Lautst\u00e4rke w\u00e4hrend der Dekoration des Korsos mit Blumen, ist es der auff\u00e4lligste Teil der Kreation des Korsos. Das wird am Nachmittag und in der Nacht vor der Parade getan. Jede Blume wird in die Figur in Styrophor mit einem Nagel und Blume f\u00fcr Blume verankert, mot gro\u00dfer Geduld bedecken die Experten das meiste des allerorischen Charakters.<\/p>\n<p>Der Feinschliff wird durch die Blumenvorbereitungen gemacht, die oben auf die Korso gelegt werden, die die Blumenparade von San Remo zu einer einzigartigen Parade macht, das weltweit f\u00fcr den Reichtum und die Qualit\u00e4t der benutzten Blumen bekannt ist. F\u00fcr die Erstellung eines Blumenkorso werden 20.000-50.000 Blumen benutzt, die die Blumenparade in eine Explosion der Farben und D\u00fcfte verwandelt.<\/p>\n<p>Die Herrlichkeit und die Sch\u00f6nheit der San Remo Blumen liegen in ihrer verg\u00e4nglichen Existenz, deswegen dauert die Blumenparade nur\u00a0 einen Tag lang. Ein anderer guter Grund einen Ausflug nach San Remo zu planen.<\/p>\n<p>[\/et_pb_text][\/et_pb_column][\/et_pb_row][\/et_pb_section]<\/p>\n","protected":false},"excerpt":{"rendered":"<p>\u00a0Ein Blick auf die Blumenkorso von San Remo: Der Charme und die Eleganz des Blumenkorsos der Blumenparade San Remo in voller Bl\u00fcte sind das Ergebnis monatelanger Planung, Konstruktion und einer Nacht die verging, indem die Korso mit Blumen dekoriert wurden. Die Vorbereitungspahse der Blumenparade San Remo in voller Bl\u00fcte beginnt dann , wenn die Kommune [&hellip;]<\/p>\n","protected":false},"author":1,"featured_media":0,"parent":0,"menu_order":0,"comment_status":"closed","ping_status":"open","template":"","meta":{"_et_pb_use_builder":"on","_et_pb_old_content":"<h3>\u00a0Ein Blick auf die Blumenkorso von San Remo: Der Charme und die Eleganz des Blumenkorsos der Blumenparade San Remo in voller Bl\u00fcte sind das Ergebnis monatelanger Planung, Konstruktion und einer Nacht die verging, indem die Korso mit Blumen dekoriert wurden.<\/h3>\r\nDie Vorbereitungspahse der Blumenparade<em> San Remo in voller Bl\u00fcte<\/em> beginnt dann , wenn die Kommune von San Remo das Thema der n\u00e4chsten Edition bekannt gibt, die die Veranstaltung durch die Tourismusabteilung organisiert. Jedes Jahr werden in der Tat die allegorischen Wagen\u00a0 von einem markanten gemeinsamen Thema inspiriert, wie auch die italienischen Comics, die Eroberung des Weltraums, weibliche Operns\u00e4ngerinnen und so weiter. Manchmal geben gemeinsame Themen\u00a0 die Freiheit der Meinungs\u00e4u\u00dferung,um mit den Designern zu schweben, w\u00e4hrend andere Male Themen durch eine animierte Auslosung ausgelost werden, die zugeteilt werden, dann beginnen die Designer an dem Korso zu arbeiten. Dies ist die Eigent\u00fcmlichkeit des Blumenparade von San Remo: Jedes Korso wird kreiert und repr\u00e4sentiert eine Kommunie oder ein Gebiet der Blumen-Riviera , wo die Tradition der Blumenzucht ist stark verwurzelt ist. Sobald das Thema zugeordnet wird, beginnen die Designer an dem Korso zu arbeiten: Jedes Jahr eine neue Herausforderung in Bezug auf die technischen F\u00e4higkeiten und Kreativit\u00e4t, wie es mit der Tatsache, dass es ein sehr wichtiges Medienereignis am Kanal RaiUno und mit der Ausstrahlung besch\u00e4ftigen Grenzen der Berechnung der Abmessungen der Bushaltestelle, wo der Korso\u00a0 und die H\u00f6he der Oberleitungen eingerichtet werden, die das Zentrum von San Remo zur\u00a0 Stadt \u00fcberqueren. Im Gegensatz zu dem\u00a0 in der N\u00e4he liegendenvon Ventimiglia, die eine au\u00dfergew\u00f6hnliche Tradition in der Schaffung von allergorischen Borso mit der Mosaiktechnik verf\u00fcgt, sind die Korso von San Remo\u00a0 eine Mischung aus allergorischen Charakteren und eine wunderbare Auswahl an Blumenarrangements. Die F\u00e4higkeit des Korso-Designers, die ersten Entw\u00fcrfe eine Skizze auf Papier zu bringen, was manchmal\u00a0 ein Modell entstehen l\u00e4sst, ist es die F\u00e4higkeit, diese beiden Elemente auszugleichen. Die n\u00e4chste Phase ist der Bau der allergorischen Zeichen durch die Skulptur von Bl\u00f6cken aus Styrophor, die nicht gut zu skizzieren sind, da, um Platz f\u00fcr die Erh\u00f6hung der Lautst\u00e4rke w\u00e4hrend der Dekoration des Korsos mit Blumen, ist es der auff\u00e4lligste Teil der Kreation des Korsos. Das wird am Nachmittag und in der Nacht vor der Parade getan. Jede Blume wird in die Figur in Styrophor mit einem Nagel und Blume f\u00fcr Blume verankert, mot gro\u00dfer Geduld bedecken die Experten das meiste des allerorischen Charakters. Der Feinschliff wird durch die Blumenvorbereitungen gemacht, die oben auf die Korso gelegt werden, die die Blumenparade von San Remo zu einer einzigartigen Parade macht, das weltweit f\u00fcr den Reichtum und die Qualit\u00e4t der benutzten Blumen bekannt ist. F\u00fcr die Erstellung eines Blumenkorso werden 20.000-50.000 Blumen benutzt, die die Blumenparade in eine Explosion der Farben und D\u00fcfte verwandelt. Die Herrlichkeit und die Sch\u00f6nheit der San Remo Blumen liegen in ihrer verg\u00e4nglichen Existenz, deswegen dauert die Blumenparade nur\u00a0 einen Tag lang. Ein anderer guter Grund einen Ausflug nach San Remo zu planen.","_et_gb_content_width":"","footnotes":""},"yoast_head":"<!-- This site is optimized with the Yoast SEO plugin v21.9.1 - https:\/\/yoast.com\/wordpress\/plugins\/seo\/ -->\n<title>Technologie des Blumenkorsos von San Remo | SANREMO CORSO FIORITO 2026<\/title>\n<meta name=\"description\" content=\"Technologie des Blumenkorsos von San Remo Monate der Planung und N\u00e4chte vergingen, um die Korso zu dekorieren,\" \/>\n<meta name=\"robots\" content=\"index, follow, max-snippet:-1, max-image-preview:large, max-video-preview:-1\" \/>\n<link rel=\"canonical\" href=\"https:\/\/carnevalesanremo.it\/de\/technologie-des-blumenkorsos-von-san-remo\/\" \/>\n<meta property=\"og:locale\" content=\"de_DE\" \/>\n<meta property=\"og:type\" content=\"article\" \/>\n<meta property=\"og:title\" content=\"Technologie des Blumenkorsos von San Remo | SANREMO CORSO FIORITO 2026\" \/>\n<meta property=\"og:description\" content=\"Technologie des Blumenkorsos von San Remo Monate der Planung und N\u00e4chte vergingen, um die Korso zu dekorieren,\" \/>\n<meta property=\"og:url\" content=\"https:\/\/carnevalesanremo.it\/de\/technologie-des-blumenkorsos-von-san-remo\/\" \/>\n<meta property=\"og:site_name\" content=\"SANREMO CORSO FIORITO 2026\" \/>\n<meta property=\"article:modified_time\" content=\"2024-02-08T09:38:31+00:00\" \/>\n<meta name=\"twitter:label1\" content=\"Gesch\u00e4tzte Lesezeit\" \/>\n\t<meta name=\"twitter:data1\" content=\"3\u00a0Minuten\" \/>\n<script type=\"application\/ld+json\" class=\"yoast-schema-graph\">{\"@context\":\"https:\/\/schema.org\",\"@graph\":[{\"@type\":\"WebPage\",\"@id\":\"https:\/\/carnevalesanremo.it\/de\/technologie-des-blumenkorsos-von-san-remo\/\",\"url\":\"https:\/\/carnevalesanremo.it\/de\/technologie-des-blumenkorsos-von-san-remo\/\",\"name\":\"Technologie des Blumenkorsos von San Remo | SANREMO CORSO FIORITO 2026\",\"isPartOf\":{\"@id\":\"https:\/\/carnevalesanremo.it\/#website\"},\"datePublished\":\"2016-01-24T12:30:59+00:00\",\"dateModified\":\"2024-02-08T09:38:31+00:00\",\"description\":\"Technologie des Blumenkorsos von San Remo Monate der Planung und N\u00e4chte vergingen, um die Korso zu dekorieren,\",\"breadcrumb\":{\"@id\":\"https:\/\/carnevalesanremo.it\/de\/technologie-des-blumenkorsos-von-san-remo\/#breadcrumb\"},\"inLanguage\":\"de\",\"potentialAction\":[{\"@type\":\"ReadAction\",\"target\":[\"https:\/\/carnevalesanremo.it\/de\/technologie-des-blumenkorsos-von-san-remo\/\"]}]},{\"@type\":\"BreadcrumbList\",\"@id\":\"https:\/\/carnevalesanremo.it\/de\/technologie-des-blumenkorsos-von-san-remo\/#breadcrumb\",\"itemListElement\":[{\"@type\":\"ListItem\",\"position\":1,\"name\":\"Home\",\"item\":\"https:\/\/carnevalesanremo.it\/de\/\"},{\"@type\":\"ListItem\",\"position\":2,\"name\":\"Technologie des Blumenkorsos von San Remo\"}]},{\"@type\":\"WebSite\",\"@id\":\"https:\/\/carnevalesanremo.it\/#website\",\"url\":\"https:\/\/carnevalesanremo.it\/\",\"name\":\"SANREMO CORSO FIORITO 2026\",\"description\":\"BLUMENPARADE | BLUMENCORSO | KARNAVAL VON SAN REMO 2026\",\"potentialAction\":[{\"@type\":\"SearchAction\",\"target\":{\"@type\":\"EntryPoint\",\"urlTemplate\":\"https:\/\/carnevalesanremo.it\/?s={search_term_string}\"},\"query-input\":\"required name=search_term_string\"}],\"inLanguage\":\"de\"}]}<\/script>\n<!-- \/ Yoast SEO plugin. -->","yoast_head_json":{"title":"Technologie des Blumenkorsos von San Remo | SANREMO CORSO FIORITO 2026","description":"Technologie des Blumenkorsos von San Remo Monate der Planung und N\u00e4chte vergingen, um die Korso zu dekorieren,","robots":{"index":"index","follow":"follow","max-snippet":"max-snippet:-1","max-image-preview":"max-image-preview:large","max-video-preview":"max-video-preview:-1"},"canonical":"https:\/\/carnevalesanremo.it\/de\/technologie-des-blumenkorsos-von-san-remo\/","og_locale":"de_DE","og_type":"article","og_title":"Technologie des Blumenkorsos von San Remo | SANREMO CORSO FIORITO 2026","og_description":"Technologie des Blumenkorsos von San Remo Monate der Planung und N\u00e4chte vergingen, um die Korso zu dekorieren,","og_url":"https:\/\/carnevalesanremo.it\/de\/technologie-des-blumenkorsos-von-san-remo\/","og_site_name":"SANREMO CORSO FIORITO 2026","article_modified_time":"2024-02-08T09:38:31+00:00","twitter_misc":{"Gesch\u00e4tzte Lesezeit":"3\u00a0Minuten"},"schema":{"@context":"https:\/\/schema.org","@graph":[{"@type":"WebPage","@id":"https:\/\/carnevalesanremo.it\/de\/technologie-des-blumenkorsos-von-san-remo\/","url":"https:\/\/carnevalesanremo.it\/de\/technologie-des-blumenkorsos-von-san-remo\/","name":"Technologie des Blumenkorsos von San Remo | SANREMO CORSO FIORITO 2026","isPartOf":{"@id":"https:\/\/carnevalesanremo.it\/#website"},"datePublished":"2016-01-24T12:30:59+00:00","dateModified":"2024-02-08T09:38:31+00:00","description":"Technologie des Blumenkorsos von San Remo Monate der Planung und N\u00e4chte vergingen, um die Korso zu dekorieren,","breadcrumb":{"@id":"https:\/\/carnevalesanremo.it\/de\/technologie-des-blumenkorsos-von-san-remo\/#breadcrumb"},"inLanguage":"de","potentialAction":[{"@type":"ReadAction","target":["https:\/\/carnevalesanremo.it\/de\/technologie-des-blumenkorsos-von-san-remo\/"]}]},{"@type":"BreadcrumbList","@id":"https:\/\/carnevalesanremo.it\/de\/technologie-des-blumenkorsos-von-san-remo\/#breadcrumb","itemListElement":[{"@type":"ListItem","position":1,"name":"Home","item":"https:\/\/carnevalesanremo.it\/de\/"},{"@type":"ListItem","position":2,"name":"Technologie des Blumenkorsos von San Remo"}]},{"@type":"WebSite","@id":"https:\/\/carnevalesanremo.it\/#website","url":"https:\/\/carnevalesanremo.it\/","name":"SANREMO CORSO FIORITO 2026","description":"BLUMENPARADE | BLUMENCORSO | KARNAVAL VON SAN REMO 2026","potentialAction":[{"@type":"SearchAction","target":{"@type":"EntryPoint","urlTemplate":"https:\/\/carnevalesanremo.it\/?s={search_term_string}"},"query-input":"required name=search_term_string"}],"inLanguage":"de"}]}},"_links":{"self":[{"href":"https:\/\/carnevalesanremo.it\/de\/wp-json\/wp\/v2\/pages\/26817"}],"collection":[{"href":"https:\/\/carnevalesanremo.it\/de\/wp-json\/wp\/v2\/pages"}],"about":[{"href":"https:\/\/carnevalesanremo.it\/de\/wp-json\/wp\/v2\/types\/page"}],"author":[{"embeddable":true,"href":"https:\/\/carnevalesanremo.it\/de\/wp-json\/wp\/v2\/users\/1"}],"replies":[{"embeddable":true,"href":"https:\/\/carnevalesanremo.it\/de\/wp-json\/wp\/v2\/comments?post=26817"}],"version-history":[{"count":2,"href":"https:\/\/carnevalesanremo.it\/de\/wp-json\/wp\/v2\/pages\/26817\/revisions"}],"predecessor-version":[{"id":236974,"href":"https:\/\/carnevalesanremo.it\/de\/wp-json\/wp\/v2\/pages\/26817\/revisions\/236974"}],"wp:attachment":[{"href":"https:\/\/carnevalesanremo.it\/de\/wp-json\/wp\/v2\/media?parent=26817"}],"curies":[{"name":"wp","href":"https:\/\/api.w.org\/{rel}","templated":true}]}}