{"id":28964,"date":"2016-02-09T11:35:33","date_gmt":"2016-02-09T11:35:33","guid":{"rendered":"http:\/\/carnevalesanremo.it\/?page_id=28964"},"modified":"2026-02-16T11:16:18","modified_gmt":"2026-02-16T11:16:18","slug":"gruppenreise-blumenparade-san-remo-voller-blute","status":"publish","type":"page","link":"https:\/\/carnevalesanremo.it\/de\/aufenthalt-in-san-remo\/gruppenreise-blumenparade-san-remo-voller-blute\/","title":{"rendered":"Gruppenreise Blumenparade San Remo in voller Bl\u00fcte"},"content":{"rendered":"<p>[et_pb_section fb_built=&#8220;1&#8243; fullwidth=&#8220;on&#8220; _builder_version=&#8220;4.17.4&#8243; _module_preset=&#8220;default&#8220; locked=&#8220;off&#8220; global_colors_info=&#8220;{}&#8220;][et_pb_fullwidth_slider _builder_version=&#8220;4.22.0&#8243; _module_preset=&#8220;default&#8220; global_colors_info=&#8220;{}&#8220;][et_pb_slide heading=&#8220;Gruppenreise Blumenparade San Remo in voller Bl\u00fcte&#8220; _builder_version=&#8220;4.22.0&#8243; _module_preset=&#8220;default&#8220; background_image=&#8220;https:\/\/carnevalesanremo.it\/wp-content\/uploads\/2024\/01\/carnevale-di-sanremo-gruppi-organizzati-prenota_.jpg&#8220; background_enable_image=&#8220;on&#8220; global_colors_info=&#8220;{}&#8220; sticky_transition=&#8220;on&#8220;][\/et_pb_slide][\/et_pb_fullwidth_slider][\/et_pb_section][et_pb_section fb_built=&#8220;1&#8243; _builder_version=&#8220;4.16&#8243; global_colors_info=&#8220;{}&#8220;][et_pb_row _builder_version=&#8220;4.16&#8243; background_size=&#8220;initial&#8220; background_position=&#8220;top_left&#8220; background_repeat=&#8220;repeat&#8220; global_colors_info=&#8220;{}&#8220;][et_pb_column type=&#8220;4_4&#8243; _builder_version=&#8220;4.16&#8243; custom_padding=&#8220;|||&#8220; global_colors_info=&#8220;{}&#8220; custom_padding__hover=&#8220;|||&#8220;][et_pb_text _builder_version=&#8220;4.22.0&#8243; background_size=&#8220;initial&#8220; background_position=&#8220;top_left&#8220; background_repeat=&#8220;repeat&#8220; global_colors_info=&#8220;{}&#8220;]<\/p>\n<h3>Wir stehen Ihnen zur Verf\u00fcgung, um Ihnen Ihre Gruppenreise auf die bestm\u00f6gliche Art f\u00fcr die Sanremo Blumenparade Corso Fiorito 2026 zu organisieren, indem wir Unterk\u00fcnfte in Hotels und interessante Ausfl\u00fcge und Besuche anbieten.<\/h3>\n<p>Die perfekte Art, um eine Gruppenreise bei der Gelegenheit von San Remo in voller Bl\u00fcte zu organisieren, ist es die Teilnahme an der traditionellen Blumenparade mit dem Besuch einer der vielen nat\u00fcrlichen Wunder der Blumen-Riviera zu kombinieren.<\/p>\n<p>[\/et_pb_text][et_pb_pricing_tables _builder_version=&#8220;4.22.0&#8243; _module_preset=&#8220;default&#8220; locked=&#8220;off&#8220; global_colors_info=&#8220;{}&#8220;][et_pb_pricing_table title=&#8220;1 Nacht&#8220; currency=&#8220;\u20ac&#8220; per=&#8220;p.p.&#8220; sum=&#8220;179&#8243; button_url=&#8220;https:\/\/carnevalesanremo.it\/de\/informationen-san-remo-blumenparade\/&#8220; button_text=&#8220;JETZT BUCHEN&#8220; _builder_version=&#8220;4.22.0&#8243; _module_preset=&#8220;default&#8220; global_colors_info=&#8220;{}&#8220; sticky_transition=&#8220;on&#8220;]Unterkunft im <strong>4-Sterne-Hotel<\/strong><\/p>\n<p>\u00dcbernachtung<\/p>\n<p>Fr\u00fchst\u00fcck<\/p>\n<p>Abendessen<\/p>\n<p><strong>Besuch der Villen und G\u00e4rten von Sanremo<\/strong><\/p>\n<p>Halbtagestour mit Reisef\u00fchrer<\/p>\n<p>Kostenloses Parken<\/p>\n<p>Eintrittskarte f\u00fcr die Villa Nobel<\/p>\n<p><strong>Trib\u00fcnenkarte<\/strong> f\u00fcr den Corso Fiorito<br \/>\n[\/et_pb_pricing_table][et_pb_pricing_table title=&#8220;2 N\u00e4chte&#8220; currency=&#8220;\u20ac&#8220; per=&#8220;p.p.&#8220; sum=&#8220;289&#8243; button_url=&#8220;https:\/\/carnevalesanremo.it\/de\/informationen-san-remo-blumenparade\/&#8220; button_text=&#8220;JETZT BUCHEN&#8220; _builder_version=&#8220;4.22.0&#8243; _module_preset=&#8220;default&#8220; global_colors_info=&#8220;{}&#8220; sticky_transition=&#8220;on&#8220;]Unterkunft im <strong>4-Sterne-Hotel<\/strong><\/p>\n<p>Unterbringung in einem 4-Sterne-Hotel<\/p>\n<p>\u00dcbernachtung<\/p>\n<p>Fr\u00fchst\u00fcck<\/p>\n<p>Abendessen<\/p>\n<p><strong>Besuch der Villa Hanbury und Dolceacqua<\/strong><\/p>\n<p>Halbtagestour mit Reisef\u00fchrer<\/p>\n<p>Eintrittskarte f\u00fcr Hanbury<\/p>\n<p>Weinverkostung<\/p>\n<p><strong>Trib\u00fcnenkarte<\/strong> f\u00fcr den Corso Fiorito<br \/>\n[\/et_pb_pricing_table][et_pb_pricing_table title=&#8220;3 N\u00e4chte&#8220; currency=&#8220;\u20ac&#8220; per=&#8220;p.p.&#8220; sum=&#8220;379&#8243; button_url=&#8220;https:\/\/carnevalesanremo.it\/de\/informationen-san-remo-blumenparade\/&#8220; button_text=&#8220;JETZT BUCHEN&#8220; _builder_version=&#8220;4.22.0&#8243; _module_preset=&#8220;default&#8220; global_colors_info=&#8220;{}&#8220; sticky_transition=&#8220;on&#8220;]Unterkunft im <strong>4-Sterne-Hotel<\/strong><\/p>\n<p>Unterbringung in einem 4-Sterne-Hotel<\/p>\n<p>\u00dcbernachtung<\/p>\n<p>Fr\u00fchst\u00fcck<\/p>\n<p>Abendessen<\/p>\n<p><strong>Tag 1: Besuch der Villa Hanbury und Dolceacqua<\/strong><\/p>\n<p>Halbtagestour mit Reisef\u00fchrer<\/p>\n<p>Eintrittskarte f\u00fcr Hanbury<\/p>\n<p>Weinverkostung<\/p>\n<p><strong>Tag 2: Besuch der Villen und G\u00e4rten von Sanremo<\/strong><\/p>\n<p>Halbtagestour mit Reisef\u00fchrer<\/p>\n<p>Eintrittskarte f\u00fcr die Villa Nobel<\/p>\n<p><strong>Trib\u00fcnenkarte<\/strong> f\u00fcr den Corso Fiorito<br \/>\n[\/et_pb_pricing_table][\/et_pb_pricing_tables][et_pb_text _builder_version=&#8220;4.22.0&#8243; background_size=&#8220;initial&#8220; background_position=&#8220;top_left&#8220; background_repeat=&#8220;repeat&#8220; global_colors_info=&#8220;{}&#8220;]<\/p>\n<p dir=\"ltr\"><strong>Gruppenplan<\/strong><\/p>\n<p><strong>Wir stehen Ihnen zur Verf\u00fcgung, um Ihnen Ihre Gruppenreise auf die bestm\u00f6gliche Art zu organisieren. F\u00fcllen F\u00fcllen Sie das Formular\u00a0<a href=\"https:\/\/carnevalesanremo.it\/de\/informationen-san-remo-blumenparade\/\" target=\"_blank\" rel=\"noopener\">hier<\/a>\u00a0aus oder rufen Sie uns an: 0184 666 986.<\/strong><br \/>\n[\/et_pb_text][\/et_pb_column][\/et_pb_row][\/et_pb_section]<\/p>\n","protected":false},"excerpt":{"rendered":"<p>Wir stehen Ihnen zur Verf\u00fcgung, um Ihnen Ihre Gruppenreise auf die bestm\u00f6gliche Art f\u00fcr die Sanremo Blumenparade Corso Fiorito 2026 zu organisieren, indem wir Unterk\u00fcnfte in Hotels und interessante Ausfl\u00fcge und Besuche anbieten. Die perfekte Art, um eine Gruppenreise bei der Gelegenheit von San Remo in voller Bl\u00fcte zu organisieren, ist es die Teilnahme an [&hellip;]<\/p>\n","protected":false},"author":1,"featured_media":0,"parent":26808,"menu_order":0,"comment_status":"closed","ping_status":"open","template":"","meta":{"_et_pb_use_builder":"on","_et_pb_old_content":"","_et_gb_content_width":"","footnotes":""},"yoast_head":"<!-- This site is optimized with the Yoast SEO plugin v21.9.1 - https:\/\/yoast.com\/wordpress\/plugins\/seo\/ -->\n<title>Gruppenreise Blumenparade San Remo in voller Bl\u00fcte | SANREMO CORSO FIORITO 2026<\/title>\n<meta name=\"description\" content=\"Wir stehen Ihnen zur Verf\u00fcgung, um Ihnen Ihre Gruppenreise Blumenparade auf die bestm\u00f6gliche Art f\u00fcr die SANREMO CORSO FIORITO 2026 zu organisieren\" \/>\n<meta name=\"robots\" content=\"index, follow, max-snippet:-1, max-image-preview:large, max-video-preview:-1\" \/>\n<link rel=\"canonical\" href=\"https:\/\/carnevalesanremo.it\/de\/aufenthalt-in-san-remo\/gruppenreise-blumenparade-san-remo-voller-blute\/\" \/>\n<meta property=\"og:locale\" content=\"de_DE\" \/>\n<meta property=\"og:type\" content=\"article\" \/>\n<meta property=\"og:title\" content=\"Gruppenreise Blumenparade San Remo in voller Bl\u00fcte | SANREMO CORSO FIORITO 2026\" \/>\n<meta property=\"og:description\" content=\"Wir stehen Ihnen zur Verf\u00fcgung, um Ihnen Ihre Gruppenreise Blumenparade auf die bestm\u00f6gliche Art f\u00fcr die SANREMO CORSO FIORITO 2026 zu organisieren\" \/>\n<meta property=\"og:url\" content=\"https:\/\/carnevalesanremo.it\/de\/aufenthalt-in-san-remo\/gruppenreise-blumenparade-san-remo-voller-blute\/\" \/>\n<meta property=\"og:site_name\" content=\"SANREMO CORSO FIORITO 2026\" \/>\n<meta property=\"article:modified_time\" content=\"2026-02-16T11:16:18+00:00\" \/>\n<meta name=\"twitter:label1\" content=\"Gesch\u00e4tzte Lesezeit\" \/>\n\t<meta name=\"twitter:data1\" content=\"2\u00a0Minuten\" \/>\n<script type=\"application\/ld+json\" class=\"yoast-schema-graph\">{\"@context\":\"https:\/\/schema.org\",\"@graph\":[{\"@type\":\"WebPage\",\"@id\":\"https:\/\/carnevalesanremo.it\/de\/aufenthalt-in-san-remo\/gruppenreise-blumenparade-san-remo-voller-blute\/\",\"url\":\"https:\/\/carnevalesanremo.it\/de\/aufenthalt-in-san-remo\/gruppenreise-blumenparade-san-remo-voller-blute\/\",\"name\":\"Gruppenreise Blumenparade San Remo in voller Bl\u00fcte | SANREMO CORSO FIORITO 2026\",\"isPartOf\":{\"@id\":\"https:\/\/carnevalesanremo.it\/#website\"},\"datePublished\":\"2016-02-09T11:35:33+00:00\",\"dateModified\":\"2026-02-16T11:16:18+00:00\",\"description\":\"Wir stehen Ihnen zur Verf\u00fcgung, um Ihnen Ihre Gruppenreise Blumenparade auf die bestm\u00f6gliche Art f\u00fcr die SANREMO CORSO FIORITO 2026 zu organisieren\",\"breadcrumb\":{\"@id\":\"https:\/\/carnevalesanremo.it\/de\/aufenthalt-in-san-remo\/gruppenreise-blumenparade-san-remo-voller-blute\/#breadcrumb\"},\"inLanguage\":\"de\",\"potentialAction\":[{\"@type\":\"ReadAction\",\"target\":[\"https:\/\/carnevalesanremo.it\/de\/aufenthalt-in-san-remo\/gruppenreise-blumenparade-san-remo-voller-blute\/\"]}]},{\"@type\":\"BreadcrumbList\",\"@id\":\"https:\/\/carnevalesanremo.it\/de\/aufenthalt-in-san-remo\/gruppenreise-blumenparade-san-remo-voller-blute\/#breadcrumb\",\"itemListElement\":[{\"@type\":\"ListItem\",\"position\":1,\"name\":\"Home\",\"item\":\"https:\/\/carnevalesanremo.it\/de\/\"},{\"@type\":\"ListItem\",\"position\":2,\"name\":\"AUFENTHALT IN SAN REMO\",\"item\":\"https:\/\/carnevalesanremo.it\/hotel-sanremo\/\"},{\"@type\":\"ListItem\",\"position\":3,\"name\":\"Gruppenreise Blumenparade San Remo in voller Bl\u00fcte\"}]},{\"@type\":\"WebSite\",\"@id\":\"https:\/\/carnevalesanremo.it\/#website\",\"url\":\"https:\/\/carnevalesanremo.it\/\",\"name\":\"SANREMO CORSO FIORITO 2026\",\"description\":\"BLUMENPARADE | BLUMENCORSO | KARNAVAL VON SAN REMO 2026\",\"potentialAction\":[{\"@type\":\"SearchAction\",\"target\":{\"@type\":\"EntryPoint\",\"urlTemplate\":\"https:\/\/carnevalesanremo.it\/?s={search_term_string}\"},\"query-input\":\"required name=search_term_string\"}],\"inLanguage\":\"de\"}]}<\/script>\n<!-- \/ Yoast SEO plugin. -->","yoast_head_json":{"title":"Gruppenreise Blumenparade San Remo in voller Bl\u00fcte | SANREMO CORSO FIORITO 2026","description":"Wir stehen Ihnen zur Verf\u00fcgung, um Ihnen Ihre Gruppenreise Blumenparade auf die bestm\u00f6gliche Art f\u00fcr die SANREMO CORSO FIORITO 2026 zu organisieren","robots":{"index":"index","follow":"follow","max-snippet":"max-snippet:-1","max-image-preview":"max-image-preview:large","max-video-preview":"max-video-preview:-1"},"canonical":"https:\/\/carnevalesanremo.it\/de\/aufenthalt-in-san-remo\/gruppenreise-blumenparade-san-remo-voller-blute\/","og_locale":"de_DE","og_type":"article","og_title":"Gruppenreise Blumenparade San Remo in voller Bl\u00fcte | SANREMO CORSO FIORITO 2026","og_description":"Wir stehen Ihnen zur Verf\u00fcgung, um Ihnen Ihre Gruppenreise Blumenparade auf die bestm\u00f6gliche Art f\u00fcr die SANREMO CORSO FIORITO 2026 zu organisieren","og_url":"https:\/\/carnevalesanremo.it\/de\/aufenthalt-in-san-remo\/gruppenreise-blumenparade-san-remo-voller-blute\/","og_site_name":"SANREMO CORSO FIORITO 2026","article_modified_time":"2026-02-16T11:16:18+00:00","twitter_misc":{"Gesch\u00e4tzte Lesezeit":"2\u00a0Minuten"},"schema":{"@context":"https:\/\/schema.org","@graph":[{"@type":"WebPage","@id":"https:\/\/carnevalesanremo.it\/de\/aufenthalt-in-san-remo\/gruppenreise-blumenparade-san-remo-voller-blute\/","url":"https:\/\/carnevalesanremo.it\/de\/aufenthalt-in-san-remo\/gruppenreise-blumenparade-san-remo-voller-blute\/","name":"Gruppenreise Blumenparade San Remo in voller Bl\u00fcte | SANREMO CORSO FIORITO 2026","isPartOf":{"@id":"https:\/\/carnevalesanremo.it\/#website"},"datePublished":"2016-02-09T11:35:33+00:00","dateModified":"2026-02-16T11:16:18+00:00","description":"Wir stehen Ihnen zur Verf\u00fcgung, um Ihnen Ihre Gruppenreise Blumenparade auf die bestm\u00f6gliche Art f\u00fcr die SANREMO CORSO FIORITO 2026 zu organisieren","breadcrumb":{"@id":"https:\/\/carnevalesanremo.it\/de\/aufenthalt-in-san-remo\/gruppenreise-blumenparade-san-remo-voller-blute\/#breadcrumb"},"inLanguage":"de","potentialAction":[{"@type":"ReadAction","target":["https:\/\/carnevalesanremo.it\/de\/aufenthalt-in-san-remo\/gruppenreise-blumenparade-san-remo-voller-blute\/"]}]},{"@type":"BreadcrumbList","@id":"https:\/\/carnevalesanremo.it\/de\/aufenthalt-in-san-remo\/gruppenreise-blumenparade-san-remo-voller-blute\/#breadcrumb","itemListElement":[{"@type":"ListItem","position":1,"name":"Home","item":"https:\/\/carnevalesanremo.it\/de\/"},{"@type":"ListItem","position":2,"name":"AUFENTHALT IN SAN REMO","item":"https:\/\/carnevalesanremo.it\/hotel-sanremo\/"},{"@type":"ListItem","position":3,"name":"Gruppenreise Blumenparade San Remo in voller Bl\u00fcte"}]},{"@type":"WebSite","@id":"https:\/\/carnevalesanremo.it\/#website","url":"https:\/\/carnevalesanremo.it\/","name":"SANREMO CORSO FIORITO 2026","description":"BLUMENPARADE | BLUMENCORSO | KARNAVAL VON SAN REMO 2026","potentialAction":[{"@type":"SearchAction","target":{"@type":"EntryPoint","urlTemplate":"https:\/\/carnevalesanremo.it\/?s={search_term_string}"},"query-input":"required name=search_term_string"}],"inLanguage":"de"}]}},"_links":{"self":[{"href":"https:\/\/carnevalesanremo.it\/de\/wp-json\/wp\/v2\/pages\/28964"}],"collection":[{"href":"https:\/\/carnevalesanremo.it\/de\/wp-json\/wp\/v2\/pages"}],"about":[{"href":"https:\/\/carnevalesanremo.it\/de\/wp-json\/wp\/v2\/types\/page"}],"author":[{"embeddable":true,"href":"https:\/\/carnevalesanremo.it\/de\/wp-json\/wp\/v2\/users\/1"}],"replies":[{"embeddable":true,"href":"https:\/\/carnevalesanremo.it\/de\/wp-json\/wp\/v2\/comments?post=28964"}],"version-history":[{"count":19,"href":"https:\/\/carnevalesanremo.it\/de\/wp-json\/wp\/v2\/pages\/28964\/revisions"}],"predecessor-version":[{"id":238076,"href":"https:\/\/carnevalesanremo.it\/de\/wp-json\/wp\/v2\/pages\/28964\/revisions\/238076"}],"up":[{"embeddable":true,"href":"https:\/\/carnevalesanremo.it\/de\/wp-json\/wp\/v2\/pages\/26808"}],"wp:attachment":[{"href":"https:\/\/carnevalesanremo.it\/de\/wp-json\/wp\/v2\/media?parent=28964"}],"curies":[{"name":"wp","href":"https:\/\/api.w.org\/{rel}","templated":true}]}}