{"id":29927,"date":"2016-02-16T15:34:10","date_gmt":"2016-02-16T15:34:10","guid":{"rendered":"http:\/\/carnevalesanremo.it\/parkgebiete-fur-das-san-remo-in-voller-blute\/"},"modified":"2024-12-11T13:02:23","modified_gmt":"2024-12-11T13:02:23","slug":"parkgebiete-fur-das-san-remo-in-voller-blute","status":"publish","type":"page","link":"https:\/\/carnevalesanremo.it\/de\/parkgebiete-fur-das-san-remo-in-voller-blute\/","title":{"rendered":"Parkgebiete f\u00fcr das San Remo In voller Bl\u00fcte"},"content":{"rendered":"<p>[et_pb_section fb_built=&#8220;1&#8243; fullwidth=&#8220;on&#8220; _builder_version=&#8220;4.17.4&#8243; _module_preset=&#8220;default&#8220; locked=&#8220;off&#8220; global_colors_info=&#8220;{}&#8220;][et_pb_fullwidth_slider _builder_version=&#8220;4.22.0&#8243; _module_preset=&#8220;default&#8220; global_colors_info=&#8220;{}&#8220;][et_pb_slide heading=&#8220;Parkgebiete f\u00fcr das San Remo In voller Bl\u00fcte&#8220; _builder_version=&#8220;4.22.0&#8243; _module_preset=&#8220;default&#8220; background_image=&#8220;https:\/\/carnevalesanremo.it\/wp-content\/uploads\/2016\/02\/carnevale-di-sanremo.jpg&#8220; background_enable_image=&#8220;on&#8220; global_colors_info=&#8220;{}&#8220; sticky_transition=&#8220;on&#8220;][\/et_pb_slide][\/et_pb_fullwidth_slider][\/et_pb_section][et_pb_section fb_built=&#8220;1&#8243; _builder_version=&#8220;4.16&#8243; global_colors_info=&#8220;{}&#8220;][et_pb_row _builder_version=&#8220;4.16&#8243; background_size=&#8220;initial&#8220; background_position=&#8220;top_left&#8220; background_repeat=&#8220;repeat&#8220; global_colors_info=&#8220;{}&#8220;][et_pb_column type=&#8220;4_4&#8243; _builder_version=&#8220;4.16&#8243; custom_padding=&#8220;|||&#8220; global_colors_info=&#8220;{}&#8220; custom_padding__hover=&#8220;|||&#8220;][et_pb_text _builder_version=&#8220;4.22.0&#8243; background_size=&#8220;initial&#8220; background_position=&#8220;top_left&#8220; background_repeat=&#8220;repeat&#8220; global_colors_info=&#8220;{}&#8220;]<\/p>\n<h2>Parkgebiete f\u00fcr Busse und Autos zur Veranstaltung des San Remo in voller Bl\u00fcte.<\/h2>\n<p>&nbsp;<\/p>\n<p><iframe loading=\"lazy\" src=\"\/\/umap.openstreetmap.fr\/it\/map\/corso-fiorito-sanremo-in-fiore_852633?scaleControl=false&amp;miniMap=false&amp;scrollWheelZoom=false&amp;zoomControl=true&amp;allowEdit=false&amp;moreControl=true&amp;searchControl=null&amp;tilelayersControl=null&amp;embedControl=null&amp;datalayersControl=true&amp;onLoadPanel=undefined&amp;captionBar=false\" width=\"100%\" height=\"300px\" frameborder=\"0\" allowfullscreen=\"allowfullscreen\"><\/iframe><\/p>\n<p><a href=\"\/\/umap.openstreetmap.fr\/it\/map\/corso-fiorito-sanremo-in-fiore_852633\">Vollbild anzeigen<\/a><\/p>\n<h3>BUS PARKPL\u00c4TZE<\/h3>\n<p>P1: Pian di Poma \/ Corso Marconi (Ausgang A10 SANREMO OVEST) P2: Mercato dei Fiori Valle Armea (Ausgang A10 ARMA DI TAGGIA) Parkpreis: \u20ac 50,00 (ganzer Tag) Die Busse haben Zugang zum Stadtzentrum, um die Reisenden dorthin zu bringen, aber danach m\u00fcssen sie unbedignt zu den bestimmten Parkgebieten gehen.<\/p>\n<h3>AUTOPARKPL\u00c4TZE<\/h3>\n<p>P1: Pian di Poma \/ Corso Marconi (Ausgang A10 SANREMO) P2: Mercato dei Fiori Valle Armea (Ausgang A10 ARMA DI TAGGIA) Parkpreis: \u20ac 15,00 (ganzer Tag) Moreover there are parking areas for cars\u00a0<strong>\u2013 \u201eParcheggi autovetture\u201c\u00a0(H24) \u00a0im Stadtzentrum (gegen Zahlung):<\/strong><\/p>\n<ul>\n<li>\u201ePalafiori\u201c\u00a0 Corso Garibaldi \u2013 321 Pl\u00e4tze;<\/li>\n<li>neue Eisenbahnstation, Corso Cavallotti \u2013 120 Pl\u00e4tze.<\/li>\n<\/ul>\n<h3>EMPFOHLENER WOHNMOBIL PARKPLATZ<\/h3>\n<p>Corso Marconi\u00a0(AusgangA10 SANREMO)<\/p>\n<h3>ZUBRINGERBUS<\/h3>\n<p><strong>Kostenloser Zubringerbusdienst\u00a0<\/strong>\u00a0<strong>Zeitpl\u00e4ne<\/strong>: 07.30-11.30 Uhr und 13.30-17.30\u00a0 Uhr\u00a0<strong>Route:<\/strong><\/p>\n<ul>\n<li>Pian di Poma \u2013 Piazza Cesare Battisti\/Casin\u00f2<\/li>\n<li>Mercato dei Fiori Valle Armea \u2013 Piazza Colombo\/Stadtzentrum<\/li>\n<\/ul>\n<p>[\/et_pb_text][\/et_pb_column][\/et_pb_row][\/et_pb_section]<\/p>\n","protected":false},"excerpt":{"rendered":"<p>Parkgebiete f\u00fcr Busse und Autos zur Veranstaltung des San Remo in voller Bl\u00fcte. &nbsp; Vollbild anzeigen BUS PARKPL\u00c4TZE P1: Pian di Poma \/ Corso Marconi (Ausgang A10 SANREMO OVEST) P2: Mercato dei Fiori Valle Armea (Ausgang A10 ARMA DI TAGGIA) Parkpreis: \u20ac 50,00 (ganzer Tag) Die Busse haben Zugang zum Stadtzentrum, um die Reisenden dorthin [&hellip;]<\/p>\n","protected":false},"author":1,"featured_media":0,"parent":0,"menu_order":0,"comment_status":"closed","ping_status":"open","template":"","meta":{"_et_pb_use_builder":"on","_et_pb_old_content":"","_et_gb_content_width":"","footnotes":""},"yoast_head":"<!-- This site is optimized with the Yoast SEO plugin v21.9.1 - https:\/\/yoast.com\/wordpress\/plugins\/seo\/ -->\n<title>Parkgebiete f\u00fcr das San Remo In voller Bl\u00fcte | SANREMO CORSO FIORITO 2026<\/title>\n<meta name=\"description\" content=\"Parkgebiete SANREMO CORSO FIORITO 2026 f\u00fcr Busse, Autos und Wohnmobile\" \/>\n<meta name=\"robots\" content=\"index, follow, max-snippet:-1, max-image-preview:large, max-video-preview:-1\" \/>\n<link rel=\"canonical\" href=\"https:\/\/carnevalesanremo.it\/parcheggi-corso-fiorito-sanremo-fiore\/\" \/>\n<meta property=\"og:locale\" content=\"de_DE\" \/>\n<meta property=\"og:type\" content=\"article\" \/>\n<meta property=\"og:title\" content=\"Parkgebiete f\u00fcr das San Remo In voller Bl\u00fcte | SANREMO CORSO FIORITO 2026\" \/>\n<meta property=\"og:description\" content=\"Parkgebiete SANREMO CORSO FIORITO 2026 f\u00fcr Busse, Autos und Wohnmobile\" \/>\n<meta property=\"og:url\" content=\"https:\/\/carnevalesanremo.it\/parcheggi-corso-fiorito-sanremo-fiore\/\" \/>\n<meta property=\"og:site_name\" content=\"SANREMO CORSO FIORITO 2026\" \/>\n<meta property=\"article:modified_time\" content=\"2024-12-11T13:02:23+00:00\" \/>\n<meta name=\"twitter:label1\" content=\"Gesch\u00e4tzte Lesezeit\" \/>\n\t<meta name=\"twitter:data1\" content=\"1\u00a0Minute\" \/>\n<script type=\"application\/ld+json\" class=\"yoast-schema-graph\">{\"@context\":\"https:\/\/schema.org\",\"@graph\":[{\"@type\":\"WebPage\",\"@id\":\"https:\/\/carnevalesanremo.it\/parcheggi-corso-fiorito-sanremo-fiore\/\",\"url\":\"https:\/\/carnevalesanremo.it\/parcheggi-corso-fiorito-sanremo-fiore\/\",\"name\":\"Parkgebiete f\u00fcr das San Remo In voller Bl\u00fcte | SANREMO CORSO FIORITO 2026\",\"isPartOf\":{\"@id\":\"https:\/\/carnevalesanremo.it\/#website\"},\"datePublished\":\"2016-02-16T15:34:10+00:00\",\"dateModified\":\"2024-12-11T13:02:23+00:00\",\"description\":\"Parkgebiete SANREMO CORSO FIORITO 2026 f\u00fcr Busse, Autos und Wohnmobile\",\"breadcrumb\":{\"@id\":\"https:\/\/carnevalesanremo.it\/parcheggi-corso-fiorito-sanremo-fiore\/#breadcrumb\"},\"inLanguage\":\"de\",\"potentialAction\":[{\"@type\":\"ReadAction\",\"target\":[\"https:\/\/carnevalesanremo.it\/parcheggi-corso-fiorito-sanremo-fiore\/\"]}]},{\"@type\":\"BreadcrumbList\",\"@id\":\"https:\/\/carnevalesanremo.it\/parcheggi-corso-fiorito-sanremo-fiore\/#breadcrumb\",\"itemListElement\":[{\"@type\":\"ListItem\",\"position\":1,\"name\":\"Home\",\"item\":\"https:\/\/carnevalesanremo.it\/de\/\"},{\"@type\":\"ListItem\",\"position\":2,\"name\":\"Parkgebiete f\u00fcr das San Remo In voller Bl\u00fcte\"}]},{\"@type\":\"WebSite\",\"@id\":\"https:\/\/carnevalesanremo.it\/#website\",\"url\":\"https:\/\/carnevalesanremo.it\/\",\"name\":\"SANREMO CORSO FIORITO 2026\",\"description\":\"BLUMENPARADE | BLUMENCORSO | KARNAVAL VON SAN REMO 2026\",\"potentialAction\":[{\"@type\":\"SearchAction\",\"target\":{\"@type\":\"EntryPoint\",\"urlTemplate\":\"https:\/\/carnevalesanremo.it\/?s={search_term_string}\"},\"query-input\":\"required name=search_term_string\"}],\"inLanguage\":\"de\"}]}<\/script>\n<!-- \/ Yoast SEO plugin. -->","yoast_head_json":{"title":"Parkgebiete f\u00fcr das San Remo In voller Bl\u00fcte | SANREMO CORSO FIORITO 2026","description":"Parkgebiete SANREMO CORSO FIORITO 2026 f\u00fcr Busse, Autos und Wohnmobile","robots":{"index":"index","follow":"follow","max-snippet":"max-snippet:-1","max-image-preview":"max-image-preview:large","max-video-preview":"max-video-preview:-1"},"canonical":"https:\/\/carnevalesanremo.it\/parcheggi-corso-fiorito-sanremo-fiore\/","og_locale":"de_DE","og_type":"article","og_title":"Parkgebiete f\u00fcr das San Remo In voller Bl\u00fcte | SANREMO CORSO FIORITO 2026","og_description":"Parkgebiete SANREMO CORSO FIORITO 2026 f\u00fcr Busse, Autos und Wohnmobile","og_url":"https:\/\/carnevalesanremo.it\/parcheggi-corso-fiorito-sanremo-fiore\/","og_site_name":"SANREMO CORSO FIORITO 2026","article_modified_time":"2024-12-11T13:02:23+00:00","twitter_misc":{"Gesch\u00e4tzte Lesezeit":"1\u00a0Minute"},"schema":{"@context":"https:\/\/schema.org","@graph":[{"@type":"WebPage","@id":"https:\/\/carnevalesanremo.it\/parcheggi-corso-fiorito-sanremo-fiore\/","url":"https:\/\/carnevalesanremo.it\/parcheggi-corso-fiorito-sanremo-fiore\/","name":"Parkgebiete f\u00fcr das San Remo In voller Bl\u00fcte | SANREMO CORSO FIORITO 2026","isPartOf":{"@id":"https:\/\/carnevalesanremo.it\/#website"},"datePublished":"2016-02-16T15:34:10+00:00","dateModified":"2024-12-11T13:02:23+00:00","description":"Parkgebiete SANREMO CORSO FIORITO 2026 f\u00fcr Busse, Autos und Wohnmobile","breadcrumb":{"@id":"https:\/\/carnevalesanremo.it\/parcheggi-corso-fiorito-sanremo-fiore\/#breadcrumb"},"inLanguage":"de","potentialAction":[{"@type":"ReadAction","target":["https:\/\/carnevalesanremo.it\/parcheggi-corso-fiorito-sanremo-fiore\/"]}]},{"@type":"BreadcrumbList","@id":"https:\/\/carnevalesanremo.it\/parcheggi-corso-fiorito-sanremo-fiore\/#breadcrumb","itemListElement":[{"@type":"ListItem","position":1,"name":"Home","item":"https:\/\/carnevalesanremo.it\/de\/"},{"@type":"ListItem","position":2,"name":"Parkgebiete f\u00fcr das San Remo In voller Bl\u00fcte"}]},{"@type":"WebSite","@id":"https:\/\/carnevalesanremo.it\/#website","url":"https:\/\/carnevalesanremo.it\/","name":"SANREMO CORSO FIORITO 2026","description":"BLUMENPARADE | BLUMENCORSO | KARNAVAL VON SAN REMO 2026","potentialAction":[{"@type":"SearchAction","target":{"@type":"EntryPoint","urlTemplate":"https:\/\/carnevalesanremo.it\/?s={search_term_string}"},"query-input":"required name=search_term_string"}],"inLanguage":"de"}]}},"_links":{"self":[{"href":"https:\/\/carnevalesanremo.it\/de\/wp-json\/wp\/v2\/pages\/29927"}],"collection":[{"href":"https:\/\/carnevalesanremo.it\/de\/wp-json\/wp\/v2\/pages"}],"about":[{"href":"https:\/\/carnevalesanremo.it\/de\/wp-json\/wp\/v2\/types\/page"}],"author":[{"embeddable":true,"href":"https:\/\/carnevalesanremo.it\/de\/wp-json\/wp\/v2\/users\/1"}],"replies":[{"embeddable":true,"href":"https:\/\/carnevalesanremo.it\/de\/wp-json\/wp\/v2\/comments?post=29927"}],"version-history":[{"count":4,"href":"https:\/\/carnevalesanremo.it\/de\/wp-json\/wp\/v2\/pages\/29927\/revisions"}],"predecessor-version":[{"id":237432,"href":"https:\/\/carnevalesanremo.it\/de\/wp-json\/wp\/v2\/pages\/29927\/revisions\/237432"}],"wp:attachment":[{"href":"https:\/\/carnevalesanremo.it\/de\/wp-json\/wp\/v2\/media?parent=29927"}],"curies":[{"name":"wp","href":"https:\/\/api.w.org\/{rel}","templated":true}]}}