{"id":236991,"date":"2024-02-08T10:46:42","date_gmt":"2024-02-08T10:46:42","guid":{"rendered":"https:\/\/carnevalesanremo.it\/?page_id=236991"},"modified":"2024-12-11T12:11:16","modified_gmt":"2024-12-11T12:11:16","slug":"parcours-du-corso-fleuri-sanremo-in-fiore","status":"publish","type":"page","link":"https:\/\/carnevalesanremo.it\/fr\/parcours-du-corso-fleuri-sanremo-in-fiore\/","title":{"rendered":"Parcours du Corso Fleuri Sanremo in Fiore"},"content":{"rendered":"<p>[et_pb_section fb_built=\u00a0\u00bb1&Prime; fullwidth=\u00a0\u00bbon\u00a0\u00bb _builder_version=\u00a0\u00bb4.17.4&Prime; _module_preset=\u00a0\u00bbdefault\u00a0\u00bb locked=\u00a0\u00bboff\u00a0\u00bb global_colors_info=\u00a0\u00bb{}\u00a0\u00bb][et_pb_fullwidth_slider _builder_version=\u00a0\u00bb4.22.0&Prime; _module_preset=\u00a0\u00bbdefault\u00a0\u00bb background_enable_image=\u00a0\u00bboff\u00a0\u00bb global_colors_info=\u00a0\u00bb{}\u00a0\u00bb][et_pb_slide heading=\u00a0\u00bbParcours du Corso Fleuri Sanremo in Fiore\u00a0\u00bb _builder_version=\u00a0\u00bb4.22.0&Prime; _module_preset=\u00a0\u00bbdefault\u00a0\u00bb background_image=\u00a0\u00bbhttps:\/\/carnevalesanremo.it\/wp-content\/uploads\/2017\/03\/corso-fiorito-sanremo.jpg\u00a0\u00bb background_enable_image=\u00a0\u00bbon\u00a0\u00bb global_colors_info=\u00a0\u00bb{}\u00a0\u00bb sticky_transition=\u00a0\u00bbon\u00a0\u00bb][\/et_pb_slide][\/et_pb_fullwidth_slider][\/et_pb_section][et_pb_section fb_built=\u00a0\u00bb1&Prime; _builder_version=\u00a0\u00bb4.16&Prime; global_colors_info=\u00a0\u00bb{}\u00a0\u00bb][et_pb_row _builder_version=\u00a0\u00bb4.16&Prime; background_size=\u00a0\u00bbinitial\u00a0\u00bb background_position=\u00a0\u00bbtop_left\u00a0\u00bb background_repeat=\u00a0\u00bbrepeat\u00a0\u00bb global_colors_info=\u00a0\u00bb{}\u00a0\u00bb][et_pb_column type=\u00a0\u00bb4_4&Prime; _builder_version=\u00a0\u00bb4.16&Prime; custom_padding=\u00a0\u00bb|||\u00a0\u00bb global_colors_info=\u00a0\u00bb{}\u00a0\u00bb custom_padding__hover=\u00a0\u00bb|||\u00a0\u00bb][et_pb_text _builder_version=\u00a0\u00bb4.22.0&Prime; background_size=\u00a0\u00bbinitial\u00a0\u00bb background_position=\u00a0\u00bbtop_left\u00a0\u00bb background_repeat=\u00a0\u00bbrepeat\u00a0\u00bb global_colors_info=\u00a0\u00bb{}\u00a0\u00bb]<\/p>\n<h3>Le parcours Sanremo in Fiore du Corso Fiorito de Sanremo se d\u00e9roule le long du front de mer de Sanremo<\/h3>\n<p><iframe loading=\"lazy\" src=\"\/\/umap.openstreetmap.fr\/it\/map\/corso-fiorito-sanremo-in-fiore_852633?scaleControl=false&amp;miniMap=false&amp;scrollWheelZoom=false&amp;zoomControl=true&amp;allowEdit=false&amp;moreControl=true&amp;searchControl=null&amp;tilelayersControl=null&amp;embedControl=null&amp;datalayersControl=true&amp;onLoadPanel=undefined&amp;captionBar=false\" width=\"100%\" height=\"300px\" frameborder=\"0\" allowfullscreen=\"allowfullscreen\"><\/iframe><\/p>\n<p><a href=\"https:\/\/umap.openstreetmap.fr\/it\/map\/corso-fiorito-sanremo-in-fiore_852633\">Voir plein \u00e9cran<\/a><\/p>\n<p>&nbsp;<\/p>\n<p>Le d\u00e9part se fait depuis le Piazzale Carlo Dapporto, puis les chars se dirigent vers le Lungomare Italo Calvino jusqu\u2019aux Giardini Vittorio Veneto, d\u2019o\u00f9 ils empruntent la piste cyclable du Parc c\u00f4tier de la Riviera dei Fiori, passant devant l\u2019ancienne gare avant de revenir au Piazzale Carlo Dapporto.<\/p>\n<p>[\/et_pb_text][\/et_pb_column][\/et_pb_row][\/et_pb_section]<\/p>\n","protected":false},"excerpt":{"rendered":"<p>Le parcours Sanremo in Fiore du Corso Fiorito de Sanremo se d\u00e9roule le long du front de mer de Sanremo Voir plein \u00e9cran &nbsp; Le d\u00e9part se fait depuis le Piazzale Carlo Dapporto, puis les chars se dirigent vers le Lungomare Italo Calvino jusqu\u2019aux Giardini Vittorio Veneto, d\u2019o\u00f9 ils empruntent la piste cyclable du Parc [&hellip;]<\/p>\n","protected":false},"author":1,"featured_media":0,"parent":0,"menu_order":0,"comment_status":"closed","ping_status":"open","template":"","meta":{"_et_pb_use_builder":"on","_et_pb_old_content":"","_et_gb_content_width":"","footnotes":""},"yoast_head":"<!-- This site is optimized with the Yoast SEO plugin v21.9.1 - https:\/\/yoast.com\/wordpress\/plugins\/seo\/ -->\n<title>Parcours du Corso Fleuri Sanremo in Fiore | Sanremo Corso Fiorito 2026<\/title>\n<meta name=\"description\" content=\"Le parcours Sanremo in Fiore du Corso Fiorito de Sanremo se d\u00e9roule sur le front de mer de Sanremo. Informations sur le parcours des chars.\" \/>\n<meta name=\"robots\" content=\"index, follow, max-snippet:-1, max-image-preview:large, max-video-preview:-1\" \/>\n<link rel=\"canonical\" href=\"https:\/\/carnevalesanremo.it\/percorso-sanremo-in-fiore\/\" \/>\n<meta property=\"og:locale\" content=\"fr_FR\" \/>\n<meta property=\"og:type\" content=\"article\" \/>\n<meta property=\"og:title\" content=\"Parcours du Corso Fleuri Sanremo in Fiore | Sanremo Corso Fiorito 2026\" \/>\n<meta property=\"og:description\" content=\"Le parcours Sanremo in Fiore du Corso Fiorito de Sanremo se d\u00e9roule sur le front de mer de Sanremo. Informations sur le parcours des chars.\" \/>\n<meta property=\"og:url\" content=\"https:\/\/carnevalesanremo.it\/percorso-sanremo-in-fiore\/\" \/>\n<meta property=\"og:site_name\" content=\"Sanremo Corso Fiorito 2026\" \/>\n<meta property=\"article:modified_time\" content=\"2024-12-11T12:11:16+00:00\" \/>\n<meta name=\"twitter:label1\" content=\"Dur\u00e9e de lecture estim\u00e9e\" \/>\n\t<meta name=\"twitter:data1\" content=\"1 minute\" \/>\n<script type=\"application\/ld+json\" class=\"yoast-schema-graph\">{\"@context\":\"https:\/\/schema.org\",\"@graph\":[{\"@type\":\"WebPage\",\"@id\":\"https:\/\/carnevalesanremo.it\/percorso-sanremo-in-fiore\/\",\"url\":\"https:\/\/carnevalesanremo.it\/percorso-sanremo-in-fiore\/\",\"name\":\"Parcours du Corso Fleuri Sanremo in Fiore | Sanremo Corso Fiorito 2026\",\"isPartOf\":{\"@id\":\"https:\/\/carnevalesanremo.it\/#website\"},\"datePublished\":\"2024-02-08T10:46:42+00:00\",\"dateModified\":\"2024-12-11T12:11:16+00:00\",\"description\":\"Le parcours Sanremo in Fiore du Corso Fiorito de Sanremo se d\u00e9roule sur le front de mer de Sanremo. Informations sur le parcours des chars.\",\"breadcrumb\":{\"@id\":\"https:\/\/carnevalesanremo.it\/percorso-sanremo-in-fiore\/#breadcrumb\"},\"inLanguage\":\"fr-FR\",\"potentialAction\":[{\"@type\":\"ReadAction\",\"target\":[\"https:\/\/carnevalesanremo.it\/percorso-sanremo-in-fiore\/\"]}]},{\"@type\":\"BreadcrumbList\",\"@id\":\"https:\/\/carnevalesanremo.it\/percorso-sanremo-in-fiore\/#breadcrumb\",\"itemListElement\":[{\"@type\":\"ListItem\",\"position\":1,\"name\":\"Home\",\"item\":\"https:\/\/carnevalesanremo.it\/fr\/\"},{\"@type\":\"ListItem\",\"position\":2,\"name\":\"Parcours du Corso Fleuri Sanremo in Fiore\"}]},{\"@type\":\"WebSite\",\"@id\":\"https:\/\/carnevalesanremo.it\/#website\",\"url\":\"https:\/\/carnevalesanremo.it\/\",\"name\":\"Sanremo Corso Fiorito 2026\",\"description\":\"Chars Fleuri | Carnaval de San Remo 2026\",\"potentialAction\":[{\"@type\":\"SearchAction\",\"target\":{\"@type\":\"EntryPoint\",\"urlTemplate\":\"https:\/\/carnevalesanremo.it\/?s={search_term_string}\"},\"query-input\":\"required name=search_term_string\"}],\"inLanguage\":\"fr-FR\"}]}<\/script>\n<!-- \/ Yoast SEO plugin. -->","yoast_head_json":{"title":"Parcours du Corso Fleuri Sanremo in Fiore | Sanremo Corso Fiorito 2026","description":"Le parcours Sanremo in Fiore du Corso Fiorito de Sanremo se d\u00e9roule sur le front de mer de Sanremo. Informations sur le parcours des chars.","robots":{"index":"index","follow":"follow","max-snippet":"max-snippet:-1","max-image-preview":"max-image-preview:large","max-video-preview":"max-video-preview:-1"},"canonical":"https:\/\/carnevalesanremo.it\/percorso-sanremo-in-fiore\/","og_locale":"fr_FR","og_type":"article","og_title":"Parcours du Corso Fleuri Sanremo in Fiore | Sanremo Corso Fiorito 2026","og_description":"Le parcours Sanremo in Fiore du Corso Fiorito de Sanremo se d\u00e9roule sur le front de mer de Sanremo. Informations sur le parcours des chars.","og_url":"https:\/\/carnevalesanremo.it\/percorso-sanremo-in-fiore\/","og_site_name":"Sanremo Corso Fiorito 2026","article_modified_time":"2024-12-11T12:11:16+00:00","twitter_misc":{"Dur\u00e9e de lecture estim\u00e9e":"1 minute"},"schema":{"@context":"https:\/\/schema.org","@graph":[{"@type":"WebPage","@id":"https:\/\/carnevalesanremo.it\/percorso-sanremo-in-fiore\/","url":"https:\/\/carnevalesanremo.it\/percorso-sanremo-in-fiore\/","name":"Parcours du Corso Fleuri Sanremo in Fiore | Sanremo Corso Fiorito 2026","isPartOf":{"@id":"https:\/\/carnevalesanremo.it\/#website"},"datePublished":"2024-02-08T10:46:42+00:00","dateModified":"2024-12-11T12:11:16+00:00","description":"Le parcours Sanremo in Fiore du Corso Fiorito de Sanremo se d\u00e9roule sur le front de mer de Sanremo. Informations sur le parcours des chars.","breadcrumb":{"@id":"https:\/\/carnevalesanremo.it\/percorso-sanremo-in-fiore\/#breadcrumb"},"inLanguage":"fr-FR","potentialAction":[{"@type":"ReadAction","target":["https:\/\/carnevalesanremo.it\/percorso-sanremo-in-fiore\/"]}]},{"@type":"BreadcrumbList","@id":"https:\/\/carnevalesanremo.it\/percorso-sanremo-in-fiore\/#breadcrumb","itemListElement":[{"@type":"ListItem","position":1,"name":"Home","item":"https:\/\/carnevalesanremo.it\/fr\/"},{"@type":"ListItem","position":2,"name":"Parcours du Corso Fleuri Sanremo in Fiore"}]},{"@type":"WebSite","@id":"https:\/\/carnevalesanremo.it\/#website","url":"https:\/\/carnevalesanremo.it\/","name":"Sanremo Corso Fiorito 2026","description":"Chars Fleuri | Carnaval de San Remo 2026","potentialAction":[{"@type":"SearchAction","target":{"@type":"EntryPoint","urlTemplate":"https:\/\/carnevalesanremo.it\/?s={search_term_string}"},"query-input":"required name=search_term_string"}],"inLanguage":"fr-FR"}]}},"_links":{"self":[{"href":"https:\/\/carnevalesanremo.it\/fr\/wp-json\/wp\/v2\/pages\/236991"}],"collection":[{"href":"https:\/\/carnevalesanremo.it\/fr\/wp-json\/wp\/v2\/pages"}],"about":[{"href":"https:\/\/carnevalesanremo.it\/fr\/wp-json\/wp\/v2\/types\/page"}],"author":[{"embeddable":true,"href":"https:\/\/carnevalesanremo.it\/fr\/wp-json\/wp\/v2\/users\/1"}],"replies":[{"embeddable":true,"href":"https:\/\/carnevalesanremo.it\/fr\/wp-json\/wp\/v2\/comments?post=236991"}],"version-history":[{"count":3,"href":"https:\/\/carnevalesanremo.it\/fr\/wp-json\/wp\/v2\/pages\/236991\/revisions"}],"predecessor-version":[{"id":237419,"href":"https:\/\/carnevalesanremo.it\/fr\/wp-json\/wp\/v2\/pages\/236991\/revisions\/237419"}],"wp:attachment":[{"href":"https:\/\/carnevalesanremo.it\/fr\/wp-json\/wp\/v2\/media?parent=236991"}],"curies":[{"name":"wp","href":"https:\/\/api.w.org\/{rel}","templated":true}]}}