{"id":237812,"date":"2025-03-05T12:48:48","date_gmt":"2025-03-05T12:48:48","guid":{"rendered":"https:\/\/carnevalesanremo.it\/?page_id=237812"},"modified":"2026-02-16T09:40:20","modified_gmt":"2026-02-16T09:40:20","slug":"festival-fleurs-sanremo","status":"publish","type":"page","link":"https:\/\/carnevalesanremo.it\/fr\/festival-fleurs-sanremo\/","title":{"rendered":"Festival des Fleurs de Sanremo 2026"},"content":{"rendered":"<p>[et_pb_section fb_built=\u00a0\u00bb1&Prime; fullwidth=\u00a0\u00bbon\u00a0\u00bb _builder_version=\u00a0\u00bb4.17.4&Prime; _module_preset=\u00a0\u00bbdefault\u00a0\u00bb locked=\u00a0\u00bboff\u00a0\u00bb global_colors_info=\u00a0\u00bb{}\u00a0\u00bb][et_pb_fullwidth_slider _builder_version=\u00a0\u00bb4.22.0&Prime; _module_preset=\u00a0\u00bbdefault\u00a0\u00bb global_colors_info=\u00a0\u00bb{}\u00a0\u00bb][et_pb_slide heading=\u00a0\u00bbFestival des Fleurs de Sanremo 2025&Prime; _builder_version=\u00a0\u00bb4.22.0&Prime; _module_preset=\u00a0\u00bbdefault\u00a0\u00bb background_image=\u00a0\u00bbhttps:\/\/carnevalesanremo.it\/wp-content\/uploads\/2025\/03\/fiori.jpg\u00a0\u00bb background_enable_image=\u00a0\u00bbon\u00a0\u00bb global_colors_info=\u00a0\u00bb{}\u00a0\u00bb sticky_transition=\u00a0\u00bbon\u00a0\u00bb][\/et_pb_slide][\/et_pb_fullwidth_slider][\/et_pb_section][et_pb_section fb_built=\u00a0\u00bb1&Prime; _builder_version=\u00a0\u00bb4.16&Prime; locked=\u00a0\u00bboff\u00a0\u00bb global_colors_info=\u00a0\u00bb{}\u00a0\u00bb][et_pb_row _builder_version=\u00a0\u00bb4.16&Prime; background_size=\u00a0\u00bbinitial\u00a0\u00bb background_position=\u00a0\u00bbtop_left\u00a0\u00bb background_repeat=\u00a0\u00bbrepeat\u00a0\u00bb global_colors_info=\u00a0\u00bb{}\u00a0\u00bb][et_pb_column type=\u00a0\u00bb4_4&Prime; _builder_version=\u00a0\u00bb4.16&Prime; custom_padding=\u00a0\u00bb|||\u00a0\u00bb global_colors_info=\u00a0\u00bb{}\u00a0\u00bb custom_padding__hover=\u00a0\u00bb|||\u00a0\u00bb][et_pb_text _builder_version=\u00a0\u00bb4.22.0&Prime; background_size=\u00a0\u00bbinitial\u00a0\u00bb background_position=\u00a0\u00bbtop_left\u00a0\u00bb background_repeat=\u00a0\u00bbrepeat\u00a0\u00bb hover_enabled=\u00a0\u00bb0&Prime; global_colors_info=\u00a0\u00bb{}\u00a0\u00bb sticky_enabled=\u00a0\u00bb0&Prime;]<\/p>\n<h2 data-pm-slice=\"1 1 []\">Le programme complet de l&rsquo;\u00e9v\u00e9nement floral le plus attendu de l&rsquo;ann\u00e9e<\/h2>\n<p data-pm-slice=\"1 1 []\">Le Festival des Fleurs de Sanremo revient du 13 au 16 mars 2025 avec un programme riche en \u00e9v\u00e9nements, expositions et spectacles d\u00e9di\u00e9s \u00e0 l&rsquo;univers floral. Une occasion unique de plonger dans la beaut\u00e9 de la nature \u00e0 travers des installations artistiques, des expositions, des concerts et le traditionnel d\u00e9fil\u00e9 de chars fleuris.<\/p>\n<h3>Programme<\/h3>\n<p data-pm-slice=\"1 1 []\"><strong>Mercredi 25 mars<\/strong><\/p>\n<ul>\n<li><strong data-start=\"3081\" data-end=\"3090\">17h00<\/strong> \u2013 Inauguration de l\u2019exposition photographique \u00ab Metaflora \u2013 La fleur et l\u2019absurde \u00bb \u00e0 la Galleria Arte della Pigna (ouverte jusqu\u2019au 19 avril).<\/li>\n<\/ul>\n<p data-pm-slice=\"1 1 []\"><strong>Jeudi 26 mars<\/strong><\/p>\n<ul>\n<li><strong data-start=\"3261\" data-end=\"3270\">09h00<\/strong> \u2013 Ouverture de l\u2019exposition \u00ab Des \u00c9gyptiens \u00e0 Sanremo, fleurs et parfums dans l\u2019histoire \u00bb au Forte di Santa Tecla (entr\u00e9e payante).<\/li>\n<li><strong data-start=\"3406\" data-end=\"3415\">09h00<\/strong> \u2013 Ouverture de la \u00ab Maison de la Fleur \u00bb au Mus\u00e9e Civique.<\/li>\n<li><strong data-start=\"3477\" data-end=\"3492\">09h00\u201318h00<\/strong> \u2013 Exposition \u00ab Metaflora \u00bb.<\/li>\n<li><strong data-start=\"3523\" data-end=\"3532\">10h00<\/strong> \u2013 Inauguration officielle du Festival des Fleurs, Piazza Borea d\u2019Olmo.<\/li>\n<li><strong data-start=\"3606\" data-end=\"3615\">10h00<\/strong> \u2013 Visite guid\u00e9e du parcours des fontaines historiques (d\u00e9part Piazza Nota).<\/li>\n<li><strong data-start=\"3694\" data-end=\"3709\">10h00\u201312h00<\/strong> \u2013 Atelier d\u2019art floral.<\/li>\n<li><strong data-start=\"3736\" data-end=\"3745\">14h00<\/strong> \u2013 Visite guid\u00e9e du parcours des fontaines historiques.<\/li>\n<li><strong data-start=\"3803\" data-end=\"3818\">14h30\u201316h30<\/strong> \u2013 Atelier de tressage des palmes (\u00ab parmureli \u00bb).<\/li>\n<li><strong data-start=\"3871\" data-end=\"3886\">16h30\u201317h30<\/strong> \u2013 Conf\u00e9rence sur les palmiers m\u00e9diterran\u00e9ens.<\/li>\n<li><strong data-start=\"3935\" data-end=\"3944\">17h00<\/strong> \u2013 Projection du documentaire \u00ab Cartas de Calvino \u00bb.<\/li>\n<\/ul>\n<p><strong>Vendredi 27 mars<\/strong><\/p>\n<ul>\n<li><strong data-start=\"4026\" data-end=\"4047\">\u00c0 partir de 08h00<\/strong> \u2013 D\u00e9but de la r\u00e9alisation de l\u2019Infiorata de Spello, Piazza Nota.<\/li>\n<li><strong data-start=\"4115\" data-end=\"4130\">09h00\u201319h00<\/strong> \u2013 Ouverture des expositions.<\/li>\n<li><strong data-start=\"4162\" data-end=\"4171\">10h00<\/strong> \u2013 Visite guid\u00e9e du parcours des fontaines historiques.<\/li>\n<li><strong data-start=\"4229\" data-end=\"4244\">10h00\u201312h00<\/strong> \u2013 Atelier d\u2019art floral.<\/li>\n<li><strong data-start=\"4271\" data-end=\"4280\">14h00<\/strong> \u2013 Visite guid\u00e9e.<\/li>\n<li><strong data-start=\"4300\" data-end=\"4309\">14h30<\/strong> \u2013 Conf\u00e9rence internationale Union Fleurs \u00ab La Fleur du Futur \u00bb.<\/li>\n<li><strong data-start=\"4376\" data-end=\"4391\">14h30\u201316h30<\/strong> \u2013 Atelier de tressage des palmes.<\/li>\n<li><strong data-start=\"4428\" data-end=\"4437\">16h30<\/strong> \u2013 Conf\u00e9rence sur le mythe du capitaine Bresca.<\/li>\n<li><strong data-start=\"4487\" data-end=\"4496\">16h30<\/strong> \u2013 Inauguration de l\u2019Infiorata de Spello.<\/li>\n<li><strong data-start=\"4540\" data-end=\"4549\">17h00<\/strong> \u2013 Projection du documentaire \u00ab Ibridazioni \u00bb.<\/li>\n<li><strong data-start=\"4598\" data-end=\"4607\">18h00<\/strong> \u2013 Concert de l\u2019Orchestre Symphonique de Sanremo au Th\u00e9\u00e2tre de l\u2019Op\u00e9ra du Casino.<\/li>\n<\/ul>\n<p><strong>Samedi 28 mars<\/strong><\/p>\n<ul>\n<li><strong data-start=\"4716\" data-end=\"4731\">09h00\u201319h00<\/strong> \u2013 Visites libres des expositions et installations florales.<\/li>\n<li><strong data-start=\"4794\" data-end=\"4803\">10h00<\/strong> \u2013 Visite guid\u00e9e des jardins de Villa Ormond.<\/li>\n<li><strong data-start=\"4851\" data-end=\"4866\">10h00\u201312h00<\/strong> \u2013 Atelier d\u2019art floral.<\/li>\n<li><strong data-start=\"4893\" data-end=\"4902\">11h00<\/strong> \u2013 Concert de chants sacr\u00e9s au Cimeti\u00e8re Monumental de la Foce.<\/li>\n<li><strong data-start=\"4968\" data-end=\"4977\">14h00<\/strong> \u2013 Visite guid\u00e9e du parcours des fontaines historiques.<\/li>\n<li><strong data-start=\"5035\" data-end=\"5050\">14h30\u201316h30<\/strong> \u2013 Atelier de tressage des palmes.<\/li>\n<li><strong data-start=\"5087\" data-end=\"5102\">16h30\u201319h30<\/strong> \u2013 D\u00e9fil\u00e9 de voitures historiques (Milano\u2013Sanremo).<\/li>\n<li><strong data-start=\"5156\" data-end=\"5165\">16h30<\/strong> \u2013 Conf\u00e9rence \u00ab Pharaons et fleurs \u00bb.<\/li>\n<li><strong data-start=\"5205\" data-end=\"5214\">17h00<\/strong> \u2013 Spectacle musical \u00ab Pollici verdi \u00bb.<\/li>\n<li><strong data-start=\"5256\" data-end=\"5265\">21h00<\/strong> \u2013 Spectacle th\u00e9\u00e2tral \u00ab E se domani\u2026 \u00bb au Teatro Ariston (entr\u00e9e payante).<\/li>\n<\/ul>\n<p><strong>Dimanche 29 mars<\/strong><\/p>\n<ul>\n<li><strong data-start=\"5369\" data-end=\"5392\">Matin et apr\u00e8s-midi<\/strong> \u2013 March\u00e9 floricole et agricole aux Jardins Vittorio Veneto.<\/li>\n<li><strong data-start=\"5455\" data-end=\"5470\">09h00\u201319h00<\/strong> \u2013 Ouverture des expositions et installations.<\/li>\n<\/ul>\n<p>Un \u00e9v\u00e9nement incontournable pour les amoureux de la nature, du design floral et de la culture ligure !<\/p>\n<p>[\/et_pb_text][\/et_pb_column][\/et_pb_row][\/et_pb_section]<\/p>\n","protected":false},"excerpt":{"rendered":"<p>Le programme complet de l&rsquo;\u00e9v\u00e9nement floral le plus attendu de l&rsquo;ann\u00e9e Le Festival des Fleurs de Sanremo revient du 13 au 16 mars 2025 avec un programme riche en \u00e9v\u00e9nements, expositions et spectacles d\u00e9di\u00e9s \u00e0 l&rsquo;univers floral. Une occasion unique de plonger dans la beaut\u00e9 de la nature \u00e0 travers des installations artistiques, des expositions, [&hellip;]<\/p>\n","protected":false},"author":11,"featured_media":0,"parent":0,"menu_order":0,"comment_status":"closed","ping_status":"closed","template":"","meta":{"_et_pb_use_builder":"on","_et_pb_old_content":"<p>[et_pb_section fb_built=\"1\" fullwidth=\"on\" _builder_version=\"4.17.4\" _module_preset=\"default\" locked=\"off\" global_colors_info=\"{}\"][et_pb_fullwidth_slider _builder_version=\"4.22.0\" _module_preset=\"default\" hover_enabled=\"0\" global_colors_info=\"{}\" sticky_enabled=\"0\"][et_pb_slide heading=\"Festival dei Fiori di Sanremo 2025\" _builder_version=\"4.22.0\" _module_preset=\"default\" background_image=\"https:\/\/carnevalesanremo.it\/wp-content\/uploads\/2025\/03\/fiori.jpg\" background_enable_image=\"on\" hover_enabled=\"0\" global_colors_info=\"{}\" sticky_transition=\"on\" alt=\"fiori\" title_text=\"fiori\" sticky_enabled=\"0\"][\/et_pb_slide][\/et_pb_fullwidth_slider][\/et_pb_section][et_pb_section fb_built=\"1\" _builder_version=\"4.16\" locked=\"off\" global_colors_info=\"{}\"][et_pb_row _builder_version=\"4.16\" background_size=\"initial\" background_position=\"top_left\" background_repeat=\"repeat\" global_colors_info=\"{}\"][et_pb_column type=\"4_4\" _builder_version=\"4.16\" custom_padding=\"|||\" global_colors_info=\"{}\" custom_padding__hover=\"|||\"][et_pb_text _builder_version=\"4.22.0\" background_size=\"initial\" background_position=\"top_left\" background_repeat=\"repeat\" hover_enabled=\"0\" global_colors_info=\"{}\" sticky_enabled=\"0\"]<\/p><h2 data-pm-slice=\"1 1 []\">Il programma completo dell'evento floreale pi\u00f9 atteso dell'anno<\/h2><p data-pm-slice=\"1 1 []\">Il Festival dei Fiori di Sanremo torna dal 13 al 16 marzo 2025 con un ricco programma di eventi, esposizioni e spettacoli dedicati al mondo floreale. Un'occasione unica per immergersi nella bellezza della natura tra installazioni artistiche, mostre, concerti e la tradizionale sfilata dei carri fioriti.<\/p><h3>Programma<\/h3><p><strong>Gioved\u00ec 13 marzo<\/strong><\/p><ul data-spread=\"false\"><li><strong>Ore 10:00<\/strong> - Apertura del Percorso Floreale \"I fiori delle Regine\" e delle esposizioni presso il Forte di Santa Tecla<\/li><li><strong>Ore 10:30<\/strong> - Inaugurazione della mostra fotografica su Mario Calvino al CREA (su invito)<\/li><li><strong>Ore 11:00<\/strong> - Convegno su Mario Calvino (aperto al pubblico)<\/li><li><strong>Ore 14:00<\/strong> - Apertura al pubblico della mostra su Mario Calvino<\/li><li><strong>Ore 18:00<\/strong> - Riapertura delle esposizioni floreali presso il Forte di Santa Tecla<\/li><\/ul><p><strong>Venerd\u00ec 14 marzo<\/strong><\/p><ul data-spread=\"false\"><li><strong>Ore 10:00<\/strong> - Apertura delle esposizioni floreali e della Mostra delle nuove variet\u00e0 \"La Casa del Fiore\"<\/li><li><strong>Ore 14:30<\/strong> - Workshop del fiore: \"Dal passato al futuro, la floricoltura sanremese e l'eredit\u00e0 di Mario Calvino\" presso il Casin\u00f2 di Sanremo<\/li><li><strong>Ore 18:00<\/strong> - Concerto dell'Orchestra Sinfonica al Teatro del Casin\u00f2<\/li><\/ul><p><strong>Sabato 15 marzo<\/strong><\/p><ul data-spread=\"false\"><li><strong>Ore 15:00<\/strong> - Premiazione del Concorso \"Vetrine in Fiore\"<\/li><li><strong>Ore 16:30<\/strong> - Parata di Bande musicali e Gruppi folkloristici per le vie cittadine<\/li><li><strong>Ore 20:00<\/strong> - Gran Gal\u00e0 dei Fiori presso il Casin\u00f2 di Sanremo<\/li><li><strong>Ore 21:00<\/strong> - Concerto di Massimo Ranieri al Teatro Ariston<\/li><\/ul><p><strong>Domenica 16 marzo<\/strong><\/p><ul data-spread=\"false\"><li><strong>Ore 09:00<\/strong> - Mercatino di fiori, piante e prodotti agroalimentari a Pian di Nave<\/li><li><strong>Ore 10:30<\/strong> - Storica sfilata dei carri fioriti \"Sanremo in Fiore\"<\/li><li><strong>Ore 18:00<\/strong> - Concerto di chiusura con Olden Live - \"La Fretta e La Pazienza Tour\" al Club Tenco<\/li><\/ul><p>Un evento imperdibile per gli amanti della natura, del design floreale e della cultura ligure!<\/p><p>[\/et_pb_text][\/et_pb_column][\/et_pb_row][\/et_pb_section]<\/p>","_et_gb_content_width":"","footnotes":""},"yoast_head":"<!-- This site is optimized with the Yoast SEO plugin v21.9.1 - https:\/\/yoast.com\/wordpress\/plugins\/seo\/ -->\n<title>Festival des Fleurs de Sanremo 2026 | Sanremo Corso Fiorito 2026<\/title>\n<meta name=\"description\" content=\"Festival des Fleurs de Sanremo 2026, du 25 au 29 mars. Expositions, spectacles et le d\u00e9fil\u00e9 historique de chars fleuris !\" \/>\n<meta name=\"robots\" content=\"index, follow, max-snippet:-1, max-image-preview:large, max-video-preview:-1\" \/>\n<link rel=\"canonical\" href=\"https:\/\/carnevalesanremo.it\/fr\/festival-fleurs-sanremo\/\" \/>\n<meta property=\"og:locale\" content=\"fr_FR\" \/>\n<meta property=\"og:type\" content=\"article\" \/>\n<meta property=\"og:title\" content=\"Festival des Fleurs de Sanremo 2026 | Sanremo Corso Fiorito 2026\" \/>\n<meta property=\"og:description\" content=\"Festival des Fleurs de Sanremo 2026, du 25 au 29 mars. Expositions, spectacles et le d\u00e9fil\u00e9 historique de chars fleuris !\" \/>\n<meta property=\"og:url\" content=\"https:\/\/carnevalesanremo.it\/fr\/festival-fleurs-sanremo\/\" \/>\n<meta property=\"og:site_name\" content=\"Sanremo Corso Fiorito 2026\" \/>\n<meta property=\"article:modified_time\" content=\"2026-02-16T09:40:20+00:00\" \/>\n<meta name=\"twitter:label1\" content=\"Dur\u00e9e de lecture estim\u00e9e\" \/>\n\t<meta name=\"twitter:data1\" content=\"3 minutes\" \/>\n<script type=\"application\/ld+json\" class=\"yoast-schema-graph\">{\"@context\":\"https:\/\/schema.org\",\"@graph\":[{\"@type\":\"WebPage\",\"@id\":\"https:\/\/carnevalesanremo.it\/fr\/festival-fleurs-sanremo\/\",\"url\":\"https:\/\/carnevalesanremo.it\/fr\/festival-fleurs-sanremo\/\",\"name\":\"Festival des Fleurs de Sanremo 2026 | Sanremo Corso Fiorito 2026\",\"isPartOf\":{\"@id\":\"https:\/\/carnevalesanremo.it\/#website\"},\"datePublished\":\"2025-03-05T12:48:48+00:00\",\"dateModified\":\"2026-02-16T09:40:20+00:00\",\"description\":\"Festival des Fleurs de Sanremo 2026, du 25 au 29 mars. Expositions, spectacles et le d\u00e9fil\u00e9 historique de chars fleuris !\",\"breadcrumb\":{\"@id\":\"https:\/\/carnevalesanremo.it\/fr\/festival-fleurs-sanremo\/#breadcrumb\"},\"inLanguage\":\"fr-FR\",\"potentialAction\":[{\"@type\":\"ReadAction\",\"target\":[\"https:\/\/carnevalesanremo.it\/fr\/festival-fleurs-sanremo\/\"]}]},{\"@type\":\"BreadcrumbList\",\"@id\":\"https:\/\/carnevalesanremo.it\/fr\/festival-fleurs-sanremo\/#breadcrumb\",\"itemListElement\":[{\"@type\":\"ListItem\",\"position\":1,\"name\":\"Home\",\"item\":\"https:\/\/carnevalesanremo.it\/fr\/\"},{\"@type\":\"ListItem\",\"position\":2,\"name\":\"Festival des Fleurs de Sanremo 2026\"}]},{\"@type\":\"WebSite\",\"@id\":\"https:\/\/carnevalesanremo.it\/#website\",\"url\":\"https:\/\/carnevalesanremo.it\/\",\"name\":\"Sanremo Corso Fiorito 2026\",\"description\":\"Chars Fleuri | Carnaval de San Remo 2026\",\"potentialAction\":[{\"@type\":\"SearchAction\",\"target\":{\"@type\":\"EntryPoint\",\"urlTemplate\":\"https:\/\/carnevalesanremo.it\/?s={search_term_string}\"},\"query-input\":\"required name=search_term_string\"}],\"inLanguage\":\"fr-FR\"}]}<\/script>\n<!-- \/ Yoast SEO plugin. -->","yoast_head_json":{"title":"Festival des Fleurs de Sanremo 2026 | Sanremo Corso Fiorito 2026","description":"Festival des Fleurs de Sanremo 2026, du 25 au 29 mars. Expositions, spectacles et le d\u00e9fil\u00e9 historique de chars fleuris !","robots":{"index":"index","follow":"follow","max-snippet":"max-snippet:-1","max-image-preview":"max-image-preview:large","max-video-preview":"max-video-preview:-1"},"canonical":"https:\/\/carnevalesanremo.it\/fr\/festival-fleurs-sanremo\/","og_locale":"fr_FR","og_type":"article","og_title":"Festival des Fleurs de Sanremo 2026 | Sanremo Corso Fiorito 2026","og_description":"Festival des Fleurs de Sanremo 2026, du 25 au 29 mars. Expositions, spectacles et le d\u00e9fil\u00e9 historique de chars fleuris !","og_url":"https:\/\/carnevalesanremo.it\/fr\/festival-fleurs-sanremo\/","og_site_name":"Sanremo Corso Fiorito 2026","article_modified_time":"2026-02-16T09:40:20+00:00","twitter_misc":{"Dur\u00e9e de lecture estim\u00e9e":"3 minutes"},"schema":{"@context":"https:\/\/schema.org","@graph":[{"@type":"WebPage","@id":"https:\/\/carnevalesanremo.it\/fr\/festival-fleurs-sanremo\/","url":"https:\/\/carnevalesanremo.it\/fr\/festival-fleurs-sanremo\/","name":"Festival des Fleurs de Sanremo 2026 | Sanremo Corso Fiorito 2026","isPartOf":{"@id":"https:\/\/carnevalesanremo.it\/#website"},"datePublished":"2025-03-05T12:48:48+00:00","dateModified":"2026-02-16T09:40:20+00:00","description":"Festival des Fleurs de Sanremo 2026, du 25 au 29 mars. Expositions, spectacles et le d\u00e9fil\u00e9 historique de chars fleuris !","breadcrumb":{"@id":"https:\/\/carnevalesanremo.it\/fr\/festival-fleurs-sanremo\/#breadcrumb"},"inLanguage":"fr-FR","potentialAction":[{"@type":"ReadAction","target":["https:\/\/carnevalesanremo.it\/fr\/festival-fleurs-sanremo\/"]}]},{"@type":"BreadcrumbList","@id":"https:\/\/carnevalesanremo.it\/fr\/festival-fleurs-sanremo\/#breadcrumb","itemListElement":[{"@type":"ListItem","position":1,"name":"Home","item":"https:\/\/carnevalesanremo.it\/fr\/"},{"@type":"ListItem","position":2,"name":"Festival des Fleurs de Sanremo 2026"}]},{"@type":"WebSite","@id":"https:\/\/carnevalesanremo.it\/#website","url":"https:\/\/carnevalesanremo.it\/","name":"Sanremo Corso Fiorito 2026","description":"Chars Fleuri | Carnaval de San Remo 2026","potentialAction":[{"@type":"SearchAction","target":{"@type":"EntryPoint","urlTemplate":"https:\/\/carnevalesanremo.it\/?s={search_term_string}"},"query-input":"required name=search_term_string"}],"inLanguage":"fr-FR"}]}},"_links":{"self":[{"href":"https:\/\/carnevalesanremo.it\/fr\/wp-json\/wp\/v2\/pages\/237812"}],"collection":[{"href":"https:\/\/carnevalesanremo.it\/fr\/wp-json\/wp\/v2\/pages"}],"about":[{"href":"https:\/\/carnevalesanremo.it\/fr\/wp-json\/wp\/v2\/types\/page"}],"author":[{"embeddable":true,"href":"https:\/\/carnevalesanremo.it\/fr\/wp-json\/wp\/v2\/users\/11"}],"replies":[{"embeddable":true,"href":"https:\/\/carnevalesanremo.it\/fr\/wp-json\/wp\/v2\/comments?post=237812"}],"version-history":[{"count":8,"href":"https:\/\/carnevalesanremo.it\/fr\/wp-json\/wp\/v2\/pages\/237812\/revisions"}],"predecessor-version":[{"id":238057,"href":"https:\/\/carnevalesanremo.it\/fr\/wp-json\/wp\/v2\/pages\/237812\/revisions\/238057"}],"wp:attachment":[{"href":"https:\/\/carnevalesanremo.it\/fr\/wp-json\/wp\/v2\/media?parent=237812"}],"curies":[{"name":"wp","href":"https:\/\/api.w.org\/{rel}","templated":true}]}}