{"id":26334,"date":"2016-01-17T06:25:20","date_gmt":"2016-01-17T06:25:20","guid":{"rendered":"http:\/\/carnevalesanremo.it\/groupes-parade-florale-san-remo-en-fleurs-2016\/"},"modified":"2026-02-16T11:16:00","modified_gmt":"2026-02-16T11:16:00","slug":"groupes-parade-florale-san-remo-en-fleurs","status":"publish","type":"page","link":"https:\/\/carnevalesanremo.it\/fr\/sejour-a-san-remo\/groupes-parade-florale-san-remo-en-fleurs\/","title":{"rendered":"Groupes Parade florale San Remo en fleurs"},"content":{"rendered":"<p>[et_pb_section fb_built=\u00a0\u00bb1&Prime; fullwidth=\u00a0\u00bbon\u00a0\u00bb _builder_version=\u00a0\u00bb4.17.4&Prime; _module_preset=\u00a0\u00bbdefault\u00a0\u00bb locked=\u00a0\u00bboff\u00a0\u00bb global_colors_info=\u00a0\u00bb{}\u00a0\u00bb][et_pb_fullwidth_slider _builder_version=\u00a0\u00bb4.22.0&Prime; _module_preset=\u00a0\u00bbdefault\u00a0\u00bb global_colors_info=\u00a0\u00bb{}\u00a0\u00bb][et_pb_slide heading=\u00a0\u00bbGroupes Parade florale San Remo en fleurs\u00a0\u00bb _builder_version=\u00a0\u00bb4.22.0&Prime; _module_preset=\u00a0\u00bbdefault\u00a0\u00bb background_image=\u00a0\u00bbhttps:\/\/carnevalesanremo.it\/wp-content\/uploads\/2024\/01\/carnevale-di-sanremo-gruppi-organizzati-prenota_.jpg\u00a0\u00bb background_enable_image=\u00a0\u00bbon\u00a0\u00bb global_colors_info=\u00a0\u00bb{}\u00a0\u00bb sticky_transition=\u00a0\u00bbon\u00a0\u00bb][\/et_pb_slide][\/et_pb_fullwidth_slider][\/et_pb_section][et_pb_section fb_built=\u00a0\u00bb1&Prime; _builder_version=\u00a0\u00bb4.16&Prime; global_colors_info=\u00a0\u00bb{}\u00a0\u00bb][et_pb_row _builder_version=\u00a0\u00bb4.16&Prime; background_size=\u00a0\u00bbinitial\u00a0\u00bb background_position=\u00a0\u00bbtop_left\u00a0\u00bb background_repeat=\u00a0\u00bbrepeat\u00a0\u00bb global_colors_info=\u00a0\u00bb{}\u00a0\u00bb][et_pb_column type=\u00a0\u00bb4_4&Prime; _builder_version=\u00a0\u00bb4.16&Prime; custom_padding=\u00a0\u00bb|||\u00a0\u00bb global_colors_info=\u00a0\u00bb{}\u00a0\u00bb custom_padding__hover=\u00a0\u00bb|||\u00a0\u00bb][et_pb_text _builder_version=\u00a0\u00bb4.22.0&Prime; background_size=\u00a0\u00bbinitial\u00a0\u00bb background_position=\u00a0\u00bbtop_left\u00a0\u00bb background_repeat=\u00a0\u00bbrepeat\u00a0\u00bb global_colors_info=\u00a0\u00bb{}\u00a0\u00bb]<\/p>\n<h3>Nous sommes \u00e0 votre disposition pour organiser le meilleur s\u00e9jour de groupe possible \u00e0 la Parade florale\u00a0<em>San Remo en fleurs 2026<\/em>, en offrant de l\u2019h\u00e9bergement h\u00f4telier ainsi que des visites et des excursions int\u00e9ressantes.<\/h3>\n<p>La fa\u00e7on parfaite d\u2019organiser un voyage de groupe \u00e0 l\u2019occasion de la\u00a0Parade florale San Remo en fleurs, est de combiner la participation \u00e0 la parade florale traditionnelle avec la visite de quelques-unes des beaut\u00e9s naturelles de la Riviera des fleurs.<\/p>\n<p>[\/et_pb_text][et_pb_pricing_tables _builder_version=\u00a0\u00bb4.22.0&Prime; _module_preset=\u00a0\u00bbdefault\u00a0\u00bb locked=\u00a0\u00bboff\u00a0\u00bb global_colors_info=\u00a0\u00bb{}\u00a0\u00bb][et_pb_pricing_table title=\u00a0\u00bb1 Nuit\u00a0\u00bb currency=\u00a0\u00bb\u20ac\u00a0\u00bb per=\u00a0\u00bbp.p.\u00a0\u00bb sum=\u00a0\u00bb179&Prime; button_url=\u00a0\u00bbhttps:\/\/carnevalesanremo.it\/fr\/renseignements-relatifs-a-la-parade-florale-de-san-remo-2\/\u00a0\u00bb button_text=\u00a0\u00bbR\u00c9SERVEZ MAINTENANT\u00a0\u00bb _builder_version=\u00a0\u00bb4.22.0&Prime; _module_preset=\u00a0\u00bbdefault\u00a0\u00bb global_colors_info=\u00a0\u00bb{}\u00a0\u00bb sticky_transition=\u00a0\u00bbon\u00a0\u00bb]<\/p>\n<p>H\u00e9bergement en <strong>h\u00f4tel 4 \u00e9toiles<\/strong><\/p>\n<p>Nuit\u00e9e<\/p>\n<p>Petit-d\u00e9jeuner<\/p>\n<p>D\u00eener<\/p>\n<p><strong>Visite des villas et jardins de Sanremo<\/strong><\/p>\n<p>Guide demi-journ\u00e9e<\/p>\n<p>Parking gratuit<\/p>\n<p>Billet pour la Villa Nobel<\/p>\n<p><strong>Billet de tribune<\/strong> pour le Corso Fiorito<\/p>\n<p>[\/et_pb_pricing_table][et_pb_pricing_table title=\u00a0\u00bb2 Nuits\u00a0\u00bb currency=\u00a0\u00bb\u20ac\u00a0\u00bb per=\u00a0\u00bbp.p.\u00a0\u00bb sum=\u00a0\u00bb289&Prime; button_url=\u00a0\u00bbhttps:\/\/carnevalesanremo.it\/fr\/renseignements-relatifs-a-la-parade-florale-de-san-remo-2\/\u00a0\u00bb button_text=\u00a0\u00bbR\u00c9SERVEZ MAINTENANT\u00a0\u00bb _builder_version=\u00a0\u00bb4.22.0&Prime; _module_preset=\u00a0\u00bbdefault\u00a0\u00bb global_colors_info=\u00a0\u00bb{}\u00a0\u00bb sticky_transition=\u00a0\u00bbon\u00a0\u00bb]<\/p>\n<p>H\u00e9bergement en <strong>h\u00f4tel 4 \u00e9toiles<\/strong><\/p>\n<p>Nuit\u00e9e<\/p>\n<p>Petit-d\u00e9jeuner<\/p>\n<p>D\u00eener<\/p>\n<p><strong>Visite de la Villa Hanbury et de Dolceacqua<\/strong><\/p>\n<p>Guide demi-journ\u00e9e<\/p>\n<p>Billet pour Hanbury<\/p>\n<p>D\u00e9gustation de vins<\/p>\n<p><strong>Billet de tribune<\/strong> pour le Corso Fiorito<\/p>\n<p>[\/et_pb_pricing_table][et_pb_pricing_table title=\u00a0\u00bb3 Nuits\u00a0\u00bb currency=\u00a0\u00bb\u20ac\u00a0\u00bb per=\u00a0\u00bbp.p.\u00a0\u00bb sum=\u00a0\u00bb379&Prime; button_url=\u00a0\u00bbhttps:\/\/carnevalesanremo.it\/fr\/renseignements-relatifs-a-la-parade-florale-de-san-remo-2\/\u00a0\u00bb button_text=\u00a0\u00bbR\u00c9SERVEZ MAINTENANT\u00a0\u00bb _builder_version=\u00a0\u00bb4.22.0&Prime; _module_preset=\u00a0\u00bbdefault\u00a0\u00bb global_colors_info=\u00a0\u00bb{}\u00a0\u00bb sticky_transition=\u00a0\u00bbon\u00a0\u00bb]<\/p>\n<p>H\u00e9bergement en <strong>h\u00f4tel 4 \u00e9toiles<\/strong><\/p>\n<p>Nuit\u00e9e<\/p>\n<p>Petit-d\u00e9jeuner<\/p>\n<p>D\u00eener<\/p>\n<p><strong>Jour 1 : Visite de la Villa Hanbury et de Dolceacqua<\/strong><\/p>\n<p>Guide demi-journ\u00e9e<\/p>\n<p>Billet pour Hanbury<\/p>\n<p>D\u00e9gustation de vins<\/p>\n<p><strong>Jour 2 : Visite des villas et jardins de Sanremo<\/strong><\/p>\n<p>Guide demi-journ\u00e9e<\/p>\n<p>Billet pour la Villa Nobel<\/p>\n<p><strong>Billet de tribune<\/strong> pour le Corso Fiorito<\/p>\n<p>[\/et_pb_pricing_table][\/et_pb_pricing_tables][et_pb_text _builder_version=\u00a0\u00bb4.22.0&Prime; background_size=\u00a0\u00bbinitial\u00a0\u00bb background_position=\u00a0\u00bbtop_left\u00a0\u00bb background_repeat=\u00a0\u00bbrepeat\u00a0\u00bb global_colors_info=\u00a0\u00bb{}\u00a0\u00bb]<\/p>\n<h4>Itin\u00e9raire de groupe<\/h4>\n<p><strong>Nous sommes \u00e0 votre disposition pour organiser le meilleur voyage de groupe possible.<\/strong>\u00a0<strong>Remplissez le formulaire\u00a0<a href=\"https:\/\/carnevalesanremo.it\/fr\/renseignements-relatifs-a-la-parade-florale-de-san-remo-2\/\" target=\"_blank\" rel=\"noopener\">ici<\/a>\u00a0ou t\u00e9l\u00e9phonez-nous : 0184 666 986.<\/strong><\/p>\n<p>[\/et_pb_text][\/et_pb_column][\/et_pb_row][\/et_pb_section]<\/p>\n","protected":false},"excerpt":{"rendered":"<p>Nous sommes \u00e0 votre disposition pour organiser le meilleur s\u00e9jour de groupe possible \u00e0 la Parade florale\u00a0San Remo en fleurs 2026, en offrant de l\u2019h\u00e9bergement h\u00f4telier ainsi que des visites et des excursions int\u00e9ressantes. La fa\u00e7on parfaite d\u2019organiser un voyage de groupe \u00e0 l\u2019occasion de la\u00a0Parade florale San Remo en fleurs, est de combiner la [&hellip;]<\/p>\n","protected":false},"author":1,"featured_media":0,"parent":29858,"menu_order":0,"comment_status":"closed","ping_status":"open","template":"","meta":{"_et_pb_use_builder":"on","_et_pb_old_content":"","_et_gb_content_width":"","footnotes":""},"yoast_head":"<!-- This site is optimized with the Yoast SEO plugin v21.9.1 - https:\/\/yoast.com\/wordpress\/plugins\/seo\/ -->\n<title>Groupes Parade florale San Remo en fleurs | Sanremo Corso Fiorito 2026<\/title>\n<meta name=\"description\" content=\"Organisez avec nous votre voyage de groupe pour Sanremo Corso Fiorito 2026 h\u00f4tels, des excursions en Ligure et en France.\" \/>\n<meta name=\"robots\" content=\"index, follow, max-snippet:-1, max-image-preview:large, max-video-preview:-1\" \/>\n<link rel=\"canonical\" href=\"https:\/\/carnevalesanremo.it\/fr\/sejour-a-san-remo\/groupes-parade-florale-san-remo-en-fleurs\/\" \/>\n<meta property=\"og:locale\" content=\"fr_FR\" \/>\n<meta property=\"og:type\" content=\"article\" \/>\n<meta property=\"og:title\" content=\"Groupes Parade florale San Remo en fleurs | Sanremo Corso Fiorito 2026\" \/>\n<meta property=\"og:description\" content=\"Organisez avec nous votre voyage de groupe pour Sanremo Corso Fiorito 2026 h\u00f4tels, des excursions en Ligure et en France.\" \/>\n<meta property=\"og:url\" content=\"https:\/\/carnevalesanremo.it\/fr\/sejour-a-san-remo\/groupes-parade-florale-san-remo-en-fleurs\/\" \/>\n<meta property=\"og:site_name\" content=\"Sanremo Corso Fiorito 2026\" \/>\n<meta property=\"article:modified_time\" content=\"2026-02-16T11:16:00+00:00\" \/>\n<meta name=\"twitter:label1\" content=\"Dur\u00e9e de lecture estim\u00e9e\" \/>\n\t<meta name=\"twitter:data1\" content=\"2 minutes\" \/>\n<script type=\"application\/ld+json\" class=\"yoast-schema-graph\">{\"@context\":\"https:\/\/schema.org\",\"@graph\":[{\"@type\":\"WebPage\",\"@id\":\"https:\/\/carnevalesanremo.it\/fr\/sejour-a-san-remo\/groupes-parade-florale-san-remo-en-fleurs\/\",\"url\":\"https:\/\/carnevalesanremo.it\/fr\/sejour-a-san-remo\/groupes-parade-florale-san-remo-en-fleurs\/\",\"name\":\"Groupes Parade florale San Remo en fleurs | Sanremo Corso Fiorito 2026\",\"isPartOf\":{\"@id\":\"https:\/\/carnevalesanremo.it\/#website\"},\"datePublished\":\"2016-01-17T06:25:20+00:00\",\"dateModified\":\"2026-02-16T11:16:00+00:00\",\"description\":\"Organisez avec nous votre voyage de groupe pour Sanremo Corso Fiorito 2026 h\u00f4tels, des excursions en Ligure et en France.\",\"breadcrumb\":{\"@id\":\"https:\/\/carnevalesanremo.it\/fr\/sejour-a-san-remo\/groupes-parade-florale-san-remo-en-fleurs\/#breadcrumb\"},\"inLanguage\":\"fr-FR\",\"potentialAction\":[{\"@type\":\"ReadAction\",\"target\":[\"https:\/\/carnevalesanremo.it\/fr\/sejour-a-san-remo\/groupes-parade-florale-san-remo-en-fleurs\/\"]}]},{\"@type\":\"BreadcrumbList\",\"@id\":\"https:\/\/carnevalesanremo.it\/fr\/sejour-a-san-remo\/groupes-parade-florale-san-remo-en-fleurs\/#breadcrumb\",\"itemListElement\":[{\"@type\":\"ListItem\",\"position\":1,\"name\":\"Home\",\"item\":\"https:\/\/carnevalesanremo.it\/fr\/\"},{\"@type\":\"ListItem\",\"position\":2,\"name\":\"S\u00c9JOUR \u00c0 SAN REMO\",\"item\":\"https:\/\/carnevalesanremo.it\/hotel-sanremo\/\"},{\"@type\":\"ListItem\",\"position\":3,\"name\":\"Groupes Parade florale San Remo en fleurs\"}]},{\"@type\":\"WebSite\",\"@id\":\"https:\/\/carnevalesanremo.it\/#website\",\"url\":\"https:\/\/carnevalesanremo.it\/\",\"name\":\"Sanremo Corso Fiorito 2026\",\"description\":\"Chars Fleuri | Carnaval de San Remo 2026\",\"potentialAction\":[{\"@type\":\"SearchAction\",\"target\":{\"@type\":\"EntryPoint\",\"urlTemplate\":\"https:\/\/carnevalesanremo.it\/?s={search_term_string}\"},\"query-input\":\"required name=search_term_string\"}],\"inLanguage\":\"fr-FR\"}]}<\/script>\n<!-- \/ Yoast SEO plugin. -->","yoast_head_json":{"title":"Groupes Parade florale San Remo en fleurs | Sanremo Corso Fiorito 2026","description":"Organisez avec nous votre voyage de groupe pour Sanremo Corso Fiorito 2026 h\u00f4tels, des excursions en Ligure et en France.","robots":{"index":"index","follow":"follow","max-snippet":"max-snippet:-1","max-image-preview":"max-image-preview:large","max-video-preview":"max-video-preview:-1"},"canonical":"https:\/\/carnevalesanremo.it\/fr\/sejour-a-san-remo\/groupes-parade-florale-san-remo-en-fleurs\/","og_locale":"fr_FR","og_type":"article","og_title":"Groupes Parade florale San Remo en fleurs | Sanremo Corso Fiorito 2026","og_description":"Organisez avec nous votre voyage de groupe pour Sanremo Corso Fiorito 2026 h\u00f4tels, des excursions en Ligure et en France.","og_url":"https:\/\/carnevalesanremo.it\/fr\/sejour-a-san-remo\/groupes-parade-florale-san-remo-en-fleurs\/","og_site_name":"Sanremo Corso Fiorito 2026","article_modified_time":"2026-02-16T11:16:00+00:00","twitter_misc":{"Dur\u00e9e de lecture estim\u00e9e":"2 minutes"},"schema":{"@context":"https:\/\/schema.org","@graph":[{"@type":"WebPage","@id":"https:\/\/carnevalesanremo.it\/fr\/sejour-a-san-remo\/groupes-parade-florale-san-remo-en-fleurs\/","url":"https:\/\/carnevalesanremo.it\/fr\/sejour-a-san-remo\/groupes-parade-florale-san-remo-en-fleurs\/","name":"Groupes Parade florale San Remo en fleurs | Sanremo Corso Fiorito 2026","isPartOf":{"@id":"https:\/\/carnevalesanremo.it\/#website"},"datePublished":"2016-01-17T06:25:20+00:00","dateModified":"2026-02-16T11:16:00+00:00","description":"Organisez avec nous votre voyage de groupe pour Sanremo Corso Fiorito 2026 h\u00f4tels, des excursions en Ligure et en France.","breadcrumb":{"@id":"https:\/\/carnevalesanremo.it\/fr\/sejour-a-san-remo\/groupes-parade-florale-san-remo-en-fleurs\/#breadcrumb"},"inLanguage":"fr-FR","potentialAction":[{"@type":"ReadAction","target":["https:\/\/carnevalesanremo.it\/fr\/sejour-a-san-remo\/groupes-parade-florale-san-remo-en-fleurs\/"]}]},{"@type":"BreadcrumbList","@id":"https:\/\/carnevalesanremo.it\/fr\/sejour-a-san-remo\/groupes-parade-florale-san-remo-en-fleurs\/#breadcrumb","itemListElement":[{"@type":"ListItem","position":1,"name":"Home","item":"https:\/\/carnevalesanremo.it\/fr\/"},{"@type":"ListItem","position":2,"name":"S\u00c9JOUR \u00c0 SAN REMO","item":"https:\/\/carnevalesanremo.it\/hotel-sanremo\/"},{"@type":"ListItem","position":3,"name":"Groupes Parade florale San Remo en fleurs"}]},{"@type":"WebSite","@id":"https:\/\/carnevalesanremo.it\/#website","url":"https:\/\/carnevalesanremo.it\/","name":"Sanremo Corso Fiorito 2026","description":"Chars Fleuri | Carnaval de San Remo 2026","potentialAction":[{"@type":"SearchAction","target":{"@type":"EntryPoint","urlTemplate":"https:\/\/carnevalesanremo.it\/?s={search_term_string}"},"query-input":"required name=search_term_string"}],"inLanguage":"fr-FR"}]}},"_links":{"self":[{"href":"https:\/\/carnevalesanremo.it\/fr\/wp-json\/wp\/v2\/pages\/26334"}],"collection":[{"href":"https:\/\/carnevalesanremo.it\/fr\/wp-json\/wp\/v2\/pages"}],"about":[{"href":"https:\/\/carnevalesanremo.it\/fr\/wp-json\/wp\/v2\/types\/page"}],"author":[{"embeddable":true,"href":"https:\/\/carnevalesanremo.it\/fr\/wp-json\/wp\/v2\/users\/1"}],"replies":[{"embeddable":true,"href":"https:\/\/carnevalesanremo.it\/fr\/wp-json\/wp\/v2\/comments?post=26334"}],"version-history":[{"count":18,"href":"https:\/\/carnevalesanremo.it\/fr\/wp-json\/wp\/v2\/pages\/26334\/revisions"}],"predecessor-version":[{"id":238075,"href":"https:\/\/carnevalesanremo.it\/fr\/wp-json\/wp\/v2\/pages\/26334\/revisions\/238075"}],"up":[{"embeddable":true,"href":"https:\/\/carnevalesanremo.it\/fr\/wp-json\/wp\/v2\/pages\/29858"}],"wp:attachment":[{"href":"https:\/\/carnevalesanremo.it\/fr\/wp-json\/wp\/v2\/media?parent=26334"}],"curies":[{"name":"wp","href":"https:\/\/api.w.org\/{rel}","templated":true}]}}