{"id":26341,"date":"2016-01-17T07:32:48","date_gmt":"2016-01-17T07:32:48","guid":{"rendered":"http:\/\/carnevalesanremo.it\/hotels-parade-florale-de-san-remo\/"},"modified":"2026-02-16T11:11:57","modified_gmt":"2026-02-16T11:11:57","slug":"hotels-parade-florale-de-san-remo","status":"publish","type":"page","link":"https:\/\/carnevalesanremo.it\/fr\/hotels-parade-florale-de-san-remo\/","title":{"rendered":"H\u00d4TELS PARADE FLORALE DE SAN REMO"},"content":{"rendered":"<p>[et_pb_section fb_built=\u00a0\u00bb1&Prime; fullwidth=\u00a0\u00bbon\u00a0\u00bb _builder_version=\u00a0\u00bb4.17.4&Prime; _module_preset=\u00a0\u00bbdefault\u00a0\u00bb locked=\u00a0\u00bboff\u00a0\u00bb global_colors_info=\u00a0\u00bb{}\u00a0\u00bb][et_pb_fullwidth_slider _builder_version=\u00a0\u00bb4.22.0&Prime; _module_preset=\u00a0\u00bbdefault\u00a0\u00bb global_colors_info=\u00a0\u00bb{}\u00a0\u00bb][et_pb_slide heading=\u00a0\u00bbH\u00d4TELS PARADE FLORALE DE SAN REMO\u00a0\u00bb _builder_version=\u00a0\u00bb4.22.0&Prime; _module_preset=\u00a0\u00bbdefault\u00a0\u00bb background_image=\u00a0\u00bbhttps:\/\/carnevalesanremo.it\/wp-content\/uploads\/2025\/02\/FNT2813-scaled-1.jpg\u00a0\u00bb background_enable_image=\u00a0\u00bbon\u00a0\u00bb global_colors_info=\u00a0\u00bb{}\u00a0\u00bb sticky_transition=\u00a0\u00bbon\u00a0\u00bb][\/et_pb_slide][\/et_pb_fullwidth_slider][\/et_pb_section][et_pb_section fb_built=\u00a0\u00bb1&Prime; _builder_version=\u00a0\u00bb4.16&Prime; global_colors_info=\u00a0\u00bb{}\u00a0\u00bb][et_pb_row _builder_version=\u00a0\u00bb4.16&Prime; background_size=\u00a0\u00bbinitial\u00a0\u00bb background_position=\u00a0\u00bbtop_left\u00a0\u00bb background_repeat=\u00a0\u00bbrepeat\u00a0\u00bb global_colors_info=\u00a0\u00bb{}\u00a0\u00bb][et_pb_column type=\u00a0\u00bb4_4&Prime; _builder_version=\u00a0\u00bb4.16&Prime; custom_padding=\u00a0\u00bb|||\u00a0\u00bb global_colors_info=\u00a0\u00bb{}\u00a0\u00bb custom_padding__hover=\u00a0\u00bb|||\u00a0\u00bb][et_pb_text _builder_version=\u00a0\u00bb4.22.0&Prime; background_size=\u00a0\u00bbinitial\u00a0\u00bb background_position=\u00a0\u00bbtop_left\u00a0\u00bb background_repeat=\u00a0\u00bbrepeat\u00a0\u00bb global_colors_info=\u00a0\u00bb{}\u00a0\u00bb]<\/p>\n<h3>Vous pr\u00e9f\u00e9rez organiser votre s\u00e9jour par vous-m\u00eame? Prenez donc avantage des ententes que nous avons avec les h\u00f4tels pour la Parade florale 2026, vous offrant des tarifs sp\u00e9ciaux \u00e0 l\u2019occasion de l\u2019\u00e9v\u00e9nement, pour organiser votre s\u00e9jour \u00e0 San Remo.<\/h3>\n<p>Remplissez le formulaire\u00a0<a href=\"https:\/\/carnevalesanremo.it\/fr\/renseignements-relatifs-a-la-parade-florale-de-san-remo-2\/\" target=\"_blank\" rel=\"noopener\">ici<\/a> afin effectuer une demande de r\u00e9servation d\u2019h\u00f4tel pour votre s\u00e9jour \u00e0 San Remo ou <a href=\"https:\/\/reservations.verticalbooking.com\/premium\/index.html?id_stile=9513&amp;lingua_int=fra&amp;id_albergo=927&amp;dc=123\" target=\"_blank\" rel=\"noopener\">r\u00e9servez directement votre h\u00f4tel<\/a>.<\/p>\n<h3>Pour plus de renseignements<\/h3>\n<p><strong>Nyala Wonder Travel\u00a0<\/strong><\/p>\n<p><strong>T\u00e9l. : 0184 666 986\u00a0<\/strong>(lun. au vendr. 9h30 \u00e0 17h30 \/ sam. 9h30 \u00e0 13 h)<\/p>\n<p><strong><em>Nous sommes \u00e0 votre disposition pour organiser le meilleur s\u00e9jour possible \u00e0 San Remo\u00a0!<\/em><\/strong><\/p>\n<p>[\/et_pb_text][\/et_pb_column][\/et_pb_row][\/et_pb_section]<\/p>\n","protected":false},"excerpt":{"rendered":"<p>Vous pr\u00e9f\u00e9rez organiser votre s\u00e9jour par vous-m\u00eame? Prenez donc avantage des ententes que nous avons avec les h\u00f4tels pour la Parade florale 2026, vous offrant des tarifs sp\u00e9ciaux \u00e0 l\u2019occasion de l\u2019\u00e9v\u00e9nement, pour organiser votre s\u00e9jour \u00e0 San Remo. Remplissez le formulaire\u00a0ici afin effectuer une demande de r\u00e9servation d\u2019h\u00f4tel pour votre s\u00e9jour \u00e0 San Remo [&hellip;]<\/p>\n","protected":false},"author":1,"featured_media":0,"parent":0,"menu_order":0,"comment_status":"closed","ping_status":"open","template":"","meta":{"_et_pb_use_builder":"on","_et_pb_old_content":"","_et_gb_content_width":"","footnotes":""},"yoast_head":"<!-- This site is optimized with the Yoast SEO plugin v21.9.1 - https:\/\/yoast.com\/wordpress\/plugins\/seo\/ -->\n<title>H\u00d4TELS PARADE FLORALE DE SAN REMO | Sanremo Corso Fiorito 2026<\/title>\n<meta name=\"description\" content=\"R\u00e9servez des h\u00f4tels en ligne pour Sanremo Corso Fiorito 2026 et obtenez des tarifs sp\u00e9ciaux pour tous les passionn\u00e9s\" \/>\n<meta name=\"robots\" content=\"index, follow, max-snippet:-1, max-image-preview:large, max-video-preview:-1\" \/>\n<link rel=\"canonical\" href=\"https:\/\/carnevalesanremo.it\/fr\/hotels-parade-florale-de-san-remo\/\" \/>\n<meta property=\"og:locale\" content=\"fr_FR\" \/>\n<meta property=\"og:type\" content=\"article\" \/>\n<meta property=\"og:title\" content=\"H\u00d4TELS PARADE FLORALE DE SAN REMO | Sanremo Corso Fiorito 2026\" \/>\n<meta property=\"og:description\" content=\"R\u00e9servez des h\u00f4tels en ligne pour Sanremo Corso Fiorito 2026 et obtenez des tarifs sp\u00e9ciaux pour tous les passionn\u00e9s\" \/>\n<meta property=\"og:url\" content=\"https:\/\/carnevalesanremo.it\/fr\/hotels-parade-florale-de-san-remo\/\" \/>\n<meta property=\"og:site_name\" content=\"Sanremo Corso Fiorito 2026\" \/>\n<meta property=\"article:modified_time\" content=\"2026-02-16T11:11:57+00:00\" \/>\n<meta name=\"twitter:label1\" content=\"Dur\u00e9e de lecture estim\u00e9e\" \/>\n\t<meta name=\"twitter:data1\" content=\"1 minute\" \/>\n<script type=\"application\/ld+json\" class=\"yoast-schema-graph\">{\"@context\":\"https:\/\/schema.org\",\"@graph\":[{\"@type\":\"WebPage\",\"@id\":\"https:\/\/carnevalesanremo.it\/fr\/hotels-parade-florale-de-san-remo\/\",\"url\":\"https:\/\/carnevalesanremo.it\/fr\/hotels-parade-florale-de-san-remo\/\",\"name\":\"H\u00d4TELS PARADE FLORALE DE SAN REMO | Sanremo Corso Fiorito 2026\",\"isPartOf\":{\"@id\":\"https:\/\/carnevalesanremo.it\/#website\"},\"datePublished\":\"2016-01-17T07:32:48+00:00\",\"dateModified\":\"2026-02-16T11:11:57+00:00\",\"description\":\"R\u00e9servez des h\u00f4tels en ligne pour Sanremo Corso Fiorito 2026 et obtenez des tarifs sp\u00e9ciaux pour tous les passionn\u00e9s\",\"breadcrumb\":{\"@id\":\"https:\/\/carnevalesanremo.it\/fr\/hotels-parade-florale-de-san-remo\/#breadcrumb\"},\"inLanguage\":\"fr-FR\",\"potentialAction\":[{\"@type\":\"ReadAction\",\"target\":[\"https:\/\/carnevalesanremo.it\/fr\/hotels-parade-florale-de-san-remo\/\"]}]},{\"@type\":\"BreadcrumbList\",\"@id\":\"https:\/\/carnevalesanremo.it\/fr\/hotels-parade-florale-de-san-remo\/#breadcrumb\",\"itemListElement\":[{\"@type\":\"ListItem\",\"position\":1,\"name\":\"Home\",\"item\":\"https:\/\/carnevalesanremo.it\/fr\/\"},{\"@type\":\"ListItem\",\"position\":2,\"name\":\"H\u00d4TELS PARADE FLORALE DE SAN REMO\"}]},{\"@type\":\"WebSite\",\"@id\":\"https:\/\/carnevalesanremo.it\/#website\",\"url\":\"https:\/\/carnevalesanremo.it\/\",\"name\":\"Sanremo Corso Fiorito 2026\",\"description\":\"Chars Fleuri | Carnaval de San Remo 2026\",\"potentialAction\":[{\"@type\":\"SearchAction\",\"target\":{\"@type\":\"EntryPoint\",\"urlTemplate\":\"https:\/\/carnevalesanremo.it\/?s={search_term_string}\"},\"query-input\":\"required name=search_term_string\"}],\"inLanguage\":\"fr-FR\"}]}<\/script>\n<!-- \/ Yoast SEO plugin. -->","yoast_head_json":{"title":"H\u00d4TELS PARADE FLORALE DE SAN REMO | Sanremo Corso Fiorito 2026","description":"R\u00e9servez des h\u00f4tels en ligne pour Sanremo Corso Fiorito 2026 et obtenez des tarifs sp\u00e9ciaux pour tous les passionn\u00e9s","robots":{"index":"index","follow":"follow","max-snippet":"max-snippet:-1","max-image-preview":"max-image-preview:large","max-video-preview":"max-video-preview:-1"},"canonical":"https:\/\/carnevalesanremo.it\/fr\/hotels-parade-florale-de-san-remo\/","og_locale":"fr_FR","og_type":"article","og_title":"H\u00d4TELS PARADE FLORALE DE SAN REMO | Sanremo Corso Fiorito 2026","og_description":"R\u00e9servez des h\u00f4tels en ligne pour Sanremo Corso Fiorito 2026 et obtenez des tarifs sp\u00e9ciaux pour tous les passionn\u00e9s","og_url":"https:\/\/carnevalesanremo.it\/fr\/hotels-parade-florale-de-san-remo\/","og_site_name":"Sanremo Corso Fiorito 2026","article_modified_time":"2026-02-16T11:11:57+00:00","twitter_misc":{"Dur\u00e9e de lecture estim\u00e9e":"1 minute"},"schema":{"@context":"https:\/\/schema.org","@graph":[{"@type":"WebPage","@id":"https:\/\/carnevalesanremo.it\/fr\/hotels-parade-florale-de-san-remo\/","url":"https:\/\/carnevalesanremo.it\/fr\/hotels-parade-florale-de-san-remo\/","name":"H\u00d4TELS PARADE FLORALE DE SAN REMO | Sanremo Corso Fiorito 2026","isPartOf":{"@id":"https:\/\/carnevalesanremo.it\/#website"},"datePublished":"2016-01-17T07:32:48+00:00","dateModified":"2026-02-16T11:11:57+00:00","description":"R\u00e9servez des h\u00f4tels en ligne pour Sanremo Corso Fiorito 2026 et obtenez des tarifs sp\u00e9ciaux pour tous les passionn\u00e9s","breadcrumb":{"@id":"https:\/\/carnevalesanremo.it\/fr\/hotels-parade-florale-de-san-remo\/#breadcrumb"},"inLanguage":"fr-FR","potentialAction":[{"@type":"ReadAction","target":["https:\/\/carnevalesanremo.it\/fr\/hotels-parade-florale-de-san-remo\/"]}]},{"@type":"BreadcrumbList","@id":"https:\/\/carnevalesanremo.it\/fr\/hotels-parade-florale-de-san-remo\/#breadcrumb","itemListElement":[{"@type":"ListItem","position":1,"name":"Home","item":"https:\/\/carnevalesanremo.it\/fr\/"},{"@type":"ListItem","position":2,"name":"H\u00d4TELS PARADE FLORALE DE SAN REMO"}]},{"@type":"WebSite","@id":"https:\/\/carnevalesanremo.it\/#website","url":"https:\/\/carnevalesanremo.it\/","name":"Sanremo Corso Fiorito 2026","description":"Chars Fleuri | Carnaval de San Remo 2026","potentialAction":[{"@type":"SearchAction","target":{"@type":"EntryPoint","urlTemplate":"https:\/\/carnevalesanremo.it\/?s={search_term_string}"},"query-input":"required name=search_term_string"}],"inLanguage":"fr-FR"}]}},"_links":{"self":[{"href":"https:\/\/carnevalesanremo.it\/fr\/wp-json\/wp\/v2\/pages\/26341"}],"collection":[{"href":"https:\/\/carnevalesanremo.it\/fr\/wp-json\/wp\/v2\/pages"}],"about":[{"href":"https:\/\/carnevalesanremo.it\/fr\/wp-json\/wp\/v2\/types\/page"}],"author":[{"embeddable":true,"href":"https:\/\/carnevalesanremo.it\/fr\/wp-json\/wp\/v2\/users\/1"}],"replies":[{"embeddable":true,"href":"https:\/\/carnevalesanremo.it\/fr\/wp-json\/wp\/v2\/comments?post=26341"}],"version-history":[{"count":15,"href":"https:\/\/carnevalesanremo.it\/fr\/wp-json\/wp\/v2\/pages\/26341\/revisions"}],"predecessor-version":[{"id":238067,"href":"https:\/\/carnevalesanremo.it\/fr\/wp-json\/wp\/v2\/pages\/26341\/revisions\/238067"}],"wp:attachment":[{"href":"https:\/\/carnevalesanremo.it\/fr\/wp-json\/wp\/v2\/media?parent=26341"}],"curies":[{"name":"wp","href":"https:\/\/api.w.org\/{rel}","templated":true}]}}