{"id":26344,"date":"2016-02-16T05:03:37","date_gmt":"2016-02-16T05:03:37","guid":{"rendered":"http:\/\/carnevalesanremo.it\/billets-pour-la-parade-florale-san-remo-en-fleurs-2016\/"},"modified":"2026-02-16T11:08:23","modified_gmt":"2026-02-16T11:08:23","slug":"billets-pour-la-parade-florale-san-remo-en-fleurs","status":"publish","type":"page","link":"https:\/\/carnevalesanremo.it\/fr\/billets-pour-la-parade-florale-san-remo-en-fleurs\/","title":{"rendered":"Billets pour la Parade florale San Remo en fleurs"},"content":{"rendered":"<p>[et_pb_section fb_built=\u00a0\u00bb1&Prime; fullwidth=\u00a0\u00bbon\u00a0\u00bb _builder_version=\u00a0\u00bb4.17.4&Prime; _module_preset=\u00a0\u00bbdefault\u00a0\u00bb locked=\u00a0\u00bboff\u00a0\u00bb global_colors_info=\u00a0\u00bb{}\u00a0\u00bb][et_pb_fullwidth_slider _builder_version=\u00a0\u00bb4.22.0&Prime; _module_preset=\u00a0\u00bbdefault\u00a0\u00bb global_colors_info=\u00a0\u00bb{}\u00a0\u00bb][et_pb_slide heading=\u00a0\u00bbBillets pour la Parade florale San Remo en fleurs\u00a0\u00bb _builder_version=\u00a0\u00bb4.22.0&Prime; _module_preset=\u00a0\u00bbdefault\u00a0\u00bb background_image=\u00a0\u00bbhttps:\/\/carnevalesanremo.it\/wp-content\/uploads\/2024\/01\/corso-fiorito-sfilata-carri-acquista-biglietti-carnevale-di-sanremo-e1706528766787.jpg\u00a0\u00bb background_enable_image=\u00a0\u00bbon\u00a0\u00bb global_colors_info=\u00a0\u00bb{}\u00a0\u00bb sticky_transition=\u00a0\u00bbon\u00a0\u00bb][\/et_pb_slide][\/et_pb_fullwidth_slider][\/et_pb_section][et_pb_section fb_built=\u00a0\u00bb1&Prime; _builder_version=\u00a0\u00bb4.16&Prime; global_colors_info=\u00a0\u00bb{}\u00a0\u00bb][et_pb_row _builder_version=\u00a0\u00bb4.16&Prime; background_size=\u00a0\u00bbinitial\u00a0\u00bb background_position=\u00a0\u00bbtop_left\u00a0\u00bb background_repeat=\u00a0\u00bbrepeat\u00a0\u00bb global_colors_info=\u00a0\u00bb{}\u00a0\u00bb][et_pb_column type=\u00a0\u00bb4_4&Prime; _builder_version=\u00a0\u00bb4.16&Prime; custom_padding=\u00a0\u00bb|||\u00a0\u00bb global_colors_info=\u00a0\u00bb{}\u00a0\u00bb custom_padding__hover=\u00a0\u00bb|||\u00a0\u00bb][et_pb_text _builder_version=\u00a0\u00bb4.22.0&Prime; background_size=\u00a0\u00bbinitial\u00a0\u00bb background_position=\u00a0\u00bbtop_left\u00a0\u00bb background_repeat=\u00a0\u00bbrepeat\u00a0\u00bb global_colors_info=\u00a0\u00bb{}\u00a0\u00bb]<\/p>\n<h3>Achetez vos billets pour la Parade florale\u00a0<em>San Remo en fleurs 2026 (Sanremo in Fiore 2026)<\/em>\u00a0 qui prendra place sur le bord de la mer \u00e0 San Remo.<\/h3>\n<h3>\u00a0<\/h3>\n<h3>Vous souhaitez profiter du long spectacle des chars qui d\u00e9filent le long du Corso Fiorito depuis votre si\u00e8ge ?<\/h3>\n<p>Dans les semaines \u00e0 venir, nous vous informerons sur les modalit\u00e9s d\u2019achat des places du Corso Fiorito d\u00e9finies par la municipalit\u00e9 de Sanremo.<\/p>\n<h3>\u00a0<\/h3>\n<h3>Acc\u00e8s au parcours<\/h3>\n<p><strong>L\u2019acc\u00e8s au parcours est traditionnellement gratuit.<\/strong><\/p>\n<h3>\u00a0<\/h3>\n<h3>ZONE DE SI\u00c8GES<\/h3>\n<p>Les places sont payantes.<br \/><!--<\/p>\n\n\n\n\n<p>Tariffa unica biglietto del posto a sedere tribune: \u20ac 20,00<\/p>\n\n\n\n\n<p>(rif. Delibera della Giunta Comunale n. 7 del 17\/01\/2018)<\/p>\n\n\n\n\n<p><span style=\"color: #ff0000;\"><strong>La prevendita sar\u00e0 attiva dal 20 febbraio.<\/strong><\/span><\/p>\n\n\n\n\n<p><strong>PREVENDITA ONLINE<\/strong><\/p>\n\n\n\n\n<p>Pagamento con carta di credito.<\/p>\n\n\n\n\n<p><span style=\"color: #ff0000;\"><strong>\u00a0<\/strong><\/span><\/p>\n\n\n\n\n<p>--><br \/><strong>BOX OFFICE<\/strong><\/p>\n<p>Infopoint Sanremo<br \/>Palafiori, Corso Garibaldi<br \/>Tel. +39 0184 580 500<\/p>\n<p><strong>HEURES D\u2019OUVERTURE<\/strong><br \/>Lun-Dim 9.30-13.00<br \/>Mar-Jeu-Ven-Sam 15.00-18.30<\/p>\n<p>[\/et_pb_text][\/et_pb_column][\/et_pb_row][\/et_pb_section]<\/p>\n","protected":false},"excerpt":{"rendered":"<p>Achetez vos billets pour la Parade florale\u00a0San Remo en fleurs 2026 (Sanremo in Fiore 2026)\u00a0 qui prendra place sur le bord de la mer \u00e0 San Remo. \u00a0 Vous souhaitez profiter du long spectacle des chars qui d\u00e9filent le long du Corso Fiorito depuis votre si\u00e8ge ? Dans les semaines \u00e0 venir, nous vous informerons [&hellip;]<\/p>\n","protected":false},"author":1,"featured_media":0,"parent":0,"menu_order":0,"comment_status":"closed","ping_status":"open","template":"","meta":{"_et_pb_use_builder":"on","_et_pb_old_content":"","_et_gb_content_width":"","footnotes":""},"yoast_head":"<!-- This site is optimized with the Yoast SEO plugin v21.9.1 - https:\/\/yoast.com\/wordpress\/plugins\/seo\/ -->\n<title>Billets pour la Parade florale San Remo en fleurs | Sanremo Corso Fiorito 2026<\/title>\n<meta name=\"description\" content=\"Billets pour la Parade florale San Remo en fleurs Sanremo Corso Fiorito 2026 r\u00e9server des places assises et des forfaits, carnaval de Sanremo\" \/>\n<meta name=\"robots\" content=\"index, follow, max-snippet:-1, max-image-preview:large, max-video-preview:-1\" \/>\n<link rel=\"canonical\" href=\"https:\/\/carnevalesanremo.it\/fr\/billets-pour-la-parade-florale-san-remo-en-fleurs\/\" \/>\n<meta property=\"og:locale\" content=\"fr_FR\" \/>\n<meta property=\"og:type\" content=\"article\" \/>\n<meta property=\"og:title\" content=\"Billets pour la Parade florale San Remo en fleurs | Sanremo Corso Fiorito 2026\" \/>\n<meta property=\"og:description\" content=\"Billets pour la Parade florale San Remo en fleurs Sanremo Corso Fiorito 2026 r\u00e9server des places assises et des forfaits, carnaval de Sanremo\" \/>\n<meta property=\"og:url\" content=\"https:\/\/carnevalesanremo.it\/fr\/billets-pour-la-parade-florale-san-remo-en-fleurs\/\" \/>\n<meta property=\"og:site_name\" content=\"Sanremo Corso Fiorito 2026\" \/>\n<meta property=\"article:modified_time\" content=\"2026-02-16T11:08:23+00:00\" \/>\n<meta name=\"twitter:label1\" content=\"Dur\u00e9e de lecture estim\u00e9e\" \/>\n\t<meta name=\"twitter:data1\" content=\"1 minute\" \/>\n<script type=\"application\/ld+json\" class=\"yoast-schema-graph\">{\"@context\":\"https:\/\/schema.org\",\"@graph\":[{\"@type\":\"WebPage\",\"@id\":\"https:\/\/carnevalesanremo.it\/fr\/billets-pour-la-parade-florale-san-remo-en-fleurs\/\",\"url\":\"https:\/\/carnevalesanremo.it\/fr\/billets-pour-la-parade-florale-san-remo-en-fleurs\/\",\"name\":\"Billets pour la Parade florale San Remo en fleurs | Sanremo Corso Fiorito 2026\",\"isPartOf\":{\"@id\":\"https:\/\/carnevalesanremo.it\/#website\"},\"datePublished\":\"2016-02-16T05:03:37+00:00\",\"dateModified\":\"2026-02-16T11:08:23+00:00\",\"description\":\"Billets pour la Parade florale San Remo en fleurs Sanremo Corso Fiorito 2026 r\u00e9server des places assises et des forfaits, carnaval de Sanremo\",\"breadcrumb\":{\"@id\":\"https:\/\/carnevalesanremo.it\/fr\/billets-pour-la-parade-florale-san-remo-en-fleurs\/#breadcrumb\"},\"inLanguage\":\"fr-FR\",\"potentialAction\":[{\"@type\":\"ReadAction\",\"target\":[\"https:\/\/carnevalesanremo.it\/fr\/billets-pour-la-parade-florale-san-remo-en-fleurs\/\"]}]},{\"@type\":\"BreadcrumbList\",\"@id\":\"https:\/\/carnevalesanremo.it\/fr\/billets-pour-la-parade-florale-san-remo-en-fleurs\/#breadcrumb\",\"itemListElement\":[{\"@type\":\"ListItem\",\"position\":1,\"name\":\"Home\",\"item\":\"https:\/\/carnevalesanremo.it\/fr\/\"},{\"@type\":\"ListItem\",\"position\":2,\"name\":\"Billets pour la Parade florale San Remo en fleurs\"}]},{\"@type\":\"WebSite\",\"@id\":\"https:\/\/carnevalesanremo.it\/#website\",\"url\":\"https:\/\/carnevalesanremo.it\/\",\"name\":\"Sanremo Corso Fiorito 2026\",\"description\":\"Chars Fleuri | Carnaval de San Remo 2026\",\"potentialAction\":[{\"@type\":\"SearchAction\",\"target\":{\"@type\":\"EntryPoint\",\"urlTemplate\":\"https:\/\/carnevalesanremo.it\/?s={search_term_string}\"},\"query-input\":\"required name=search_term_string\"}],\"inLanguage\":\"fr-FR\"}]}<\/script>\n<!-- \/ Yoast SEO plugin. -->","yoast_head_json":{"title":"Billets pour la Parade florale San Remo en fleurs | Sanremo Corso Fiorito 2026","description":"Billets pour la Parade florale San Remo en fleurs Sanremo Corso Fiorito 2026 r\u00e9server des places assises et des forfaits, carnaval de Sanremo","robots":{"index":"index","follow":"follow","max-snippet":"max-snippet:-1","max-image-preview":"max-image-preview:large","max-video-preview":"max-video-preview:-1"},"canonical":"https:\/\/carnevalesanremo.it\/fr\/billets-pour-la-parade-florale-san-remo-en-fleurs\/","og_locale":"fr_FR","og_type":"article","og_title":"Billets pour la Parade florale San Remo en fleurs | Sanremo Corso Fiorito 2026","og_description":"Billets pour la Parade florale San Remo en fleurs Sanremo Corso Fiorito 2026 r\u00e9server des places assises et des forfaits, carnaval de Sanremo","og_url":"https:\/\/carnevalesanremo.it\/fr\/billets-pour-la-parade-florale-san-remo-en-fleurs\/","og_site_name":"Sanremo Corso Fiorito 2026","article_modified_time":"2026-02-16T11:08:23+00:00","twitter_misc":{"Dur\u00e9e de lecture estim\u00e9e":"1 minute"},"schema":{"@context":"https:\/\/schema.org","@graph":[{"@type":"WebPage","@id":"https:\/\/carnevalesanremo.it\/fr\/billets-pour-la-parade-florale-san-remo-en-fleurs\/","url":"https:\/\/carnevalesanremo.it\/fr\/billets-pour-la-parade-florale-san-remo-en-fleurs\/","name":"Billets pour la Parade florale San Remo en fleurs | Sanremo Corso Fiorito 2026","isPartOf":{"@id":"https:\/\/carnevalesanremo.it\/#website"},"datePublished":"2016-02-16T05:03:37+00:00","dateModified":"2026-02-16T11:08:23+00:00","description":"Billets pour la Parade florale San Remo en fleurs Sanremo Corso Fiorito 2026 r\u00e9server des places assises et des forfaits, carnaval de Sanremo","breadcrumb":{"@id":"https:\/\/carnevalesanremo.it\/fr\/billets-pour-la-parade-florale-san-remo-en-fleurs\/#breadcrumb"},"inLanguage":"fr-FR","potentialAction":[{"@type":"ReadAction","target":["https:\/\/carnevalesanremo.it\/fr\/billets-pour-la-parade-florale-san-remo-en-fleurs\/"]}]},{"@type":"BreadcrumbList","@id":"https:\/\/carnevalesanremo.it\/fr\/billets-pour-la-parade-florale-san-remo-en-fleurs\/#breadcrumb","itemListElement":[{"@type":"ListItem","position":1,"name":"Home","item":"https:\/\/carnevalesanremo.it\/fr\/"},{"@type":"ListItem","position":2,"name":"Billets pour la Parade florale San Remo en fleurs"}]},{"@type":"WebSite","@id":"https:\/\/carnevalesanremo.it\/#website","url":"https:\/\/carnevalesanremo.it\/","name":"Sanremo Corso Fiorito 2026","description":"Chars Fleuri | Carnaval de San Remo 2026","potentialAction":[{"@type":"SearchAction","target":{"@type":"EntryPoint","urlTemplate":"https:\/\/carnevalesanremo.it\/?s={search_term_string}"},"query-input":"required name=search_term_string"}],"inLanguage":"fr-FR"}]}},"_links":{"self":[{"href":"https:\/\/carnevalesanremo.it\/fr\/wp-json\/wp\/v2\/pages\/26344"}],"collection":[{"href":"https:\/\/carnevalesanremo.it\/fr\/wp-json\/wp\/v2\/pages"}],"about":[{"href":"https:\/\/carnevalesanremo.it\/fr\/wp-json\/wp\/v2\/types\/page"}],"author":[{"embeddable":true,"href":"https:\/\/carnevalesanremo.it\/fr\/wp-json\/wp\/v2\/users\/1"}],"replies":[{"embeddable":true,"href":"https:\/\/carnevalesanremo.it\/fr\/wp-json\/wp\/v2\/comments?post=26344"}],"version-history":[{"count":18,"href":"https:\/\/carnevalesanremo.it\/fr\/wp-json\/wp\/v2\/pages\/26344\/revisions"}],"predecessor-version":[{"id":238063,"href":"https:\/\/carnevalesanremo.it\/fr\/wp-json\/wp\/v2\/pages\/26344\/revisions\/238063"}],"wp:attachment":[{"href":"https:\/\/carnevalesanremo.it\/fr\/wp-json\/wp\/v2\/media?parent=26344"}],"curies":[{"name":"wp","href":"https:\/\/api.w.org\/{rel}","templated":true}]}}