{"id":29842,"date":"2016-02-16T05:01:29","date_gmt":"2016-02-16T05:01:29","guid":{"rendered":"http:\/\/carnevalesanremo.it\/aires-de-stationnement-pour-san-remo-en-fleurs\/"},"modified":"2024-12-11T13:00:16","modified_gmt":"2024-12-11T13:00:16","slug":"aires-de-stationnement-pour-san-remo-en-fleurs","status":"publish","type":"page","link":"https:\/\/carnevalesanremo.it\/fr\/aires-de-stationnement-pour-san-remo-en-fleurs\/","title":{"rendered":"Aires de stationnement pour San Remo en fleurs"},"content":{"rendered":"<p>[et_pb_section fb_built=\u00a0\u00bb1&Prime; fullwidth=\u00a0\u00bbon\u00a0\u00bb _builder_version=\u00a0\u00bb4.17.4&Prime; _module_preset=\u00a0\u00bbdefault\u00a0\u00bb locked=\u00a0\u00bboff\u00a0\u00bb global_colors_info=\u00a0\u00bb{}\u00a0\u00bb][et_pb_fullwidth_slider _builder_version=\u00a0\u00bb4.22.0&Prime; _module_preset=\u00a0\u00bbdefault\u00a0\u00bb global_colors_info=\u00a0\u00bb{}\u00a0\u00bb][et_pb_slide heading=\u00a0\u00bbAires de stationnement pour San Remo en fleurs\u00a0\u00bb _builder_version=\u00a0\u00bb4.22.0&Prime; _module_preset=\u00a0\u00bbdefault\u00a0\u00bb background_image=\u00a0\u00bbhttps:\/\/carnevalesanremo.it\/wp-content\/uploads\/2016\/02\/carnevale-di-sanremo.jpg\u00a0\u00bb background_enable_image=\u00a0\u00bbon\u00a0\u00bb global_colors_info=\u00a0\u00bb{}\u00a0\u00bb sticky_transition=\u00a0\u00bbon\u00a0\u00bb][\/et_pb_slide][\/et_pb_fullwidth_slider][\/et_pb_section][et_pb_section fb_built=\u00a0\u00bb1&Prime; _builder_version=\u00a0\u00bb4.16&Prime; global_colors_info=\u00a0\u00bb{}\u00a0\u00bb][et_pb_row _builder_version=\u00a0\u00bb4.16&Prime; background_size=\u00a0\u00bbinitial\u00a0\u00bb background_position=\u00a0\u00bbtop_left\u00a0\u00bb background_repeat=\u00a0\u00bbrepeat\u00a0\u00bb global_colors_info=\u00a0\u00bb{}\u00a0\u00bb][et_pb_column type=\u00a0\u00bb4_4&Prime; _builder_version=\u00a0\u00bb4.16&Prime; custom_padding=\u00a0\u00bb|||\u00a0\u00bb global_colors_info=\u00a0\u00bb{}\u00a0\u00bb custom_padding__hover=\u00a0\u00bb|||\u00a0\u00bb][et_pb_text _builder_version=\u00a0\u00bb4.22.0&Prime; background_size=\u00a0\u00bbinitial\u00a0\u00bb background_position=\u00a0\u00bbtop_left\u00a0\u00bb background_repeat=\u00a0\u00bbrepeat\u00a0\u00bb global_colors_info=\u00a0\u00bb{}\u00a0\u00bb]<\/p>\n<h2>Aires de stationnement des autobus et des voitures \u00e0 l\u2019occasion de San Remo en fleurs.<\/h2>\n<p>&nbsp;<\/p>\n<p><iframe loading=\"lazy\" src=\"\/\/umap.openstreetmap.fr\/it\/map\/corso-fiorito-sanremo-in-fiore_852633?scaleControl=false&amp;miniMap=false&amp;scrollWheelZoom=false&amp;zoomControl=true&amp;allowEdit=false&amp;moreControl=true&amp;searchControl=null&amp;tilelayersControl=null&amp;embedControl=null&amp;datalayersControl=true&amp;onLoadPanel=undefined&amp;captionBar=false\" width=\"100%\" height=\"300px\" frameborder=\"0\" allowfullscreen=\"allowfullscreen\"><\/iframe><\/p>\n<p><a href=\"\/\/umap.openstreetmap.fr\/it\/map\/corso-fiorito-sanremo-in-fiore_852633\">Afficher en plein \u00e9cran<\/a><\/p>\n<h3>STATIONNEMENT POUR AUTOBUS<\/h3>\n<p>P1 : Pian di Poma\/Corso Marconi (sortie A10 SANREMO OVEST)<br \/>P2 : Mercato dei Fiori Valle Armea (sortie A10 ARMA DI TAGGIA)<\/p>\n<p>Tarif du stationnement : 50,00 \u20ac (journ\u00e9e enti\u00e8re)<\/p>\n<p>Les autobus peuvent acc\u00e9der au centre-ville pour d\u00e9poser les voyageurs, mais doivent absolument aller aux aires de stationnement indiqu\u00e9es.<\/p>\n<h3>STATIONNEMENT POUR VOITURES<\/h3>\n<p>P1 : Pian di Poma\/Corso Marconi (sortie A10 SANREMO)<br \/>P2 : Mercato dei Fiori Valle Armea (sortie A10 ARMA DI TAGGIA)<\/p>\n<p>Tarif du stationnement : 15,00 \u20ac (journ\u00e9e enti\u00e8re)<\/p>\n<p>Il y a \u00e9galement des aires de stationnement pour voitures\u00a0<strong>\u2013 \u00ab Parcheggi autovetture \u00bb (H24) dans le centre-ville (sur paiement) :<\/strong><\/p>\n<ul>\n<li>\u00ab Palafiori \u00bb Corso Garibaldi \u2013 321 places;<\/li>\n<li>nouvelle gare ferroviaire, Corso Cavallotti \u2013 120 places.<\/li>\n<\/ul>\n<h3>STATIONNEMENT RECOMMAND\u00c9 POUR CAMPEURS<\/h3>\n<p>Corso Marconi (sortie A10 SANREMO)<\/p>\n<h3>NAVETTES<\/h3>\n<p><strong>Service gratuit de navettes\u00a0<\/strong><br \/>Horaires : 7h30 \u00e0 11h30 et 13h30 \u00e0 17h30<br \/>Trajet :<\/p>\n<ul>\n<li>Pian di Poma \u2013 Piazza Cesare Battisti\/Casin\u00f2<\/li>\n<li>Mercato dei Fiori Valle Armea \u2013 Piazza Colombo\/centre-ville<\/li>\n<\/ul>\n<p>[\/et_pb_text][\/et_pb_column][\/et_pb_row][\/et_pb_section]<\/p>\n","protected":false},"excerpt":{"rendered":"<p>Aires de stationnement des autobus et des voitures \u00e0 l\u2019occasion de San Remo en fleurs. &nbsp; Afficher en plein \u00e9cran STATIONNEMENT POUR AUTOBUS P1 : Pian di Poma\/Corso Marconi (sortie A10 SANREMO OVEST)P2 : Mercato dei Fiori Valle Armea (sortie A10 ARMA DI TAGGIA) Tarif du stationnement : 50,00 \u20ac (journ\u00e9e enti\u00e8re) Les autobus peuvent [&hellip;]<\/p>\n","protected":false},"author":1,"featured_media":0,"parent":0,"menu_order":0,"comment_status":"closed","ping_status":"open","template":"","meta":{"_et_pb_use_builder":"on","_et_pb_old_content":"","_et_gb_content_width":"","footnotes":""},"yoast_head":"<!-- This site is optimized with the Yoast SEO plugin v21.9.1 - https:\/\/yoast.com\/wordpress\/plugins\/seo\/ -->\n<title>Aires de stationnement pour San Remo en fleurs | Sanremo Corso Fiorito 2026<\/title>\n<meta name=\"description\" content=\"Aires de stationnement Sanremo Corso Fiorito 2026 pour les autobus, les voitures et les campeurs\" \/>\n<meta name=\"robots\" content=\"index, follow, max-snippet:-1, max-image-preview:large, max-video-preview:-1\" \/>\n<link rel=\"canonical\" href=\"https:\/\/carnevalesanremo.it\/parcheggi-corso-fiorito-sanremo-fiore\/\" \/>\n<meta property=\"og:locale\" content=\"fr_FR\" \/>\n<meta property=\"og:type\" content=\"article\" \/>\n<meta property=\"og:title\" content=\"Aires de stationnement pour San Remo en fleurs | Sanremo Corso Fiorito 2026\" \/>\n<meta property=\"og:description\" content=\"Aires de stationnement Sanremo Corso Fiorito 2026 pour les autobus, les voitures et les campeurs\" \/>\n<meta property=\"og:url\" content=\"https:\/\/carnevalesanremo.it\/parcheggi-corso-fiorito-sanremo-fiore\/\" \/>\n<meta property=\"og:site_name\" content=\"Sanremo Corso Fiorito 2026\" \/>\n<meta property=\"article:modified_time\" content=\"2024-12-11T13:00:16+00:00\" \/>\n<meta name=\"twitter:label1\" content=\"Dur\u00e9e de lecture estim\u00e9e\" \/>\n\t<meta name=\"twitter:data1\" content=\"1 minute\" \/>\n<script type=\"application\/ld+json\" class=\"yoast-schema-graph\">{\"@context\":\"https:\/\/schema.org\",\"@graph\":[{\"@type\":\"WebPage\",\"@id\":\"https:\/\/carnevalesanremo.it\/parcheggi-corso-fiorito-sanremo-fiore\/\",\"url\":\"https:\/\/carnevalesanremo.it\/parcheggi-corso-fiorito-sanremo-fiore\/\",\"name\":\"Aires de stationnement pour San Remo en fleurs | Sanremo Corso Fiorito 2026\",\"isPartOf\":{\"@id\":\"https:\/\/carnevalesanremo.it\/#website\"},\"datePublished\":\"2016-02-16T05:01:29+00:00\",\"dateModified\":\"2024-12-11T13:00:16+00:00\",\"description\":\"Aires de stationnement Sanremo Corso Fiorito 2026 pour les autobus, les voitures et les campeurs\",\"breadcrumb\":{\"@id\":\"https:\/\/carnevalesanremo.it\/parcheggi-corso-fiorito-sanremo-fiore\/#breadcrumb\"},\"inLanguage\":\"fr-FR\",\"potentialAction\":[{\"@type\":\"ReadAction\",\"target\":[\"https:\/\/carnevalesanremo.it\/parcheggi-corso-fiorito-sanremo-fiore\/\"]}]},{\"@type\":\"BreadcrumbList\",\"@id\":\"https:\/\/carnevalesanremo.it\/parcheggi-corso-fiorito-sanremo-fiore\/#breadcrumb\",\"itemListElement\":[{\"@type\":\"ListItem\",\"position\":1,\"name\":\"Home\",\"item\":\"https:\/\/carnevalesanremo.it\/fr\/\"},{\"@type\":\"ListItem\",\"position\":2,\"name\":\"Aires de stationnement pour San Remo en fleurs\"}]},{\"@type\":\"WebSite\",\"@id\":\"https:\/\/carnevalesanremo.it\/#website\",\"url\":\"https:\/\/carnevalesanremo.it\/\",\"name\":\"Sanremo Corso Fiorito 2026\",\"description\":\"Chars Fleuri | Carnaval de San Remo 2026\",\"potentialAction\":[{\"@type\":\"SearchAction\",\"target\":{\"@type\":\"EntryPoint\",\"urlTemplate\":\"https:\/\/carnevalesanremo.it\/?s={search_term_string}\"},\"query-input\":\"required name=search_term_string\"}],\"inLanguage\":\"fr-FR\"}]}<\/script>\n<!-- \/ Yoast SEO plugin. -->","yoast_head_json":{"title":"Aires de stationnement pour San Remo en fleurs | Sanremo Corso Fiorito 2026","description":"Aires de stationnement Sanremo Corso Fiorito 2026 pour les autobus, les voitures et les campeurs","robots":{"index":"index","follow":"follow","max-snippet":"max-snippet:-1","max-image-preview":"max-image-preview:large","max-video-preview":"max-video-preview:-1"},"canonical":"https:\/\/carnevalesanremo.it\/parcheggi-corso-fiorito-sanremo-fiore\/","og_locale":"fr_FR","og_type":"article","og_title":"Aires de stationnement pour San Remo en fleurs | Sanremo Corso Fiorito 2026","og_description":"Aires de stationnement Sanremo Corso Fiorito 2026 pour les autobus, les voitures et les campeurs","og_url":"https:\/\/carnevalesanremo.it\/parcheggi-corso-fiorito-sanremo-fiore\/","og_site_name":"Sanremo Corso Fiorito 2026","article_modified_time":"2024-12-11T13:00:16+00:00","twitter_misc":{"Dur\u00e9e de lecture estim\u00e9e":"1 minute"},"schema":{"@context":"https:\/\/schema.org","@graph":[{"@type":"WebPage","@id":"https:\/\/carnevalesanremo.it\/parcheggi-corso-fiorito-sanremo-fiore\/","url":"https:\/\/carnevalesanremo.it\/parcheggi-corso-fiorito-sanremo-fiore\/","name":"Aires de stationnement pour San Remo en fleurs | Sanremo Corso Fiorito 2026","isPartOf":{"@id":"https:\/\/carnevalesanremo.it\/#website"},"datePublished":"2016-02-16T05:01:29+00:00","dateModified":"2024-12-11T13:00:16+00:00","description":"Aires de stationnement Sanremo Corso Fiorito 2026 pour les autobus, les voitures et les campeurs","breadcrumb":{"@id":"https:\/\/carnevalesanremo.it\/parcheggi-corso-fiorito-sanremo-fiore\/#breadcrumb"},"inLanguage":"fr-FR","potentialAction":[{"@type":"ReadAction","target":["https:\/\/carnevalesanremo.it\/parcheggi-corso-fiorito-sanremo-fiore\/"]}]},{"@type":"BreadcrumbList","@id":"https:\/\/carnevalesanremo.it\/parcheggi-corso-fiorito-sanremo-fiore\/#breadcrumb","itemListElement":[{"@type":"ListItem","position":1,"name":"Home","item":"https:\/\/carnevalesanremo.it\/fr\/"},{"@type":"ListItem","position":2,"name":"Aires de stationnement pour San Remo en fleurs"}]},{"@type":"WebSite","@id":"https:\/\/carnevalesanremo.it\/#website","url":"https:\/\/carnevalesanremo.it\/","name":"Sanremo Corso Fiorito 2026","description":"Chars Fleuri | Carnaval de San Remo 2026","potentialAction":[{"@type":"SearchAction","target":{"@type":"EntryPoint","urlTemplate":"https:\/\/carnevalesanremo.it\/?s={search_term_string}"},"query-input":"required name=search_term_string"}],"inLanguage":"fr-FR"}]}},"_links":{"self":[{"href":"https:\/\/carnevalesanremo.it\/fr\/wp-json\/wp\/v2\/pages\/29842"}],"collection":[{"href":"https:\/\/carnevalesanremo.it\/fr\/wp-json\/wp\/v2\/pages"}],"about":[{"href":"https:\/\/carnevalesanremo.it\/fr\/wp-json\/wp\/v2\/types\/page"}],"author":[{"embeddable":true,"href":"https:\/\/carnevalesanremo.it\/fr\/wp-json\/wp\/v2\/users\/1"}],"replies":[{"embeddable":true,"href":"https:\/\/carnevalesanremo.it\/fr\/wp-json\/wp\/v2\/comments?post=29842"}],"version-history":[{"count":4,"href":"https:\/\/carnevalesanremo.it\/fr\/wp-json\/wp\/v2\/pages\/29842\/revisions"}],"predecessor-version":[{"id":237430,"href":"https:\/\/carnevalesanremo.it\/fr\/wp-json\/wp\/v2\/pages\/29842\/revisions\/237430"}],"wp:attachment":[{"href":"https:\/\/carnevalesanremo.it\/fr\/wp-json\/wp\/v2\/media?parent=29842"}],"curies":[{"name":"wp","href":"https:\/\/api.w.org\/{rel}","templated":true}]}}