{"id":29853,"date":"2016-02-16T05:49:54","date_gmt":"2016-02-16T05:49:54","guid":{"rendered":"http:\/\/carnevalesanremo.it\/carnaval-de-san-remo\/"},"modified":"2024-12-05T10:33:00","modified_gmt":"2024-12-05T10:33:00","slug":"carnaval-de-san-remo","status":"publish","type":"page","link":"https:\/\/carnevalesanremo.it\/fr\/carnaval-de-san-remo\/","title":{"rendered":"Carnaval de San Remo"},"content":{"rendered":"<p>[et_pb_section fb_built=\u00a0\u00bb1&Prime; fullwidth=\u00a0\u00bbon\u00a0\u00bb _builder_version=\u00a0\u00bb4.17.4&Prime; _module_preset=\u00a0\u00bbdefault\u00a0\u00bb hover_enabled=\u00a0\u00bb0&Prime; locked=\u00a0\u00bboff\u00a0\u00bb global_colors_info=\u00a0\u00bb{}\u00a0\u00bb sticky_enabled=\u00a0\u00bb0&Prime;][et_pb_fullwidth_slider _builder_version=\u00a0\u00bb4.22.0&Prime; _module_preset=\u00a0\u00bbdefault\u00a0\u00bb hover_enabled=\u00a0\u00bb0&Prime; global_colors_info=\u00a0\u00bb{}\u00a0\u00bb sticky_enabled=\u00a0\u00bb0&Prime;][et_pb_slide heading=\u00a0\u00bbCarnaval de San Remo\u00a0\u00bb _builder_version=\u00a0\u00bb4.22.0&Prime; _module_preset=\u00a0\u00bbdefault\u00a0\u00bb background_image=\u00a0\u00bbhttps:\/\/carnevalesanremo.it\/wp-content\/uploads\/2016\/02\/corso-fiorito-sanremo.jpg\u00a0\u00bb background_enable_image=\u00a0\u00bbon\u00a0\u00bb hover_enabled=\u00a0\u00bb0&Prime; global_colors_info=\u00a0\u00bb{}\u00a0\u00bb sticky_transition=\u00a0\u00bbon\u00a0\u00bb title_text=\u00a0\u00bbcorso fiorito sanremo\u00a0\u00bb sticky_enabled=\u00a0\u00bb0&Prime;][\/et_pb_slide][\/et_pb_fullwidth_slider][\/et_pb_section][et_pb_section fb_built=\u00a0\u00bb1&Prime; _builder_version=\u00a0\u00bb4.16&Prime; global_colors_info=\u00a0\u00bb{}\u00a0\u00bb][et_pb_row _builder_version=\u00a0\u00bb4.16&Prime; background_size=\u00a0\u00bbinitial\u00a0\u00bb background_position=\u00a0\u00bbtop_left\u00a0\u00bb background_repeat=\u00a0\u00bbrepeat\u00a0\u00bb global_colors_info=\u00a0\u00bb{}\u00a0\u00bb][et_pb_column type=\u00a0\u00bb4_4&Prime; _builder_version=\u00a0\u00bb4.16&Prime; custom_padding=\u00a0\u00bb|||\u00a0\u00bb global_colors_info=\u00a0\u00bb{}\u00a0\u00bb custom_padding__hover=\u00a0\u00bb|||\u00a0\u00bb][et_pb_text _builder_version=\u00a0\u00bb4.22.0&Prime; background_size=\u00a0\u00bbinitial\u00a0\u00bb background_position=\u00a0\u00bbtop_left\u00a0\u00bb background_repeat=\u00a0\u00bbrepeat\u00a0\u00bb hover_enabled=\u00a0\u00bb0&Prime; global_colors_info=\u00a0\u00bb{}\u00a0\u00bb sticky_enabled=\u00a0\u00bb0&Prime;]<\/p>\n<h3>Le carnaval a une longue tradition sur la Riviera, avec le Carnaval de Nice et le Festival des citrons de Menton, c\u2019est pourquoi la parade florale est souvent connue sous le nom de Carnaval de San Remo.<\/h3>\n<p>La<strong>\u00a0<em>Parade florale (corso fiorito) de San Remo<\/em><\/strong>\u00a0a plusieurs analogies avec le carnaval traditionnel : la parade des chars all\u00e9goriques, qui sont cr\u00e9\u00e9s avec des fleurs, s\u00e9par\u00e9s par des<strong>\u00a0<em>fanfares et des groupes folks<\/em><\/strong>. Prenant place dans une p\u00e9riode qui diff\u00e8re de la p\u00e9riode traditionnelle du carnaval, elle ne poss\u00e8de pas les accompagnements d\u2019enfants dans des costumes, des banderoles et des confettis.<\/p>\n<p>Il y a en effet plusieurs diff\u00e9rences : depuis sa cr\u00e9ation, la parade des chars fleuris n\u2019\u00e9tait pas con\u00e7ue comme le\u00a0<em><strong>Carnaval de San Remo<\/strong><\/em>, mais plut\u00f4t comme une d\u00e9monstration \u00e9l\u00e9gante des\u00a0<em><strong>productions florales les plus magnifiques de la ville<\/strong><\/em>. De plus, la mi-f\u00e9vrier \u00e9tait d\u00e9j\u00e0 occup\u00e9e de fa\u00e7on permanente par le plus important Festival de la chanson italienne, la Parade florale de San Remo a donc d\u00fb choisir une date diff\u00e9rente, tout d\u2019abord \u00e0 la fin janvier et maintenant \u00e0 la deuxi\u00e8me moiti\u00e9 de mars.<\/p>\n<p>Ce qui ne pose aucun probl\u00e8me, puisque gr\u00e2ce \u00e0 cette nouvelle organisation, la parade florale repr\u00e9sente un \u00e9v\u00e9nement unique qui m\u00e9rite d\u2019\u00eatre v\u00e9cu comme une journ\u00e9e de festin joyeuse, avec le printemps \u00e0 nos portes.<\/p>\n<p>[\/et_pb_text][\/et_pb_column][\/et_pb_row][\/et_pb_section]<\/p>\n","protected":false},"excerpt":{"rendered":"<p>Le carnaval a une longue tradition sur la Riviera, avec le Carnaval de Nice et le Festival des citrons de Menton, c\u2019est pourquoi la parade florale est souvent connue sous le nom de Carnaval de San Remo. La\u00a0Parade florale (corso fiorito) de San Remo\u00a0a plusieurs analogies avec le carnaval traditionnel : la parade des chars [&hellip;]<\/p>\n","protected":false},"author":1,"featured_media":0,"parent":0,"menu_order":0,"comment_status":"closed","ping_status":"open","template":"","meta":{"_et_pb_use_builder":"on","_et_pb_old_content":"","_et_gb_content_width":"","footnotes":""},"yoast_head":"<!-- This site is optimized with the Yoast SEO plugin v21.9.1 - https:\/\/yoast.com\/wordpress\/plugins\/seo\/ -->\n<title>Carnaval de San Remo | Sanremo Corso Fiorito 2026<\/title>\n<meta name=\"description\" content=\"Carnaval de San Remo : la parade traditionnelle des chars floraux de la Parade florale San Remo en fleurs.\" \/>\n<meta name=\"robots\" content=\"index, follow, max-snippet:-1, max-image-preview:large, max-video-preview:-1\" \/>\n<link rel=\"canonical\" href=\"https:\/\/carnevalesanremo.it\/carnevale-di-sanremo\/\" \/>\n<meta property=\"og:locale\" content=\"fr_FR\" \/>\n<meta property=\"og:type\" content=\"article\" \/>\n<meta property=\"og:title\" content=\"Carnaval de San Remo | Sanremo Corso Fiorito 2026\" \/>\n<meta property=\"og:description\" content=\"Carnaval de San Remo : la parade traditionnelle des chars floraux de la Parade florale San Remo en fleurs.\" \/>\n<meta property=\"og:url\" content=\"https:\/\/carnevalesanremo.it\/carnevale-di-sanremo\/\" \/>\n<meta property=\"og:site_name\" content=\"Sanremo Corso Fiorito 2026\" \/>\n<meta property=\"article:modified_time\" content=\"2024-12-05T10:33:00+00:00\" \/>\n<meta name=\"twitter:label1\" content=\"Dur\u00e9e de lecture estim\u00e9e\" \/>\n\t<meta name=\"twitter:data1\" content=\"2 minutes\" \/>\n<script type=\"application\/ld+json\" class=\"yoast-schema-graph\">{\"@context\":\"https:\/\/schema.org\",\"@graph\":[{\"@type\":\"WebPage\",\"@id\":\"https:\/\/carnevalesanremo.it\/carnevale-di-sanremo\/\",\"url\":\"https:\/\/carnevalesanremo.it\/carnevale-di-sanremo\/\",\"name\":\"Carnaval de San Remo | Sanremo Corso Fiorito 2026\",\"isPartOf\":{\"@id\":\"https:\/\/carnevalesanremo.it\/#website\"},\"datePublished\":\"2016-02-16T05:49:54+00:00\",\"dateModified\":\"2024-12-05T10:33:00+00:00\",\"description\":\"Carnaval de San Remo : la parade traditionnelle des chars floraux de la Parade florale San Remo en fleurs.\",\"breadcrumb\":{\"@id\":\"https:\/\/carnevalesanremo.it\/carnevale-di-sanremo\/#breadcrumb\"},\"inLanguage\":\"fr-FR\",\"potentialAction\":[{\"@type\":\"ReadAction\",\"target\":[\"https:\/\/carnevalesanremo.it\/carnevale-di-sanremo\/\"]}]},{\"@type\":\"BreadcrumbList\",\"@id\":\"https:\/\/carnevalesanremo.it\/carnevale-di-sanremo\/#breadcrumb\",\"itemListElement\":[{\"@type\":\"ListItem\",\"position\":1,\"name\":\"Home\",\"item\":\"https:\/\/carnevalesanremo.it\/fr\/\"},{\"@type\":\"ListItem\",\"position\":2,\"name\":\"Carnaval de San Remo\"}]},{\"@type\":\"WebSite\",\"@id\":\"https:\/\/carnevalesanremo.it\/#website\",\"url\":\"https:\/\/carnevalesanremo.it\/\",\"name\":\"Sanremo Corso Fiorito 2026\",\"description\":\"Chars Fleuri | Carnaval de San Remo 2026\",\"potentialAction\":[{\"@type\":\"SearchAction\",\"target\":{\"@type\":\"EntryPoint\",\"urlTemplate\":\"https:\/\/carnevalesanremo.it\/?s={search_term_string}\"},\"query-input\":\"required name=search_term_string\"}],\"inLanguage\":\"fr-FR\"}]}<\/script>\n<!-- \/ Yoast SEO plugin. -->","yoast_head_json":{"title":"Carnaval de San Remo | Sanremo Corso Fiorito 2026","description":"Carnaval de San Remo : la parade traditionnelle des chars floraux de la Parade florale San Remo en fleurs.","robots":{"index":"index","follow":"follow","max-snippet":"max-snippet:-1","max-image-preview":"max-image-preview:large","max-video-preview":"max-video-preview:-1"},"canonical":"https:\/\/carnevalesanremo.it\/carnevale-di-sanremo\/","og_locale":"fr_FR","og_type":"article","og_title":"Carnaval de San Remo | Sanremo Corso Fiorito 2026","og_description":"Carnaval de San Remo : la parade traditionnelle des chars floraux de la Parade florale San Remo en fleurs.","og_url":"https:\/\/carnevalesanremo.it\/carnevale-di-sanremo\/","og_site_name":"Sanremo Corso Fiorito 2026","article_modified_time":"2024-12-05T10:33:00+00:00","twitter_misc":{"Dur\u00e9e de lecture estim\u00e9e":"2 minutes"},"schema":{"@context":"https:\/\/schema.org","@graph":[{"@type":"WebPage","@id":"https:\/\/carnevalesanremo.it\/carnevale-di-sanremo\/","url":"https:\/\/carnevalesanremo.it\/carnevale-di-sanremo\/","name":"Carnaval de San Remo | Sanremo Corso Fiorito 2026","isPartOf":{"@id":"https:\/\/carnevalesanremo.it\/#website"},"datePublished":"2016-02-16T05:49:54+00:00","dateModified":"2024-12-05T10:33:00+00:00","description":"Carnaval de San Remo : la parade traditionnelle des chars floraux de la Parade florale San Remo en fleurs.","breadcrumb":{"@id":"https:\/\/carnevalesanremo.it\/carnevale-di-sanremo\/#breadcrumb"},"inLanguage":"fr-FR","potentialAction":[{"@type":"ReadAction","target":["https:\/\/carnevalesanremo.it\/carnevale-di-sanremo\/"]}]},{"@type":"BreadcrumbList","@id":"https:\/\/carnevalesanremo.it\/carnevale-di-sanremo\/#breadcrumb","itemListElement":[{"@type":"ListItem","position":1,"name":"Home","item":"https:\/\/carnevalesanremo.it\/fr\/"},{"@type":"ListItem","position":2,"name":"Carnaval de San Remo"}]},{"@type":"WebSite","@id":"https:\/\/carnevalesanremo.it\/#website","url":"https:\/\/carnevalesanremo.it\/","name":"Sanremo Corso Fiorito 2026","description":"Chars Fleuri | Carnaval de San Remo 2026","potentialAction":[{"@type":"SearchAction","target":{"@type":"EntryPoint","urlTemplate":"https:\/\/carnevalesanremo.it\/?s={search_term_string}"},"query-input":"required name=search_term_string"}],"inLanguage":"fr-FR"}]}},"_links":{"self":[{"href":"https:\/\/carnevalesanremo.it\/fr\/wp-json\/wp\/v2\/pages\/29853"}],"collection":[{"href":"https:\/\/carnevalesanremo.it\/fr\/wp-json\/wp\/v2\/pages"}],"about":[{"href":"https:\/\/carnevalesanremo.it\/fr\/wp-json\/wp\/v2\/types\/page"}],"author":[{"embeddable":true,"href":"https:\/\/carnevalesanremo.it\/fr\/wp-json\/wp\/v2\/users\/1"}],"replies":[{"embeddable":true,"href":"https:\/\/carnevalesanremo.it\/fr\/wp-json\/wp\/v2\/comments?post=29853"}],"version-history":[{"count":6,"href":"https:\/\/carnevalesanremo.it\/fr\/wp-json\/wp\/v2\/pages\/29853\/revisions"}],"predecessor-version":[{"id":237345,"href":"https:\/\/carnevalesanremo.it\/fr\/wp-json\/wp\/v2\/pages\/29853\/revisions\/237345"}],"wp:attachment":[{"href":"https:\/\/carnevalesanremo.it\/fr\/wp-json\/wp\/v2\/media?parent=29853"}],"curies":[{"name":"wp","href":"https:\/\/api.w.org\/{rel}","templated":true}]}}