{"id":29856,"date":"2016-02-16T05:58:30","date_gmt":"2016-02-16T05:58:30","guid":{"rendered":"http:\/\/carnevalesanremo.it\/san-remo-en-fleurs-de-1980-a-aujourdhui\/"},"modified":"2024-12-05T10:19:34","modified_gmt":"2024-12-05T10:19:34","slug":"san-remo-en-fleurs-de-1980-a-aujourdhui","status":"publish","type":"page","link":"https:\/\/carnevalesanremo.it\/fr\/san-remo-en-fleurs-de-1980-a-aujourdhui\/","title":{"rendered":"San Remo en fleurs (de 1980 \u00e0 aujourd\u2019hui)"},"content":{"rendered":"<p>[et_pb_section fb_built=\u00a0\u00bb1&Prime; fullwidth=\u00a0\u00bbon\u00a0\u00bb _builder_version=\u00a0\u00bb4.17.4&Prime; _module_preset=\u00a0\u00bbdefault\u00a0\u00bb hover_enabled=\u00a0\u00bb0&Prime; locked=\u00a0\u00bboff\u00a0\u00bb global_colors_info=\u00a0\u00bb{}\u00a0\u00bb sticky_enabled=\u00a0\u00bb0&Prime; theme_builder_area=\u00a0\u00bbpost_content\u00a0\u00bb][et_pb_fullwidth_slider _builder_version=\u00a0\u00bb4.22.0&Prime; _module_preset=\u00a0\u00bbdefault\u00a0\u00bb hover_enabled=\u00a0\u00bb0&Prime; global_colors_info=\u00a0\u00bb{}\u00a0\u00bb sticky_enabled=\u00a0\u00bb0&Prime; theme_builder_area=\u00a0\u00bbpost_content\u00a0\u00bb][et_pb_slide heading=\u00a0\u00bbSan Remo en fleurs (de 1980 \u00e0 aujourd\u2019hui)\u00a0\u00bb _builder_version=\u00a0\u00bb4.22.0&Prime; _module_preset=\u00a0\u00bbdefault\u00a0\u00bb background_image=\u00a0\u00bbhttps:\/\/carnevalesanremo.it\/wp-content\/uploads\/2013\/11\/flower-parade-san-remo.jpg\u00a0\u00bb background_enable_image=\u00a0\u00bbon\u00a0\u00bb hover_enabled=\u00a0\u00bb0&Prime; global_colors_info=\u00a0\u00bb{}\u00a0\u00bb sticky_transition=\u00a0\u00bbon\u00a0\u00bb theme_builder_area=\u00a0\u00bbpost_content\u00a0\u00bb title_text=\u00a0\u00bbflower parade san remo\u00a0\u00bb sticky_enabled=\u00a0\u00bb0&Prime;][\/et_pb_slide][\/et_pb_fullwidth_slider][\/et_pb_section][et_pb_section fb_built=\u00a0\u00bb1&Prime; _builder_version=\u00a0\u00bb4.16&Prime; global_colors_info=\u00a0\u00bb{}\u00a0\u00bb][et_pb_row _builder_version=\u00a0\u00bb4.16&Prime; background_size=\u00a0\u00bbinitial\u00a0\u00bb background_position=\u00a0\u00bbtop_left\u00a0\u00bb background_repeat=\u00a0\u00bbrepeat\u00a0\u00bb global_colors_info=\u00a0\u00bb{}\u00a0\u00bb][et_pb_column type=\u00a0\u00bb4_4&Prime; _builder_version=\u00a0\u00bb4.16&Prime; custom_padding=\u00a0\u00bb|||\u00a0\u00bb global_colors_info=\u00a0\u00bb{}\u00a0\u00bb custom_padding__hover=\u00a0\u00bb|||\u00a0\u00bb][et_pb_text _builder_version=\u00a0\u00bb4.22.0&Prime; background_size=\u00a0\u00bbinitial\u00a0\u00bb background_position=\u00a0\u00bbtop_left\u00a0\u00bb background_repeat=\u00a0\u00bbrepeat\u00a0\u00bb hover_enabled=\u00a0\u00bb0&Prime; global_colors_info=\u00a0\u00bb{}\u00a0\u00bb sticky_enabled=\u00a0\u00bb0&Prime;]<\/p>\n<h3>San Remo en fleurs (Sanremo in fiore) est le nom r\u00e9cemment donn\u00e9 \u00e0 l\u2019\u00e9v\u00e9nement, lorsqu\u2019en 1980 le d\u00e9partement du tourisme d\u00e9cida de relancer la parade florale de San Remo.<\/h3>\n<p>De 1966 \u00e0 1979 la parade florale de San Remo a \u00e9t\u00e9 oubli\u00e9e, jusqu\u2019en 1980 lorsque le conseil du voyage et du tourisme d\u00e9cida de reprendre l\u2019organisation de l\u2019\u00e9v\u00e9nement.<\/p>\n<p>C\u2019\u00e9tait ensuite gr\u00e2ce \u00e0 la t\u00e9l\u00e9vision italienne que cet \u00e9v\u00e9nement est devenu l\u2019un des \u00e9v\u00e9nements les plus populaires c\u00e9l\u00e9br\u00e9s en Italie.<\/p>\n<p>La <em><strong>Parade florale de San Remo<\/strong><strong> en fleurs<\/strong><\/em> est en fait diffus\u00e9e par le programme italien Linea Verde sur la cha\u00eene RAI UNO, qui chaque dimanche matin am\u00e8ne dans les maisons italiennes l\u2019excellence de l\u2019agriculture italienne. La parade florale repr\u00e9sente traditionnellement un des sommets annuels d\u2019auditoire du programme, avec une moyenne de 3,5 millions de t\u00e9l\u00e9spectateurs, confirmant que San Remo est l\u2019une des villes les plus aim\u00e9es par les auditoires de t\u00e9l\u00e9vision italienne.<\/p>\n<p>L\u2019\u00e9v\u00e9nement a trouv\u00e9 sa place parfaite le dernier dimanche de janvier, date qui a \u00e9t\u00e9 maintenue jusqu\u2019en 2010, ayant connu une continuit\u00e9 enviable pendant 30 ans gr\u00e2ce au doux climat de San Remo. Pendant cette p\u00e9riode, il y a eu qu\u2019une seule suspension en 1985 en raison d\u2019une chute de neige exceptionnelle, ce qui demeure une raret\u00e9 dans le paysage de San Remo. G\u00e9n\u00e9ralement, cet \u00e9v\u00e9nement a toujours apport\u00e9 dans les maisons des Italiens un aper\u00e7u du d\u00e9but du printemps avec les couleurs des fleurs de San Remo.<\/p>\n<p>Le record d\u2019auditoire pour un dimanche matin jamais enregistr\u00e9 par la t\u00e9l\u00e9vision italienne est toujours d\u00e9tenu par la parade florale de San Remo en fleurs : 4,9 millions de t\u00e9l\u00e9spectateurs avec une part de 29 % pour l\u2019\u00e9dition du 28 janvier 2007, lorsque l\u2019\u00e9v\u00e9nement a \u00e9t\u00e9 organis\u00e9 sur le bord de mer Italo Calvino, lors d\u2019une magnifique journ\u00e9e ensoleill\u00e9e avec une temp\u00e9rature de 18 \u00b0C, alors que le reste de l\u2019Italie \u00e9tait exceptionnellement sous la neige.<\/p>\n<p>Jusqu\u2019en 2010, l\u2019\u00e9v\u00e9nement \u00e9tait traditionnellement tenu le dernier week-end de janvier, alors que l\u2019ann\u00e9e suivante la commune d\u00e9cida de le c\u00e9l\u00e9brer en mars.<\/p>\n<p>[\/et_pb_text][\/et_pb_column][\/et_pb_row][\/et_pb_section]<\/p>\n","protected":false},"excerpt":{"rendered":"<p>San Remo en fleurs (Sanremo in fiore) est le nom r\u00e9cemment donn\u00e9 \u00e0 l\u2019\u00e9v\u00e9nement, lorsqu\u2019en 1980 le d\u00e9partement du tourisme d\u00e9cida de relancer la parade florale de San Remo. De 1966 \u00e0 1979 la parade florale de San Remo a \u00e9t\u00e9 oubli\u00e9e, jusqu\u2019en 1980 lorsque le conseil du voyage et du tourisme d\u00e9cida de reprendre [&hellip;]<\/p>\n","protected":false},"author":1,"featured_media":0,"parent":0,"menu_order":0,"comment_status":"closed","ping_status":"open","template":"","meta":{"_et_pb_use_builder":"on","_et_pb_old_content":"","_et_gb_content_width":"","footnotes":""},"yoast_head":"<!-- This site is optimized with the Yoast SEO plugin v21.9.1 - https:\/\/yoast.com\/wordpress\/plugins\/seo\/ -->\n<title>San Remo en fleurs (de 1980 \u00e0 aujourd\u2019hui) | Sanremo Corso Fiorito 2026<\/title>\n<meta name=\"description\" content=\"San Remo en fleurs | Sanremo Corso Fiorito 2026 est le nom de la Parade florale de San Remo avec de chars floraux et les fanfares\" \/>\n<meta name=\"robots\" content=\"index, follow, max-snippet:-1, max-image-preview:large, max-video-preview:-1\" \/>\n<link rel=\"canonical\" href=\"https:\/\/carnevalesanremo.it\/sanremo-in-fiore\/\" \/>\n<meta property=\"og:locale\" content=\"fr_FR\" \/>\n<meta property=\"og:type\" content=\"article\" \/>\n<meta property=\"og:title\" content=\"San Remo en fleurs (de 1980 \u00e0 aujourd\u2019hui) | Sanremo Corso Fiorito 2026\" \/>\n<meta property=\"og:description\" content=\"San Remo en fleurs | Sanremo Corso Fiorito 2026 est le nom de la Parade florale de San Remo avec de chars floraux et les fanfares\" \/>\n<meta property=\"og:url\" content=\"https:\/\/carnevalesanremo.it\/sanremo-in-fiore\/\" \/>\n<meta property=\"og:site_name\" content=\"Sanremo Corso Fiorito 2026\" \/>\n<meta property=\"article:modified_time\" content=\"2024-12-05T10:19:34+00:00\" \/>\n<meta name=\"twitter:label1\" content=\"Dur\u00e9e de lecture estim\u00e9e\" \/>\n\t<meta name=\"twitter:data1\" content=\"2 minutes\" \/>\n<script type=\"application\/ld+json\" class=\"yoast-schema-graph\">{\"@context\":\"https:\/\/schema.org\",\"@graph\":[{\"@type\":\"WebPage\",\"@id\":\"https:\/\/carnevalesanremo.it\/sanremo-in-fiore\/\",\"url\":\"https:\/\/carnevalesanremo.it\/sanremo-in-fiore\/\",\"name\":\"San Remo en fleurs (de 1980 \u00e0 aujourd\u2019hui) | Sanremo Corso Fiorito 2026\",\"isPartOf\":{\"@id\":\"https:\/\/carnevalesanremo.it\/#website\"},\"datePublished\":\"2016-02-16T05:58:30+00:00\",\"dateModified\":\"2024-12-05T10:19:34+00:00\",\"description\":\"San Remo en fleurs | Sanremo Corso Fiorito 2026 est le nom de la Parade florale de San Remo avec de chars floraux et les fanfares\",\"breadcrumb\":{\"@id\":\"https:\/\/carnevalesanremo.it\/sanremo-in-fiore\/#breadcrumb\"},\"inLanguage\":\"fr-FR\",\"potentialAction\":[{\"@type\":\"ReadAction\",\"target\":[\"https:\/\/carnevalesanremo.it\/sanremo-in-fiore\/\"]}]},{\"@type\":\"BreadcrumbList\",\"@id\":\"https:\/\/carnevalesanremo.it\/sanremo-in-fiore\/#breadcrumb\",\"itemListElement\":[{\"@type\":\"ListItem\",\"position\":1,\"name\":\"Home\",\"item\":\"https:\/\/carnevalesanremo.it\/fr\/\"},{\"@type\":\"ListItem\",\"position\":2,\"name\":\"San Remo en fleurs (de 1980 \u00e0 aujourd\u2019hui)\"}]},{\"@type\":\"WebSite\",\"@id\":\"https:\/\/carnevalesanremo.it\/#website\",\"url\":\"https:\/\/carnevalesanremo.it\/\",\"name\":\"Sanremo Corso Fiorito 2026\",\"description\":\"Chars Fleuri | Carnaval de San Remo 2026\",\"potentialAction\":[{\"@type\":\"SearchAction\",\"target\":{\"@type\":\"EntryPoint\",\"urlTemplate\":\"https:\/\/carnevalesanremo.it\/?s={search_term_string}\"},\"query-input\":\"required name=search_term_string\"}],\"inLanguage\":\"fr-FR\"}]}<\/script>\n<!-- \/ Yoast SEO plugin. -->","yoast_head_json":{"title":"San Remo en fleurs (de 1980 \u00e0 aujourd\u2019hui) | Sanremo Corso Fiorito 2026","description":"San Remo en fleurs | Sanremo Corso Fiorito 2026 est le nom de la Parade florale de San Remo avec de chars floraux et les fanfares","robots":{"index":"index","follow":"follow","max-snippet":"max-snippet:-1","max-image-preview":"max-image-preview:large","max-video-preview":"max-video-preview:-1"},"canonical":"https:\/\/carnevalesanremo.it\/sanremo-in-fiore\/","og_locale":"fr_FR","og_type":"article","og_title":"San Remo en fleurs (de 1980 \u00e0 aujourd\u2019hui) | Sanremo Corso Fiorito 2026","og_description":"San Remo en fleurs | Sanremo Corso Fiorito 2026 est le nom de la Parade florale de San Remo avec de chars floraux et les fanfares","og_url":"https:\/\/carnevalesanremo.it\/sanremo-in-fiore\/","og_site_name":"Sanremo Corso Fiorito 2026","article_modified_time":"2024-12-05T10:19:34+00:00","twitter_misc":{"Dur\u00e9e de lecture estim\u00e9e":"2 minutes"},"schema":{"@context":"https:\/\/schema.org","@graph":[{"@type":"WebPage","@id":"https:\/\/carnevalesanremo.it\/sanremo-in-fiore\/","url":"https:\/\/carnevalesanremo.it\/sanremo-in-fiore\/","name":"San Remo en fleurs (de 1980 \u00e0 aujourd\u2019hui) | Sanremo Corso Fiorito 2026","isPartOf":{"@id":"https:\/\/carnevalesanremo.it\/#website"},"datePublished":"2016-02-16T05:58:30+00:00","dateModified":"2024-12-05T10:19:34+00:00","description":"San Remo en fleurs | Sanremo Corso Fiorito 2026 est le nom de la Parade florale de San Remo avec de chars floraux et les fanfares","breadcrumb":{"@id":"https:\/\/carnevalesanremo.it\/sanremo-in-fiore\/#breadcrumb"},"inLanguage":"fr-FR","potentialAction":[{"@type":"ReadAction","target":["https:\/\/carnevalesanremo.it\/sanremo-in-fiore\/"]}]},{"@type":"BreadcrumbList","@id":"https:\/\/carnevalesanremo.it\/sanremo-in-fiore\/#breadcrumb","itemListElement":[{"@type":"ListItem","position":1,"name":"Home","item":"https:\/\/carnevalesanremo.it\/fr\/"},{"@type":"ListItem","position":2,"name":"San Remo en fleurs (de 1980 \u00e0 aujourd\u2019hui)"}]},{"@type":"WebSite","@id":"https:\/\/carnevalesanremo.it\/#website","url":"https:\/\/carnevalesanremo.it\/","name":"Sanremo Corso Fiorito 2026","description":"Chars Fleuri | Carnaval de San Remo 2026","potentialAction":[{"@type":"SearchAction","target":{"@type":"EntryPoint","urlTemplate":"https:\/\/carnevalesanremo.it\/?s={search_term_string}"},"query-input":"required name=search_term_string"}],"inLanguage":"fr-FR"}]}},"_links":{"self":[{"href":"https:\/\/carnevalesanremo.it\/fr\/wp-json\/wp\/v2\/pages\/29856"}],"collection":[{"href":"https:\/\/carnevalesanremo.it\/fr\/wp-json\/wp\/v2\/pages"}],"about":[{"href":"https:\/\/carnevalesanremo.it\/fr\/wp-json\/wp\/v2\/types\/page"}],"author":[{"embeddable":true,"href":"https:\/\/carnevalesanremo.it\/fr\/wp-json\/wp\/v2\/users\/1"}],"replies":[{"embeddable":true,"href":"https:\/\/carnevalesanremo.it\/fr\/wp-json\/wp\/v2\/comments?post=29856"}],"version-history":[{"count":5,"href":"https:\/\/carnevalesanremo.it\/fr\/wp-json\/wp\/v2\/pages\/29856\/revisions"}],"predecessor-version":[{"id":237336,"href":"https:\/\/carnevalesanremo.it\/fr\/wp-json\/wp\/v2\/pages\/29856\/revisions\/237336"}],"wp:attachment":[{"href":"https:\/\/carnevalesanremo.it\/fr\/wp-json\/wp\/v2\/media?parent=29856"}],"curies":[{"name":"wp","href":"https:\/\/api.w.org\/{rel}","templated":true}]}}