{"id":29858,"date":"2016-02-16T06:14:04","date_gmt":"2016-02-16T06:14:04","guid":{"rendered":"http:\/\/carnevalesanremo.it\/sejour-a-san-remo\/"},"modified":"2024-02-19T10:55:14","modified_gmt":"2024-02-19T10:55:14","slug":"sejour-a-san-remo","status":"publish","type":"page","link":"https:\/\/carnevalesanremo.it\/fr\/sejour-a-san-remo\/","title":{"rendered":"S\u00c9JOUR \u00c0 SAN REMO"},"content":{"rendered":"<h3>L\u2019agence de voyages Nyala Wonder Travel est \u00e0 votre disposition pour organiser le meilleur s\u00e9jour \u00e0 San Remo \u00e0 l&rsquo;occasion de San Remo Corso Fiorito.<\/h3>\n<p>Choisissez \u00e0 partir du menu d\u2019h\u00e9bergement les services qui r\u00e9pondent \u00e0 vos besoins :<\/p>\n<h3>Forfaits avec<\/h3>\n<ul>\n<li>Billets d\u2019entr\u00e9e pour la parade florale (San Remo en fleurs)<\/li>\n<li>h\u00e9bergement dans des h\u00f4tels de haute cat\u00e9gorie (3 \u00e0 5 \u00e9toiles)<\/li>\n<\/ul>\n<h3>R\u00e9servation d\u2019h\u00f4tel<\/h3>\n<h3>Demande de services additionnels<\/h3>\n<ul>\n<li>Transport \u00e0 partir des a\u00e9roports de Nice et de G\u00eanes<\/li>\n<li>location de voiture<\/li>\n<li>r\u00e9servation de vols et de traversiers<\/li>\n<li>excursion dans la Ligurie et sur la C\u00f4te d\u2019Azur<\/li>\n<\/ul>\n<p>&nbsp;<\/p>\n<p>Organisation technique :<br \/>\n<strong>Nyala Wonder Travel<\/strong><br \/>\nVia Solaro 134 &#8211; 18038 San Remo<br \/>\n<strong>T 0184 666 986\u00a0<\/strong><br \/>\n(lun au ven 9h30 \u00e0 17h30 \/ sam 9h30 \u00e0 13 h)<\/p>\n<p><em>Nous sommes \u00e0 votre disposition pour vous aider \u00e0 organiser le meilleur s\u00e9jour \u00e0 San Remo !<\/em><\/p>\n","protected":false},"excerpt":{"rendered":"<p>L\u2019agence de voyages Nyala Wonder Travel est \u00e0 votre disposition pour organiser le meilleur s\u00e9jour \u00e0 San Remo \u00e0 l&rsquo;occasion de San Remo Corso Fiorito. Choisissez \u00e0 partir du menu d\u2019h\u00e9bergement les services qui r\u00e9pondent \u00e0 vos besoins : Forfaits avec Billets d\u2019entr\u00e9e pour la parade florale (San Remo en fleurs) h\u00e9bergement dans des h\u00f4tels [&hellip;]<\/p>\n","protected":false},"author":1,"featured_media":0,"parent":0,"menu_order":0,"comment_status":"closed","ping_status":"open","template":"","meta":{"_et_pb_use_builder":"","_et_pb_old_content":"","_et_gb_content_width":"","footnotes":""},"yoast_head":"<!-- This site is optimized with the Yoast SEO plugin v21.9.1 - https:\/\/yoast.com\/wordpress\/plugins\/seo\/ -->\n<title>S\u00c9JOUR \u00c0 SAN REMO | Sanremo Corso Fiorito 2026<\/title>\n<meta name=\"description\" content=\"R\u00e9servez votre s\u00e9jour \u00e0 Sanremo Corso Fiorito 2026 : h\u00f4tel, forfaits, r\u00e9servation de vols\" \/>\n<meta name=\"robots\" content=\"index, follow, max-snippet:-1, max-image-preview:large, max-video-preview:-1\" \/>\n<link rel=\"canonical\" href=\"https:\/\/carnevalesanremo.it\/hotel-sanremo\/\" \/>\n<meta property=\"og:locale\" content=\"fr_FR\" \/>\n<meta property=\"og:type\" content=\"article\" \/>\n<meta property=\"og:title\" content=\"S\u00c9JOUR \u00c0 SAN REMO | Sanremo Corso Fiorito 2026\" \/>\n<meta property=\"og:description\" content=\"R\u00e9servez votre s\u00e9jour \u00e0 Sanremo Corso Fiorito 2026 : h\u00f4tel, forfaits, r\u00e9servation de vols\" \/>\n<meta property=\"og:url\" content=\"https:\/\/carnevalesanremo.it\/hotel-sanremo\/\" \/>\n<meta property=\"og:site_name\" content=\"Sanremo Corso Fiorito 2026\" \/>\n<meta property=\"article:modified_time\" content=\"2024-02-19T10:55:14+00:00\" \/>\n<meta name=\"twitter:label1\" content=\"Dur\u00e9e de lecture estim\u00e9e\" \/>\n\t<meta name=\"twitter:data1\" content=\"1 minute\" \/>\n<script type=\"application\/ld+json\" class=\"yoast-schema-graph\">{\"@context\":\"https:\/\/schema.org\",\"@graph\":[{\"@type\":\"WebPage\",\"@id\":\"https:\/\/carnevalesanremo.it\/hotel-sanremo\/\",\"url\":\"https:\/\/carnevalesanremo.it\/hotel-sanremo\/\",\"name\":\"S\u00c9JOUR \u00c0 SAN REMO | Sanremo Corso Fiorito 2026\",\"isPartOf\":{\"@id\":\"https:\/\/carnevalesanremo.it\/#website\"},\"datePublished\":\"2016-02-16T06:14:04+00:00\",\"dateModified\":\"2024-02-19T10:55:14+00:00\",\"description\":\"R\u00e9servez votre s\u00e9jour \u00e0 Sanremo Corso Fiorito 2026 : h\u00f4tel, forfaits, r\u00e9servation de vols\",\"breadcrumb\":{\"@id\":\"https:\/\/carnevalesanremo.it\/hotel-sanremo\/#breadcrumb\"},\"inLanguage\":\"fr-FR\",\"potentialAction\":[{\"@type\":\"ReadAction\",\"target\":[\"https:\/\/carnevalesanremo.it\/hotel-sanremo\/\"]}]},{\"@type\":\"BreadcrumbList\",\"@id\":\"https:\/\/carnevalesanremo.it\/hotel-sanremo\/#breadcrumb\",\"itemListElement\":[{\"@type\":\"ListItem\",\"position\":1,\"name\":\"Home\",\"item\":\"https:\/\/carnevalesanremo.it\/fr\/\"},{\"@type\":\"ListItem\",\"position\":2,\"name\":\"S\u00c9JOUR \u00c0 SAN REMO\"}]},{\"@type\":\"WebSite\",\"@id\":\"https:\/\/carnevalesanremo.it\/#website\",\"url\":\"https:\/\/carnevalesanremo.it\/\",\"name\":\"Sanremo Corso Fiorito 2026\",\"description\":\"Chars Fleuri | Carnaval de San Remo 2026\",\"potentialAction\":[{\"@type\":\"SearchAction\",\"target\":{\"@type\":\"EntryPoint\",\"urlTemplate\":\"https:\/\/carnevalesanremo.it\/?s={search_term_string}\"},\"query-input\":\"required name=search_term_string\"}],\"inLanguage\":\"fr-FR\"}]}<\/script>\n<!-- \/ Yoast SEO plugin. -->","yoast_head_json":{"title":"S\u00c9JOUR \u00c0 SAN REMO | Sanremo Corso Fiorito 2026","description":"R\u00e9servez votre s\u00e9jour \u00e0 Sanremo Corso Fiorito 2026 : h\u00f4tel, forfaits, r\u00e9servation de vols","robots":{"index":"index","follow":"follow","max-snippet":"max-snippet:-1","max-image-preview":"max-image-preview:large","max-video-preview":"max-video-preview:-1"},"canonical":"https:\/\/carnevalesanremo.it\/hotel-sanremo\/","og_locale":"fr_FR","og_type":"article","og_title":"S\u00c9JOUR \u00c0 SAN REMO | Sanremo Corso Fiorito 2026","og_description":"R\u00e9servez votre s\u00e9jour \u00e0 Sanremo Corso Fiorito 2026 : h\u00f4tel, forfaits, r\u00e9servation de vols","og_url":"https:\/\/carnevalesanremo.it\/hotel-sanremo\/","og_site_name":"Sanremo Corso Fiorito 2026","article_modified_time":"2024-02-19T10:55:14+00:00","twitter_misc":{"Dur\u00e9e de lecture estim\u00e9e":"1 minute"},"schema":{"@context":"https:\/\/schema.org","@graph":[{"@type":"WebPage","@id":"https:\/\/carnevalesanremo.it\/hotel-sanremo\/","url":"https:\/\/carnevalesanremo.it\/hotel-sanremo\/","name":"S\u00c9JOUR \u00c0 SAN REMO | Sanremo Corso Fiorito 2026","isPartOf":{"@id":"https:\/\/carnevalesanremo.it\/#website"},"datePublished":"2016-02-16T06:14:04+00:00","dateModified":"2024-02-19T10:55:14+00:00","description":"R\u00e9servez votre s\u00e9jour \u00e0 Sanremo Corso Fiorito 2026 : h\u00f4tel, forfaits, r\u00e9servation de vols","breadcrumb":{"@id":"https:\/\/carnevalesanremo.it\/hotel-sanremo\/#breadcrumb"},"inLanguage":"fr-FR","potentialAction":[{"@type":"ReadAction","target":["https:\/\/carnevalesanremo.it\/hotel-sanremo\/"]}]},{"@type":"BreadcrumbList","@id":"https:\/\/carnevalesanremo.it\/hotel-sanremo\/#breadcrumb","itemListElement":[{"@type":"ListItem","position":1,"name":"Home","item":"https:\/\/carnevalesanremo.it\/fr\/"},{"@type":"ListItem","position":2,"name":"S\u00c9JOUR \u00c0 SAN REMO"}]},{"@type":"WebSite","@id":"https:\/\/carnevalesanremo.it\/#website","url":"https:\/\/carnevalesanremo.it\/","name":"Sanremo Corso Fiorito 2026","description":"Chars Fleuri | Carnaval de San Remo 2026","potentialAction":[{"@type":"SearchAction","target":{"@type":"EntryPoint","urlTemplate":"https:\/\/carnevalesanremo.it\/?s={search_term_string}"},"query-input":"required name=search_term_string"}],"inLanguage":"fr-FR"}]}},"_links":{"self":[{"href":"https:\/\/carnevalesanremo.it\/fr\/wp-json\/wp\/v2\/pages\/29858"}],"collection":[{"href":"https:\/\/carnevalesanremo.it\/fr\/wp-json\/wp\/v2\/pages"}],"about":[{"href":"https:\/\/carnevalesanremo.it\/fr\/wp-json\/wp\/v2\/types\/page"}],"author":[{"embeddable":true,"href":"https:\/\/carnevalesanremo.it\/fr\/wp-json\/wp\/v2\/users\/1"}],"replies":[{"embeddable":true,"href":"https:\/\/carnevalesanremo.it\/fr\/wp-json\/wp\/v2\/comments?post=29858"}],"version-history":[{"count":2,"href":"https:\/\/carnevalesanremo.it\/fr\/wp-json\/wp\/v2\/pages\/29858\/revisions"}],"predecessor-version":[{"id":237074,"href":"https:\/\/carnevalesanremo.it\/fr\/wp-json\/wp\/v2\/pages\/29858\/revisions\/237074"}],"wp:attachment":[{"href":"https:\/\/carnevalesanremo.it\/fr\/wp-json\/wp\/v2\/media?parent=29858"}],"curies":[{"name":"wp","href":"https:\/\/api.w.org\/{rel}","templated":true}]}}