{"id":29859,"date":"2016-02-16T07:39:38","date_gmt":"2016-02-16T07:39:38","guid":{"rendered":"http:\/\/carnevalesanremo.it\/la-parade-des-chars-floraux-de-san-remo-1900-a-1966\/"},"modified":"2024-12-05T09:44:24","modified_gmt":"2024-12-05T09:44:24","slug":"la-parade-des-chars-floraux-de-san-remo-1900-a-1966","status":"publish","type":"page","link":"https:\/\/carnevalesanremo.it\/fr\/la-parade-des-chars-floraux-de-san-remo-1900-a-1966\/","title":{"rendered":"La parade des chars floraux de San Remo (1900 \u00e0 1966)"},"content":{"rendered":"<p>[et_pb_section fb_built=\u00a0\u00bb1&Prime; fullwidth=\u00a0\u00bbon\u00a0\u00bb _builder_version=\u00a0\u00bb4.17.4&Prime; _module_preset=\u00a0\u00bbdefault\u00a0\u00bb hover_enabled=\u00a0\u00bb0&Prime; locked=\u00a0\u00bboff\u00a0\u00bb global_colors_info=\u00a0\u00bb{}\u00a0\u00bb sticky_enabled=\u00a0\u00bb0&Prime; theme_builder_area=\u00a0\u00bbpost_content\u00a0\u00bb][et_pb_fullwidth_slider _builder_version=\u00a0\u00bb4.22.0&Prime; _module_preset=\u00a0\u00bbdefault\u00a0\u00bb hover_enabled=\u00a0\u00bb0&Prime; global_colors_info=\u00a0\u00bb{}\u00a0\u00bb sticky_enabled=\u00a0\u00bb0&Prime; theme_builder_area=\u00a0\u00bbpost_content\u00a0\u00bb][et_pb_slide heading=\u00a0\u00bbLa parade des chars floraux de San Remo (1900 \u00e0 1966)\u00a0\u00bb _builder_version=\u00a0\u00bb4.22.0&Prime; _module_preset=\u00a0\u00bbdefault\u00a0\u00bb background_image=\u00a0\u00bbhttps:\/\/carnevalesanremo.it\/wp-content\/uploads\/2016\/02\/carri-fioriti-sanremo.jpg\u00a0\u00bb background_enable_image=\u00a0\u00bbon\u00a0\u00bb hover_enabled=\u00a0\u00bb0&Prime; global_colors_info=\u00a0\u00bb{}\u00a0\u00bb sticky_transition=\u00a0\u00bbon\u00a0\u00bb theme_builder_area=\u00a0\u00bbpost_content\u00a0\u00bb sticky_enabled=\u00a0\u00bb0&Prime; title_text=\u00a0\u00bbcarri fioriti sanremo\u00a0\u00bb][\/et_pb_slide][\/et_pb_fullwidth_slider][\/et_pb_section][et_pb_section fb_built=\u00a0\u00bb1&Prime; _builder_version=\u00a0\u00bb4.16&Prime; hover_enabled=\u00a0\u00bb0&Prime; global_colors_info=\u00a0\u00bb{}\u00a0\u00bb sticky_enabled=\u00a0\u00bb0&Prime;][et_pb_row _builder_version=\u00a0\u00bb4.16&Prime; background_size=\u00a0\u00bbinitial\u00a0\u00bb background_position=\u00a0\u00bbtop_left\u00a0\u00bb background_repeat=\u00a0\u00bbrepeat\u00a0\u00bb global_colors_info=\u00a0\u00bb{}\u00a0\u00bb][et_pb_column type=\u00a0\u00bb4_4&Prime; _builder_version=\u00a0\u00bb4.16&Prime; custom_padding=\u00a0\u00bb|||\u00a0\u00bb hover_enabled=\u00a0\u00bb0&Prime; global_colors_info=\u00a0\u00bb{}\u00a0\u00bb custom_padding__hover=\u00a0\u00bb|||\u00a0\u00bb sticky_enabled=\u00a0\u00bb0&Prime;][et_pb_text _builder_version=\u00a0\u00bb4.22.0&Prime; background_size=\u00a0\u00bbinitial\u00a0\u00bb background_position=\u00a0\u00bbtop_left\u00a0\u00bb background_repeat=\u00a0\u00bbrepeat\u00a0\u00bb hover_enabled=\u00a0\u00bb0&Prime; global_colors_info=\u00a0\u00bb{}\u00a0\u00bb sticky_enabled=\u00a0\u00bb0&Prime;]<\/p>\n<h3>La tradition des chars floraux de Sanremo remonte \u00e0 l\u2019aube de la floriculture moderne, entre 1800 et 1900.<\/h3>\n<p>La premi\u00e8re \u00e9dition que nous avons en m\u00e9moire est le <em><strong>\u00ab\u00a0Festa della Dea Flora\u00a0\u00bb<\/strong><\/em> (le festin de la d\u00e9esse Flora) de 1903, o\u00f9 les nouveaut\u00e9s de la floriculture de San Remo ornaient une parade \u00e9l\u00e9gante de chars fleuris au c\u0153ur de San Remo pendant la p\u00e9riode de la Belle \u00c9poque.<\/p>\n<p>La parade des chars fleuris de San Remo et des villes voisines a \u00e9t\u00e9 interrompue par la Premi\u00e8re Guerre mondiale, pour recommencer en 1921 et a \u00e0 nouveau \u00e9t\u00e9 interrompu en 1925 en raison d\u2019une s\u00e9rie d\u2019hivers frigides ayant d\u00e9vast\u00e9s la production florale de la r\u00e9gion.<\/p>\n<p>Les premiers vrais chars all\u00e9goriques floraux ayant d\u00e9fil\u00e9 sur la Via Vittorio, aujourd\u2019hui Via Matteotti, ont fait leur apparition dans les ann\u00e9es 30, entre deux ailes de foules s\u00e9par\u00e9es par des groupes folks, qui lan\u00e7ait des fleurs parmi la foule. Cela \u00e9tait le mod\u00e8le de la <em><strong>\u00ab\u00a0Battaglia dei Fiori\u00a0\u00bb<\/strong><\/em> (la bataille des fleurs) qui repr\u00e9sente toujours une tradition importante pour Ventimiglia dans le mois de juin et pour Nice pendant le carnaval de f\u00e9vrier.<\/p>\n<p>Apr\u00e8s l\u2019interruption de la Deuxi\u00e8me Guerre mondiale, c\u2019\u00e9tait entre les ann\u00e9es 50 et 60 quel \u00e9v\u00e9nement a atteint son sommet de popularit\u00e9 gr\u00e2ce \u00e0 la diffusion t\u00e9l\u00e9visuelle d\u2019Eurovision, ayant amen\u00e9 la beaut\u00e9 du climat de San Remo dans les villes froides et enneig\u00e9es du nord de l\u2019Europe. Cela \u00e9tait la p\u00e9riode de <em><strong>\u00ab\u00a0Europa in Fiore\u00a0\u00bb<\/strong><\/em> (Europe en fleurs), avec les chars floraux portant les noms des pays europ\u00e9ens, accompagn\u00e9s de c\u00e9l\u00e9brit\u00e9s et de Mademoiselles des pays europ\u00e9ens. La notori\u00e9t\u00e9 internationale de l\u2019\u00e9v\u00e9nement est toujours attribu\u00e9e aujourd\u2019hui \u00e0 la p\u00e9riode r\u00e9volutionnaire de la t\u00e9l\u00e9vision europ\u00e9enne.<\/p>\n<p>Dans ces ann\u00e9es, gr\u00e2ce \u00e0 la cr\u00e9ativit\u00e9 de Rino Ceriolo, la parade a fait une \u00e9norme perc\u00e9e avec une \u00e9l\u00e9gance admirable et des habilet\u00e9s techniques am\u00e9lior\u00e9es. Sur le site Web du photographe Max Mencarelli, vous pouvez voir d\u2019<a href=\"https:\/\/www.maxmencarelli.com\/cerano-una-volta-i-carri-fioriti\/\">anciennes photos<\/a> de ces ann\u00e9es.<\/p>\n<p>L\u2019\u00e9v\u00e9nement fut ensuite oubli\u00e9 \u00e0 partir de 1967 jusqu\u2019en 1980.<\/p>\n<p>[\/et_pb_text][\/et_pb_column][\/et_pb_row][\/et_pb_section]<\/p>\n","protected":false},"excerpt":{"rendered":"<p>La tradition des chars floraux de Sanremo remonte \u00e0 l\u2019aube de la floriculture moderne, entre 1800 et 1900. La premi\u00e8re \u00e9dition que nous avons en m\u00e9moire est le \u00ab\u00a0Festa della Dea Flora\u00a0\u00bb (le festin de la d\u00e9esse Flora) de 1903, o\u00f9 les nouveaut\u00e9s de la floriculture de San Remo ornaient une parade \u00e9l\u00e9gante de chars [&hellip;]<\/p>\n","protected":false},"author":1,"featured_media":0,"parent":0,"menu_order":0,"comment_status":"closed","ping_status":"open","template":"","meta":{"_et_pb_use_builder":"on","_et_pb_old_content":"","_et_gb_content_width":"","footnotes":""},"yoast_head":"<!-- This site is optimized with the Yoast SEO plugin v21.9.1 - https:\/\/yoast.com\/wordpress\/plugins\/seo\/ -->\n<title>La parade des chars floraux de San Remo (1900 \u00e0 1966) | Sanremo Corso Fiorito 2026<\/title>\n<meta name=\"description\" content=\"La parade des chars floraux de Sanremo Corso Fiorito 2026 est n\u00e9e dans l\u2019\u00e2ge d&#039;or de la floriculture et de la Belle \u00c9poque\" \/>\n<meta name=\"robots\" content=\"index, follow, max-snippet:-1, max-image-preview:large, max-video-preview:-1\" \/>\n<link rel=\"canonical\" href=\"https:\/\/carnevalesanremo.it\/carri-fioriti-di-sanremo\/\" \/>\n<meta property=\"og:locale\" content=\"fr_FR\" \/>\n<meta property=\"og:type\" content=\"article\" \/>\n<meta property=\"og:title\" content=\"La parade des chars floraux de San Remo (1900 \u00e0 1966) | Sanremo Corso Fiorito 2026\" \/>\n<meta property=\"og:description\" content=\"La parade des chars floraux de Sanremo Corso Fiorito 2026 est n\u00e9e dans l\u2019\u00e2ge d&#039;or de la floriculture et de la Belle \u00c9poque\" \/>\n<meta property=\"og:url\" content=\"https:\/\/carnevalesanremo.it\/carri-fioriti-di-sanremo\/\" \/>\n<meta property=\"og:site_name\" content=\"Sanremo Corso Fiorito 2026\" \/>\n<meta property=\"article:modified_time\" content=\"2024-12-05T09:44:24+00:00\" \/>\n<meta name=\"twitter:label1\" content=\"Dur\u00e9e de lecture estim\u00e9e\" \/>\n\t<meta name=\"twitter:data1\" content=\"2 minutes\" \/>\n<script type=\"application\/ld+json\" class=\"yoast-schema-graph\">{\"@context\":\"https:\/\/schema.org\",\"@graph\":[{\"@type\":\"WebPage\",\"@id\":\"https:\/\/carnevalesanremo.it\/carri-fioriti-di-sanremo\/\",\"url\":\"https:\/\/carnevalesanremo.it\/carri-fioriti-di-sanremo\/\",\"name\":\"La parade des chars floraux de San Remo (1900 \u00e0 1966) | Sanremo Corso Fiorito 2026\",\"isPartOf\":{\"@id\":\"https:\/\/carnevalesanremo.it\/#website\"},\"datePublished\":\"2016-02-16T07:39:38+00:00\",\"dateModified\":\"2024-12-05T09:44:24+00:00\",\"description\":\"La parade des chars floraux de Sanremo Corso Fiorito 2026 est n\u00e9e dans l\u2019\u00e2ge d'or de la floriculture et de la Belle \u00c9poque\",\"breadcrumb\":{\"@id\":\"https:\/\/carnevalesanremo.it\/carri-fioriti-di-sanremo\/#breadcrumb\"},\"inLanguage\":\"fr-FR\",\"potentialAction\":[{\"@type\":\"ReadAction\",\"target\":[\"https:\/\/carnevalesanremo.it\/carri-fioriti-di-sanremo\/\"]}]},{\"@type\":\"BreadcrumbList\",\"@id\":\"https:\/\/carnevalesanremo.it\/carri-fioriti-di-sanremo\/#breadcrumb\",\"itemListElement\":[{\"@type\":\"ListItem\",\"position\":1,\"name\":\"Home\",\"item\":\"https:\/\/carnevalesanremo.it\/fr\/\"},{\"@type\":\"ListItem\",\"position\":2,\"name\":\"La parade des chars floraux de San Remo (1900 \u00e0 1966)\"}]},{\"@type\":\"WebSite\",\"@id\":\"https:\/\/carnevalesanremo.it\/#website\",\"url\":\"https:\/\/carnevalesanremo.it\/\",\"name\":\"Sanremo Corso Fiorito 2026\",\"description\":\"Chars Fleuri | Carnaval de San Remo 2026\",\"potentialAction\":[{\"@type\":\"SearchAction\",\"target\":{\"@type\":\"EntryPoint\",\"urlTemplate\":\"https:\/\/carnevalesanremo.it\/?s={search_term_string}\"},\"query-input\":\"required name=search_term_string\"}],\"inLanguage\":\"fr-FR\"}]}<\/script>\n<!-- \/ Yoast SEO plugin. -->","yoast_head_json":{"title":"La parade des chars floraux de San Remo (1900 \u00e0 1966) | Sanremo Corso Fiorito 2026","description":"La parade des chars floraux de Sanremo Corso Fiorito 2026 est n\u00e9e dans l\u2019\u00e2ge d'or de la floriculture et de la Belle \u00c9poque","robots":{"index":"index","follow":"follow","max-snippet":"max-snippet:-1","max-image-preview":"max-image-preview:large","max-video-preview":"max-video-preview:-1"},"canonical":"https:\/\/carnevalesanremo.it\/carri-fioriti-di-sanremo\/","og_locale":"fr_FR","og_type":"article","og_title":"La parade des chars floraux de San Remo (1900 \u00e0 1966) | Sanremo Corso Fiorito 2026","og_description":"La parade des chars floraux de Sanremo Corso Fiorito 2026 est n\u00e9e dans l\u2019\u00e2ge d'or de la floriculture et de la Belle \u00c9poque","og_url":"https:\/\/carnevalesanremo.it\/carri-fioriti-di-sanremo\/","og_site_name":"Sanremo Corso Fiorito 2026","article_modified_time":"2024-12-05T09:44:24+00:00","twitter_misc":{"Dur\u00e9e de lecture estim\u00e9e":"2 minutes"},"schema":{"@context":"https:\/\/schema.org","@graph":[{"@type":"WebPage","@id":"https:\/\/carnevalesanremo.it\/carri-fioriti-di-sanremo\/","url":"https:\/\/carnevalesanremo.it\/carri-fioriti-di-sanremo\/","name":"La parade des chars floraux de San Remo (1900 \u00e0 1966) | Sanremo Corso Fiorito 2026","isPartOf":{"@id":"https:\/\/carnevalesanremo.it\/#website"},"datePublished":"2016-02-16T07:39:38+00:00","dateModified":"2024-12-05T09:44:24+00:00","description":"La parade des chars floraux de Sanremo Corso Fiorito 2026 est n\u00e9e dans l\u2019\u00e2ge d'or de la floriculture et de la Belle \u00c9poque","breadcrumb":{"@id":"https:\/\/carnevalesanremo.it\/carri-fioriti-di-sanremo\/#breadcrumb"},"inLanguage":"fr-FR","potentialAction":[{"@type":"ReadAction","target":["https:\/\/carnevalesanremo.it\/carri-fioriti-di-sanremo\/"]}]},{"@type":"BreadcrumbList","@id":"https:\/\/carnevalesanremo.it\/carri-fioriti-di-sanremo\/#breadcrumb","itemListElement":[{"@type":"ListItem","position":1,"name":"Home","item":"https:\/\/carnevalesanremo.it\/fr\/"},{"@type":"ListItem","position":2,"name":"La parade des chars floraux de San Remo (1900 \u00e0 1966)"}]},{"@type":"WebSite","@id":"https:\/\/carnevalesanremo.it\/#website","url":"https:\/\/carnevalesanremo.it\/","name":"Sanremo Corso Fiorito 2026","description":"Chars Fleuri | Carnaval de San Remo 2026","potentialAction":[{"@type":"SearchAction","target":{"@type":"EntryPoint","urlTemplate":"https:\/\/carnevalesanremo.it\/?s={search_term_string}"},"query-input":"required name=search_term_string"}],"inLanguage":"fr-FR"}]}},"_links":{"self":[{"href":"https:\/\/carnevalesanremo.it\/fr\/wp-json\/wp\/v2\/pages\/29859"}],"collection":[{"href":"https:\/\/carnevalesanremo.it\/fr\/wp-json\/wp\/v2\/pages"}],"about":[{"href":"https:\/\/carnevalesanremo.it\/fr\/wp-json\/wp\/v2\/types\/page"}],"author":[{"embeddable":true,"href":"https:\/\/carnevalesanremo.it\/fr\/wp-json\/wp\/v2\/users\/1"}],"replies":[{"embeddable":true,"href":"https:\/\/carnevalesanremo.it\/fr\/wp-json\/wp\/v2\/comments?post=29859"}],"version-history":[{"count":4,"href":"https:\/\/carnevalesanremo.it\/fr\/wp-json\/wp\/v2\/pages\/29859\/revisions"}],"predecessor-version":[{"id":237327,"href":"https:\/\/carnevalesanremo.it\/fr\/wp-json\/wp\/v2\/pages\/29859\/revisions\/237327"}],"wp:attachment":[{"href":"https:\/\/carnevalesanremo.it\/fr\/wp-json\/wp\/v2\/media?parent=29859"}],"curies":[{"name":"wp","href":"https:\/\/api.w.org\/{rel}","templated":true}]}}